{"id":377,"date":"2026-04-19T06:14:10","date_gmt":"2026-04-19T06:14:10","guid":{"rendered":"https:\/\/bepcovy.azdigi.shop\/?post_type=product&#038;p=377"},"modified":"2026-04-19T06:14:10","modified_gmt":"2026-04-19T06:14:10","slug":"banh-mi-kem-pho-mai-nam-viet-quat","status":"publish","type":"product","link":"https:\/\/bepcovy.azdigi.shop\/index.php\/san-pham\/banh-mi-kem-pho-mai-nam-viet-quat\/","title":{"rendered":"B\u00e1nh M\u00ec Kem Ph\u00f4 mai Nam Vi\u1ec7t Qu\u1ea5t"},"content":{"rendered":"<h2 data-section-id=\"9r9f7d\" data-start=\"410\" data-end=\"465\"><span role=\"text\"><strong data-start=\"413\" data-end=\"465\">B\u00e1nh m\u00ec kem ph\u00f4 mai nam vi\u1ec7t qu\u1ea5t m\u1ec1m m\u1ecbn, d\u1ec5 \u0103n<\/strong><\/span><\/h2>\n<p data-start=\"467\" data-end=\"725\">B\u00e1nh m\u00ec kem ph\u00f4 mai nam vi\u1ec7t qu\u1ea5t l\u00e0 l\u1ef1a ch\u1ecdn l\u00fd t\u01b0\u1edfng cho nh\u1eefng ai y\u00eau th\u00edch c\u00e1c lo\u1ea1i b\u00e1nh c\u00f3 h\u01b0\u01a1ng v\u1ecb nh\u1eb9 nh\u00e0ng, kh\u00f4ng qu\u00e1 ng\u1ecdt. V\u1edbi l\u1edbp b\u00e1nh m\u00ec m\u1ec1m x\u1ed1p k\u1ebft h\u1ee3p c\u00f9ng ph\u1ea7n nh\u00e2n kem m\u1ecbn m\u00e0ng, s\u1ea3n ph\u1ea9m mang \u0111\u1ebfn c\u1ea3m gi\u00e1c ngon mi\u1ec7ng ngay t\u1eeb l\u1ea7n \u0111\u1ea7u th\u01b0\u1edfng th\u1ee9c.<\/p>\n<p data-start=\"727\" data-end=\"964\">\u0110i\u1ec3m \u0111\u1eb7c bi\u1ec7t c\u1ee7a chi\u1ebfc b\u00e1nh n\u1eb1m \u1edf s\u1ef1 c\u00e2n b\u1eb1ng h\u01b0\u01a1ng v\u1ecb. L\u1edbp kem ph\u00f4 mai b\u00e9o nh\u1eb9 \u0111\u01b0\u1ee3c \u0111\u00e1nh b\u00f4ng v\u1eeba ph\u1ea3i, kh\u00f4ng g\u00e2y c\u1ea3m gi\u00e1c ng\u1ea5y. Khi k\u1ebft h\u1ee3p c\u00f9ng s\u1ed1t nam vi\u1ec7t qu\u1ea5t c\u00f3 v\u1ecb chua thanh, t\u1ed5ng th\u1ec3 b\u00e1nh tr\u1edf n\u00ean h\u00e0i h\u00f2a v\u00e0 d\u1ec5 \u0103n h\u01a1n r\u1ea5t nhi\u1ec1u.<\/p>\n<h2 data-section-id=\"3q6v3k\" data-start=\"966\" data-end=\"1030\"><span role=\"text\"><strong data-start=\"969\" data-end=\"1030\">H\u01b0\u01a1ng v\u1ecb m\u00f3n \u0103n c\u00f3 g\u00ec n\u1ed5i b\u1eadt?<\/strong><\/span><\/h2>\n<p data-start=\"1032\" data-end=\"1198\">Kh\u00f4ng ch\u1ec9 ngon \u1edf ph\u1ea7n nh\u00e2n, l\u1edbp b\u00e1nh b\u00ean ngo\u00e0i c\u0169ng \u0111\u01b0\u1ee3c ch\u0103m ch\u00fat k\u1ef9 l\u01b0\u1ee1ng. B\u00e1nh \u0111\u01b0\u1ee3c n\u01b0\u1edbng v\u1eeba t\u1edbi \u0111\u1ec3 gi\u1eef \u0111\u01b0\u1ee3c \u0111\u1ed9 m\u1ec1m v\u00e0 \u0111\u1ed9 \u1ea9m, gi\u00fap t\u1eebng mi\u1ebfng b\u00e1nh lu\u00f4n t\u01b0\u01a1i ngon.<\/p>\n<p data-start=\"1200\" data-end=\"1373\">S\u1ef1 k\u1ebft h\u1ee3p gi\u1eefa v\u1ecb b\u00e9o c\u1ee7a ph\u00f4 mai v\u00e0 v\u1ecb chua ng\u1ecdt t\u1eeb nam vi\u1ec7t qu\u1ea5t t\u1ea1o n\u00ean m\u1ed9t h\u01b0\u01a1ng v\u1ecb \u0111\u1eb7c tr\u01b0ng, ph\u00f9 h\u1ee3p v\u1edbi nhi\u1ec1u \u0111\u1ed1i t\u01b0\u1ee3ng, k\u1ec3 c\u1ea3 nh\u1eefng ng\u01b0\u1eddi kh\u00f4ng th\u00edch b\u00e1nh qu\u00e1 ng\u1ecdt.<\/p>\n<h2 data-section-id=\"1iqx0uh\" data-start=\"1375\" data-end=\"1411\"><span role=\"text\"><strong data-start=\"1378\" data-end=\"1411\">Ph\u00f9 h\u1ee3p cho nhi\u1ec1u d\u1ecbp s\u1eed d\u1ee5ng<\/strong><\/span><\/h2>\n<p data-start=\"1413\" data-end=\"1618\">B\u00e1nh c\u00f3 th\u1ec3 d\u00f9ng l\u00e0m b\u1eefa s\u00e1ng nhanh g\u1ecdn, b\u1eefa x\u1ebf nh\u1eb9 ho\u1eb7c \u0103n k\u00e8m v\u1edbi tr\u00e0 v\u00e0 c\u00e0 ph\u00ea. Nh\u1edd thi\u1ebft k\u1ebf nh\u1ecf g\u1ecdn, ti\u1ec7n l\u1ee3i, b\u1ea1n c\u00f3 th\u1ec3 d\u1ec5 d\u00e0ng mang theo khi \u0111i h\u1ecdc, \u0111i l\u00e0m ho\u1eb7c \u0111i ch\u01a1i.<\/p>\n<h2 data-section-id=\"o9khn2\" data-start=\"1620\" data-end=\"1645\"><span role=\"text\"><strong data-start=\"1623\" data-end=\"1645\">C\u00e1ch b\u1ea3o qu\u1ea3n b\u00e1nh<\/strong><\/span><\/h2>\n<p data-start=\"1647\" data-end=\"1812\">\u0110\u1ec3 gi\u1eef \u0111\u01b0\u1ee3c h\u01b0\u01a1ng v\u1ecb t\u1ed1t nh\u1ea5t, n\u00ean s\u1eed d\u1ee5ng b\u00e1nh trong ng\u00e0y. N\u1ebfu ch\u01b0a d\u00f9ng ngay, b\u1ea1n c\u00f3 th\u1ec3 b\u1ea3o qu\u1ea3n trong ng\u0103n m\u00e1t t\u1ee7 l\u1ea1nh \u0111\u1ec3 gi\u1eef \u0111\u1ed9 t\u01b0\u01a1i v\u00e0 ch\u1ea5t l\u01b0\u1ee3ng c\u1ee7a s\u1ea3n ph\u1ea9m.<\/p>\n<p data-start=\"1234\" data-end=\"1381\" data-is-last-node=\"\" data-is-only-node=\"\"><a href=\"https:\/\/cailonuong.com\/menu\/banh-mi-kem-pho-mai-nam-viet-quat\/\">Xem th\u00eam<\/a><\/p>\n<p data-start=\"1234\" data-end=\"1381\" data-is-last-node=\"\" data-is-only-node=\"\"><a href=\"https:\/\/bepcovy.azdigi.shop\/\">Mua ngay<\/a><\/p>\n","protected":false},"excerpt":{"rendered":"<p>B\u00e1nh m\u00ec kem ph\u00f4 mai nam vi\u1ec7t qu\u1ea5t m\u1ec1m m\u1ecbn, d\u1ec5 \u0103n B\u00e1nh m\u00ec kem ph\u00f4 mai nam vi\u1ec7t qu\u1ea5t l\u00e0 l\u1ef1a ch\u1ecdn l\u00fd t\u01b0\u1edfng cho nh\u1eefng ai y\u00eau th\u00edch c\u00e1c lo\u1ea1i b\u00e1nh c\u00f3 h\u01b0\u01a1ng v\u1ecb nh\u1eb9 nh\u00e0ng, kh\u00f4ng qu\u00e1 ng\u1ecdt. V\u1edbi l\u1edbp b\u00e1nh m\u00ec m\u1ec1m x\u1ed1p k\u1ebft h\u1ee3p c\u00f9ng ph\u1ea7n nh\u00e2n kem m\u1ecbn m\u00e0ng, [&#8230;]\n","protected":false},"featured_media":351,"comment_status":"open","ping_status":"closed","template":"","meta":[],"product_brand":[],"product_cat":[21],"product_tag":[],"class_list":{"0":"post-377","1":"product","2":"type-product","3":"status-publish","4":"has-post-thumbnail","6":"product_cat-banh-nuong","8":"first","9":"instock","10":"shipping-taxable","11":"purchasable","12":"product-type-simple"},"yoast_head":"<!-- This site is optimized with the Yoast SEO plugin v27.1.1 - https:\/\/yoast.com\/product\/yoast-seo-wordpress\/ -->\n<title>B\u00e1nh M\u00ec Kem Ph\u00f4 mai Nam Vi\u1ec7t Qu\u1ea5t - B\u1ebfp C\u00f4 Vy<\/title>\n<meta name=\"description\" content=\"Th\u01b0\u1edfng th\u1ee9c b\u00e1nh m\u00ec kem ph\u00f4 mai nam vi\u1ec7t qu\u1ea5t m\u1ec1m m\u1ecbn, b\u00e9o nh\u1eb9, k\u1ebft h\u1ee3p v\u1ecb chua ng\u1ecdt h\u00e0i h\u00f2a. L\u1ef1a ch\u1ecdn ho\u00e0n h\u1ea3o cho b\u1eefa s\u00e1ng v\u00e0 \u0103n nh\u1eb9 m\u1ed7i ng\u00e0y.\" \/>\n<meta name=\"robots\" content=\"index, follow, max-snippet:-1, max-image-preview:large, max-video-preview:-1\" \/>\n<link rel=\"canonical\" href=\"https:\/\/bepcovy.azdigi.shop\/index.php\/san-pham\/banh-mi-kem-pho-mai-nam-viet-quat\/\" \/>\n<meta property=\"og:locale\" content=\"vi_VN\" \/>\n<meta property=\"og:type\" content=\"article\" \/>\n<meta property=\"og:title\" content=\"B\u00e1nh M\u00ec Kem Ph\u00f4 mai Nam Vi\u1ec7t Qu\u1ea5t - B\u1ebfp C\u00f4 Vy\" \/>\n<meta property=\"og:description\" content=\"Th\u01b0\u1edfng th\u1ee9c b\u00e1nh m\u00ec kem ph\u00f4 mai nam vi\u1ec7t qu\u1ea5t m\u1ec1m m\u1ecbn, b\u00e9o nh\u1eb9, k\u1ebft h\u1ee3p v\u1ecb chua ng\u1ecdt h\u00e0i h\u00f2a. L\u1ef1a ch\u1ecdn ho\u00e0n h\u1ea3o cho b\u1eefa s\u00e1ng v\u00e0 \u0103n nh\u1eb9 m\u1ed7i ng\u00e0y.\" \/>\n<meta property=\"og:url\" content=\"https:\/\/bepcovy.azdigi.shop\/index.php\/san-pham\/banh-mi-kem-pho-mai-nam-viet-quat\/\" \/>\n<meta property=\"og:site_name\" content=\"B\u1ebfp C\u00f4 Vy\" \/>\n<meta property=\"og:image\" content=\"https:\/\/bepcovy.azdigi.shop\/wp-content\/uploads\/2026\/04\/banhnuong1041-1-2.jpg\" \/>\n\t<meta property=\"og:image:width\" content=\"507\" \/>\n\t<meta property=\"og:image:height\" content=\"760\" \/>\n\t<meta property=\"og:image:type\" content=\"image\/jpeg\" \/>\n<meta name=\"twitter:card\" content=\"summary_large_image\" \/>\n<meta name=\"twitter:label1\" content=\"\u01af\u1edbc t\u00ednh th\u1eddi gian \u0111\u1ecdc\" \/>\n\t<meta name=\"twitter:data1\" content=\"2 ph\u00fat\" \/>\n<script type=\"application\/ld+json\" class=\"yoast-schema-graph\">{\"@context\":\"https:\/\/schema.org\",\"@graph\":[{\"@type\":\"WebPage\",\"@id\":\"https:\/\/bepcovy.azdigi.shop\/index.php\/san-pham\/banh-mi-kem-pho-mai-nam-viet-quat\/\",\"url\":\"https:\/\/bepcovy.azdigi.shop\/index.php\/san-pham\/banh-mi-kem-pho-mai-nam-viet-quat\/\",\"name\":\"B\u00e1nh M\u00ec Kem Ph\u00f4 mai Nam Vi\u1ec7t Qu\u1ea5t - B\u1ebfp C\u00f4 Vy\",\"isPartOf\":{\"@id\":\"https:\/\/bepcovy.azdigi.shop\/#website\"},\"primaryImageOfPage\":{\"@id\":\"https:\/\/bepcovy.azdigi.shop\/index.php\/san-pham\/banh-mi-kem-pho-mai-nam-viet-quat\/#primaryimage\"},\"image\":{\"@id\":\"https:\/\/bepcovy.azdigi.shop\/index.php\/san-pham\/banh-mi-kem-pho-mai-nam-viet-quat\/#primaryimage\"},\"thumbnailUrl\":\"https:\/\/bepcovy.azdigi.shop\/wp-content\/uploads\/2026\/04\/banhnuong1041-1-2.jpg\",\"datePublished\":\"2026-04-19T06:14:10+00:00\",\"description\":\"Th\u01b0\u1edfng th\u1ee9c b\u00e1nh m\u00ec kem ph\u00f4 mai nam vi\u1ec7t qu\u1ea5t m\u1ec1m m\u1ecbn, b\u00e9o nh\u1eb9, k\u1ebft h\u1ee3p v\u1ecb chua ng\u1ecdt h\u00e0i h\u00f2a. L\u1ef1a ch\u1ecdn ho\u00e0n h\u1ea3o cho b\u1eefa s\u00e1ng v\u00e0 \u0103n nh\u1eb9 m\u1ed7i ng\u00e0y.\",\"breadcrumb\":{\"@id\":\"https:\/\/bepcovy.azdigi.shop\/index.php\/san-pham\/banh-mi-kem-pho-mai-nam-viet-quat\/#breadcrumb\"},\"inLanguage\":\"vi\",\"potentialAction\":[{\"@type\":\"ReadAction\",\"target\":[\"https:\/\/bepcovy.azdigi.shop\/index.php\/san-pham\/banh-mi-kem-pho-mai-nam-viet-quat\/\"]}]},{\"@type\":\"ImageObject\",\"inLanguage\":\"vi\",\"@id\":\"https:\/\/bepcovy.azdigi.shop\/index.php\/san-pham\/banh-mi-kem-pho-mai-nam-viet-quat\/#primaryimage\",\"url\":\"https:\/\/bepcovy.azdigi.shop\/wp-content\/uploads\/2026\/04\/banhnuong1041-1-2.jpg\",\"contentUrl\":\"https:\/\/bepcovy.azdigi.shop\/wp-content\/uploads\/2026\/04\/banhnuong1041-1-2.jpg\",\"width\":507,\"height\":760},{\"@type\":\"BreadcrumbList\",\"@id\":\"https:\/\/bepcovy.azdigi.shop\/index.php\/san-pham\/banh-mi-kem-pho-mai-nam-viet-quat\/#breadcrumb\",\"itemListElement\":[{\"@type\":\"ListItem\",\"position\":1,\"name\":\"Trang ch\u1ee7\",\"item\":\"https:\/\/bepcovy.azdigi.shop\/\"},{\"@type\":\"ListItem\",\"position\":2,\"name\":\"C\u1eeda h\u00e0ng\",\"item\":\"https:\/\/bepcovy.azdigi.shop\/index.php\/cua-hang\/\"},{\"@type\":\"ListItem\",\"position\":3,\"name\":\"B\u00e1nh M\u00ec Kem Ph\u00f4 mai Nam Vi\u1ec7t Qu\u1ea5t\"}]},{\"@type\":\"WebSite\",\"@id\":\"https:\/\/bepcovy.azdigi.shop\/#website\",\"url\":\"https:\/\/bepcovy.azdigi.shop\/\",\"name\":\"B\u1ebfp C\u00f4 Vy\",\"description\":\"\",\"potentialAction\":[{\"@type\":\"SearchAction\",\"target\":{\"@type\":\"EntryPoint\",\"urlTemplate\":\"https:\/\/bepcovy.azdigi.shop\/?s={search_term_string}\"},\"query-input\":{\"@type\":\"PropertyValueSpecification\",\"valueRequired\":true,\"valueName\":\"search_term_string\"}}],\"inLanguage\":\"vi\"}]}<\/script>\n<!-- \/ Yoast SEO plugin. -->","yoast_head_json":{"title":"B\u00e1nh M\u00ec Kem Ph\u00f4 mai Nam Vi\u1ec7t Qu\u1ea5t - B\u1ebfp C\u00f4 Vy","description":"Th\u01b0\u1edfng th\u1ee9c b\u00e1nh m\u00ec kem ph\u00f4 mai nam vi\u1ec7t qu\u1ea5t m\u1ec1m m\u1ecbn, b\u00e9o nh\u1eb9, k\u1ebft h\u1ee3p v\u1ecb chua ng\u1ecdt h\u00e0i h\u00f2a. L\u1ef1a ch\u1ecdn ho\u00e0n h\u1ea3o cho b\u1eefa s\u00e1ng v\u00e0 \u0103n nh\u1eb9 m\u1ed7i ng\u00e0y.","robots":{"index":"index","follow":"follow","max-snippet":"max-snippet:-1","max-image-preview":"max-image-preview:large","max-video-preview":"max-video-preview:-1"},"canonical":"https:\/\/bepcovy.azdigi.shop\/index.php\/san-pham\/banh-mi-kem-pho-mai-nam-viet-quat\/","og_locale":"vi_VN","og_type":"article","og_title":"B\u00e1nh M\u00ec Kem Ph\u00f4 mai Nam Vi\u1ec7t Qu\u1ea5t - B\u1ebfp C\u00f4 Vy","og_description":"Th\u01b0\u1edfng th\u1ee9c b\u00e1nh m\u00ec kem ph\u00f4 mai nam vi\u1ec7t qu\u1ea5t m\u1ec1m m\u1ecbn, b\u00e9o nh\u1eb9, k\u1ebft h\u1ee3p v\u1ecb chua ng\u1ecdt h\u00e0i h\u00f2a. L\u1ef1a ch\u1ecdn ho\u00e0n h\u1ea3o cho b\u1eefa s\u00e1ng v\u00e0 \u0103n nh\u1eb9 m\u1ed7i ng\u00e0y.","og_url":"https:\/\/bepcovy.azdigi.shop\/index.php\/san-pham\/banh-mi-kem-pho-mai-nam-viet-quat\/","og_site_name":"B\u1ebfp C\u00f4 Vy","og_image":[{"width":507,"height":760,"url":"https:\/\/bepcovy.azdigi.shop\/wp-content\/uploads\/2026\/04\/banhnuong1041-1-2.jpg","type":"image\/jpeg"}],"twitter_card":"summary_large_image","twitter_misc":{"\u01af\u1edbc t\u00ednh th\u1eddi gian \u0111\u1ecdc":"2 ph\u00fat"},"schema":{"@context":"https:\/\/schema.org","@graph":[{"@type":"WebPage","@id":"https:\/\/bepcovy.azdigi.shop\/index.php\/san-pham\/banh-mi-kem-pho-mai-nam-viet-quat\/","url":"https:\/\/bepcovy.azdigi.shop\/index.php\/san-pham\/banh-mi-kem-pho-mai-nam-viet-quat\/","name":"B\u00e1nh M\u00ec Kem Ph\u00f4 mai Nam Vi\u1ec7t Qu\u1ea5t - B\u1ebfp C\u00f4 Vy","isPartOf":{"@id":"https:\/\/bepcovy.azdigi.shop\/#website"},"primaryImageOfPage":{"@id":"https:\/\/bepcovy.azdigi.shop\/index.php\/san-pham\/banh-mi-kem-pho-mai-nam-viet-quat\/#primaryimage"},"image":{"@id":"https:\/\/bepcovy.azdigi.shop\/index.php\/san-pham\/banh-mi-kem-pho-mai-nam-viet-quat\/#primaryimage"},"thumbnailUrl":"https:\/\/bepcovy.azdigi.shop\/wp-content\/uploads\/2026\/04\/banhnuong1041-1-2.jpg","datePublished":"2026-04-19T06:14:10+00:00","description":"Th\u01b0\u1edfng th\u1ee9c b\u00e1nh m\u00ec kem ph\u00f4 mai nam vi\u1ec7t qu\u1ea5t m\u1ec1m m\u1ecbn, b\u00e9o nh\u1eb9, k\u1ebft h\u1ee3p v\u1ecb chua ng\u1ecdt h\u00e0i h\u00f2a. L\u1ef1a ch\u1ecdn ho\u00e0n h\u1ea3o cho b\u1eefa s\u00e1ng v\u00e0 \u0103n nh\u1eb9 m\u1ed7i ng\u00e0y.","breadcrumb":{"@id":"https:\/\/bepcovy.azdigi.shop\/index.php\/san-pham\/banh-mi-kem-pho-mai-nam-viet-quat\/#breadcrumb"},"inLanguage":"vi","potentialAction":[{"@type":"ReadAction","target":["https:\/\/bepcovy.azdigi.shop\/index.php\/san-pham\/banh-mi-kem-pho-mai-nam-viet-quat\/"]}]},{"@type":"ImageObject","inLanguage":"vi","@id":"https:\/\/bepcovy.azdigi.shop\/index.php\/san-pham\/banh-mi-kem-pho-mai-nam-viet-quat\/#primaryimage","url":"https:\/\/bepcovy.azdigi.shop\/wp-content\/uploads\/2026\/04\/banhnuong1041-1-2.jpg","contentUrl":"https:\/\/bepcovy.azdigi.shop\/wp-content\/uploads\/2026\/04\/banhnuong1041-1-2.jpg","width":507,"height":760},{"@type":"BreadcrumbList","@id":"https:\/\/bepcovy.azdigi.shop\/index.php\/san-pham\/banh-mi-kem-pho-mai-nam-viet-quat\/#breadcrumb","itemListElement":[{"@type":"ListItem","position":1,"name":"Trang ch\u1ee7","item":"https:\/\/bepcovy.azdigi.shop\/"},{"@type":"ListItem","position":2,"name":"C\u1eeda h\u00e0ng","item":"https:\/\/bepcovy.azdigi.shop\/index.php\/cua-hang\/"},{"@type":"ListItem","position":3,"name":"B\u00e1nh M\u00ec Kem Ph\u00f4 mai Nam Vi\u1ec7t Qu\u1ea5t"}]},{"@type":"WebSite","@id":"https:\/\/bepcovy.azdigi.shop\/#website","url":"https:\/\/bepcovy.azdigi.shop\/","name":"B\u1ebfp C\u00f4 Vy","description":"","potentialAction":[{"@type":"SearchAction","target":{"@type":"EntryPoint","urlTemplate":"https:\/\/bepcovy.azdigi.shop\/?s={search_term_string}"},"query-input":{"@type":"PropertyValueSpecification","valueRequired":true,"valueName":"search_term_string"}}],"inLanguage":"vi"}]}},"_links":{"self":[{"href":"https:\/\/bepcovy.azdigi.shop\/index.php\/wp-json\/wp\/v2\/product\/377","targetHints":{"allow":["GET"]}}],"collection":[{"href":"https:\/\/bepcovy.azdigi.shop\/index.php\/wp-json\/wp\/v2\/product"}],"about":[{"href":"https:\/\/bepcovy.azdigi.shop\/index.php\/wp-json\/wp\/v2\/types\/product"}],"replies":[{"embeddable":true,"href":"https:\/\/bepcovy.azdigi.shop\/index.php\/wp-json\/wp\/v2\/comments?post=377"}],"wp:featuredmedia":[{"embeddable":true,"href":"https:\/\/bepcovy.azdigi.shop\/index.php\/wp-json\/wp\/v2\/media\/351"}],"wp:attachment":[{"href":"https:\/\/bepcovy.azdigi.shop\/index.php\/wp-json\/wp\/v2\/media?parent=377"}],"wp:term":[{"taxonomy":"product_brand","embeddable":true,"href":"https:\/\/bepcovy.azdigi.shop\/index.php\/wp-json\/wp\/v2\/product_brand?post=377"},{"taxonomy":"product_cat","embeddable":true,"href":"https:\/\/bepcovy.azdigi.shop\/index.php\/wp-json\/wp\/v2\/product_cat?post=377"},{"taxonomy":"product_tag","embeddable":true,"href":"https:\/\/bepcovy.azdigi.shop\/index.php\/wp-json\/wp\/v2\/product_tag?post=377"}],"curies":[{"name":"wp","href":"https:\/\/api.w.org\/{rel}","templated":true}]}}