{"id":244,"date":"2026-04-10T18:20:45","date_gmt":"2026-04-10T18:20:45","guid":{"rendered":"https:\/\/bepcovy.azdigi.shop\/?post_type=product&#038;p=244"},"modified":"2026-04-10T18:20:45","modified_gmt":"2026-04-10T18:20:45","slug":"sweetin-tiramisu-classic","status":"publish","type":"product","link":"https:\/\/bepcovy.azdigi.shop\/index.php\/san-pham\/sweetin-tiramisu-classic\/","title":{"rendered":"Sweetin \u2013 Tiramisu Classic"},"content":{"rendered":"<p data-start=\"622\" data-end=\"870\">B\u00e1nh Tiramisu Classic l\u00e0 l\u1ef1a ch\u1ecdn ho\u00e0n h\u1ea3o d\u00e0nh cho nh\u1eefng t\u00edn \u0111\u1ed3 y\u00eau th\u00edch h\u01b0\u01a1ng v\u1ecb tiramisu truy\u1ec1n th\u1ed1ng. V\u1edbi s\u1ef1 h\u00f2a quy\u1ec7n gi\u1eefa v\u1ecb b\u00e9o nh\u1eb9, ng\u1ecdt d\u1ecbu v\u00e0 \u0111\u1eadm v\u1ecb socola, chi\u1ebfc b\u00e1nh mang \u0111\u1ebfn c\u1ea3m gi\u00e1c tinh t\u1ebf v\u00e0 h\u1ea5p d\u1eabn ngay t\u1eeb l\u1ea7n \u0111\u1ea7u th\u01b0\u1edfng th\u1ee9c.<\/p>\n<p data-start=\"872\" data-end=\"1092\">\u0110i\u1ec3m n\u1ed5i b\u1eadt c\u1ee7a b\u00e1nh Tiramisu Classic n\u1eb1m \u1edf c\u1ea5u tr\u00fac nhi\u1ec1u l\u1edbp m\u1ec1m m\u1ecbn v\u00e0 h\u00e0i h\u00f2a. B\u00e1nh \u0111\u01b0\u1ee3c ph\u1ee7 l\u1edbp b\u1ed9t cacao b\u00ean tr\u00ean, t\u1ea1o \u0111i\u1ec3m nh\u1ea5n \u0111\u1eb7c tr\u01b0ng cho phong c\u00e1ch tiramisu c\u1ed5 \u0111i\u1ec3n v\u00e0 t\u0103ng th\u00eam h\u01b0\u01a1ng v\u1ecb socola th\u01a1m \u0111\u1eadm.<\/p>\n<p data-start=\"1094\" data-end=\"1387\">Ph\u1ea7n th\u00e2n b\u00e1nh g\u1ed3m hai l\u1edbp b\u1ea1t b\u00e1nh b\u00f4ng lan vani m\u1ec1m x\u1ed1p, \u0111\u01b0\u1ee3c th\u1ea5m \u0111\u1ec1u c\u00e0 ph\u00ea h\u00f2a c\u00f9ng r\u01b0\u1ee3u Kahlua, mang \u0111\u1ebfn h\u01b0\u01a1ng th\u01a1m n\u1ed3ng nh\u1eb9 v\u00e0 v\u1ecb \u0111\u1eadm \u0111\u00e0 \u0111\u1ea7y l\u00f4i cu\u1ed1n. Xen gi\u1eefa c\u00e1c l\u1edbp b\u00e1nh l\u00e0 mousse tiramisu m\u1ec1m m\u1ecbn, b\u00e9o nh\u1eb9 v\u00e0 tan ngay trong mi\u1ec7ng, gi\u00fap t\u1ed5ng th\u1ec3 h\u01b0\u01a1ng v\u1ecb th\u00eam c\u00e2n b\u1eb1ng v\u00e0 h\u1ea5p d\u1eabn.<\/p>\n<p data-start=\"1389\" data-end=\"1628\">B\u00e1nh Tiramisu Classic n\u00ean \u0111\u01b0\u1ee3c b\u1ea3o qu\u1ea3n l\u1ea1nh tr\u01b0\u1edbc khi th\u01b0\u1edfng th\u1ee9c \u0111\u1ec3 c\u1ea3m nh\u1eadn tr\u1ecdn v\u1eb9n \u0111\u1ed9 m\u1ec1m m\u01b0\u1ee3t v\u00e0 h\u01b0\u01a1ng v\u1ecb tinh t\u1ebf nh\u1ea5t. \u0110\u00e2y l\u00e0 m\u00f3n b\u00e1nh l\u00fd t\u01b0\u1edfng cho nh\u1eefng bu\u1ed5i ti\u1ec7c nh\u1ecf, l\u00e0m qu\u00e0 t\u1eb7ng ho\u1eb7c th\u01b0\u1edfng th\u1ee9c nh\u01b0 m\u00f3n tr\u00e1ng mi\u1ec7ng m\u1ed7i ng\u00e0y.<\/p>\n<p><strong>H\u01b0\u01a1ng v\u1ecb:<\/strong>\u00a0B\u00e9o nh\u1eb9 \u2013 ng\u1ecdt d\u1ecbu \u2013 \u0111\u1eadm v\u1ecb socola<\/p>\n<p><strong>C\u1ea5u tr\u00fac b\u00e1nh:<\/strong><\/p>\n<ul>\n<li>B\u00e1nh \u0111\u01b0\u1ee3c ph\u1ee7 l\u1edbp b\u1ed9t .<\/li>\n<li>B\u00e1nh g\u1ed3m 2 l\u1edbp b\u1ea1t b\u00e1nh b\u00f4ng lan vani th\u1ea5m c\u00e0 ph\u00ea h\u00f2a c\u00f9ng r\u01b0\u1ee3u Kahlua<\/li>\n<li>\n<div data-zone-id=\"0\" data-line-index=\"0\" data-line=\"true\">\u0110an xen gi\u1eefa c\u00e1c l\u1edbp b\u1ea1t b\u00e1nh l\u00e0 l\u1edbp mousse tiramisu m\u1ec1m m\u1ecbn<\/div>\n<\/li>\n<\/ul>\n<div data-zone-id=\"0\" data-line-index=\"0\" data-line=\"true\"><strong>B\u1ea3o qu\u1ea3n:<\/strong>\u00a0B\u00e1nh n\u00ean \u0111\u01b0\u1ee3c d\u00f9ng trong ng\u00e0y v\u00e0 ngon h\u01a1n khi b\u1ea3o qu\u1ea3n l\u1ea1nh tr\u01b0\u1edbc khi th\u01b0\u1edfng th\u1ee9c.<\/div>\n<p><strong>Ph\u1ee5 ki\u1ec7n t\u1eb7ng k\u00e8m:<\/strong><\/p>\n<p>+ 1 th\u00eca l\u00e1 b\u1ea1c<\/p>\n<p><a href=\"https:\/\/bepcovy.azdigi.shop\/index.php\/cua-hang\/page\/2\/\">Mua ngay<\/a><\/p>\n<p><a href=\"https:\/\/cailonuong.com\/menu\/sweetin-tiramisu-classic\/\">Xem th\u00eam<\/a><\/p>\n","protected":false},"excerpt":{"rendered":"<p>M\u1ed9t chi\u1ebfc tiramisu \u0111\u00fang ngh\u0129a kh\u00f4ng c\u1ea7n c\u1ea7u k\u1ef3 ch\u1ec9 c\u1ea7n \u0111\u00fang v\u1ecb. Phi\u00ean b\u1ea3n classic n\u00e0y gi\u1eef tr\u1ecdn tinh th\u1ea7n truy\u1ec1n th\u1ed1ng c\u1ee7a Tiramisu v\u1edbi hai l\u1edbp b\u1ea1t b\u00e1nh b\u00f4ng lan vani m\u1ec1m nh\u1eb9, th\u1ea5m \u0111\u1ec1u c\u00e0 ph\u00ea \u0111en h\u00f2a c\u00f9ng r\u01b0\u1ee3u Kahlua, t\u1ea1o n\u00ean n\u1ec1n h\u01b0\u01a1ng \u0111\u1eadm \u0111\u00e0, s\u00e2u v\u00e0 r\u00f5 n\u00e9t.<\/p>\n<p>\u1ede gi\u1eefa l\u00e0 l\u1edbp mousse tiramisu m\u1ecbn m\u01b0\u1ee3t, k\u1ebft h\u1ee3p t\u1eeb tr\u1ee9ng g\u00e0 t\u01b0\u01a1i v\u00e0 ph\u00f4 mai mascarpone b\u00e9o nh\u1eb9, \u0111i\u1ec3m xuy\u1ebft th\u00eam ch\u00fat Kahlua t\u1ea1o n\u00ean \u0111\u1ed9 m\u01b0\u1ee3t m\u00e0, tan ch\u1ea3y, c\u00e2n b\u1eb1ng ho\u00e0n h\u1ea3o v\u1edbi v\u1ecb \u0111\u1eafng thanh t\u1eeb l\u1edbp b\u1ed9t cacao ph\u1ee7 m\u1ecbn tr\u00ean b\u1ec1 m\u1eb7t. T\u1ea5t c\u1ea3 \u0111\u01b0\u1ee3c ho\u00e0n thi\u1ec7n b\u1eb1ng m\u1ed9t l\u1edbp b\u1ed9t cacao ph\u1ee7 tr\u00ean b\u1ec1 m\u1eb7t \u0111\u1eafng nh\u1eb9, kh\u00f4 r\u00e1o, c\u00e2n b\u1eb1ng l\u1ea1i t\u1ed5ng th\u1ec3 v\u1ecb ng\u1ecdt v\u00e0 b\u00e9o.<\/p>\n<p>Kh\u00f4ng bi\u1ebfn t\u1ea5u, kh\u00f4ng ph\u00f4 tr\u01b0\u01a1ng, ch\u1ec9 l\u00e0 m\u1ed9t chi\u1ebfc tiramisu gi\u1eef \u0111\u00fang c\u00e1i ch\u1ea5t c\u1ed5 \u0111i\u1ec3n: r\u00f5 v\u1ecb c\u00e0 ph\u00ea, b\u00e9o m\u1ecbn v\u1eeba \u0111\u1ee7, v\u00e0 d\u01b0 v\u1ecb \u0111\u1ecdng l\u1ea1i \u0111\u1ee7 l\u00e2u \u0111\u1ec3 ng\u01b0\u1eddi \u0103n nh\u1edb.<\/p>\n","protected":false},"featured_media":245,"comment_status":"open","ping_status":"closed","template":"","meta":[],"product_brand":[],"product_cat":[25],"product_tag":[],"class_list":{"0":"post-244","1":"product","2":"type-product","3":"status-publish","4":"has-post-thumbnail","6":"product_cat-sweetin-banh-hop-thiec-cao","8":"first","9":"instock","10":"shipping-taxable","11":"purchasable","12":"product-type-simple"},"yoast_head":"<!-- This site is optimized with the Yoast SEO plugin v27.1.1 - https:\/\/yoast.com\/product\/yoast-seo-wordpress\/ -->\n<title>Sweetin \u2013 Tiramisu Classic - B\u1ebfp C\u00f4 Vy<\/title>\n<meta name=\"description\" content=\"B\u00e1nh Tiramisu Classic b\u00e9o nh\u1eb9, ng\u1ecdt d\u1ecbu, \u0111\u1eadm v\u1ecb socola v\u1edbi b\u00f4ng lan vani th\u1ea5m c\u00e0 ph\u00ea Kahlua v\u00e0 mousse tiramisu m\u1ec1m m\u1ecbn h\u1ea5p d\u1eabn.\" \/>\n<meta name=\"robots\" content=\"index, follow, max-snippet:-1, max-image-preview:large, max-video-preview:-1\" \/>\n<link rel=\"canonical\" href=\"https:\/\/bepcovy.azdigi.shop\/index.php\/san-pham\/sweetin-tiramisu-classic\/\" \/>\n<meta property=\"og:locale\" content=\"vi_VN\" \/>\n<meta property=\"og:type\" content=\"article\" \/>\n<meta property=\"og:title\" content=\"Sweetin \u2013 Tiramisu Classic - B\u1ebfp C\u00f4 Vy\" \/>\n<meta property=\"og:description\" content=\"B\u00e1nh Tiramisu Classic b\u00e9o nh\u1eb9, ng\u1ecdt d\u1ecbu, \u0111\u1eadm v\u1ecb socola v\u1edbi b\u00f4ng lan vani th\u1ea5m c\u00e0 ph\u00ea Kahlua v\u00e0 mousse tiramisu m\u1ec1m m\u1ecbn h\u1ea5p d\u1eabn.\" \/>\n<meta property=\"og:url\" content=\"https:\/\/bepcovy.azdigi.shop\/index.php\/san-pham\/sweetin-tiramisu-classic\/\" \/>\n<meta property=\"og:site_name\" content=\"B\u1ebfp C\u00f4 Vy\" \/>\n<meta property=\"og:image\" content=\"https:\/\/bepcovy.azdigi.shop\/wp-content\/uploads\/2026\/04\/6.jpg\" \/>\n\t<meta property=\"og:image:width\" content=\"800\" \/>\n\t<meta property=\"og:image:height\" content=\"1200\" \/>\n\t<meta property=\"og:image:type\" content=\"image\/jpeg\" \/>\n<meta name=\"twitter:card\" content=\"summary_large_image\" \/>\n<meta name=\"twitter:label1\" content=\"\u01af\u1edbc t\u00ednh th\u1eddi gian \u0111\u1ecdc\" \/>\n\t<meta name=\"twitter:data1\" content=\"2 ph\u00fat\" \/>\n<script type=\"application\/ld+json\" class=\"yoast-schema-graph\">{\"@context\":\"https:\/\/schema.org\",\"@graph\":[{\"@type\":\"WebPage\",\"@id\":\"https:\/\/bepcovy.azdigi.shop\/index.php\/san-pham\/sweetin-tiramisu-classic\/\",\"url\":\"https:\/\/bepcovy.azdigi.shop\/index.php\/san-pham\/sweetin-tiramisu-classic\/\",\"name\":\"Sweetin \u2013 Tiramisu Classic - B\u1ebfp C\u00f4 Vy\",\"isPartOf\":{\"@id\":\"https:\/\/bepcovy.azdigi.shop\/#website\"},\"primaryImageOfPage\":{\"@id\":\"https:\/\/bepcovy.azdigi.shop\/index.php\/san-pham\/sweetin-tiramisu-classic\/#primaryimage\"},\"image\":{\"@id\":\"https:\/\/bepcovy.azdigi.shop\/index.php\/san-pham\/sweetin-tiramisu-classic\/#primaryimage\"},\"thumbnailUrl\":\"https:\/\/bepcovy.azdigi.shop\/wp-content\/uploads\/2026\/04\/6.jpg\",\"datePublished\":\"2026-04-10T18:20:45+00:00\",\"description\":\"B\u00e1nh Tiramisu Classic b\u00e9o nh\u1eb9, ng\u1ecdt d\u1ecbu, \u0111\u1eadm v\u1ecb socola v\u1edbi b\u00f4ng lan vani th\u1ea5m c\u00e0 ph\u00ea Kahlua v\u00e0 mousse tiramisu m\u1ec1m m\u1ecbn h\u1ea5p d\u1eabn.\",\"breadcrumb\":{\"@id\":\"https:\/\/bepcovy.azdigi.shop\/index.php\/san-pham\/sweetin-tiramisu-classic\/#breadcrumb\"},\"inLanguage\":\"vi\",\"potentialAction\":[{\"@type\":\"ReadAction\",\"target\":[\"https:\/\/bepcovy.azdigi.shop\/index.php\/san-pham\/sweetin-tiramisu-classic\/\"]}]},{\"@type\":\"ImageObject\",\"inLanguage\":\"vi\",\"@id\":\"https:\/\/bepcovy.azdigi.shop\/index.php\/san-pham\/sweetin-tiramisu-classic\/#primaryimage\",\"url\":\"https:\/\/bepcovy.azdigi.shop\/wp-content\/uploads\/2026\/04\/6.jpg\",\"contentUrl\":\"https:\/\/bepcovy.azdigi.shop\/wp-content\/uploads\/2026\/04\/6.jpg\",\"width\":800,\"height\":1200},{\"@type\":\"BreadcrumbList\",\"@id\":\"https:\/\/bepcovy.azdigi.shop\/index.php\/san-pham\/sweetin-tiramisu-classic\/#breadcrumb\",\"itemListElement\":[{\"@type\":\"ListItem\",\"position\":1,\"name\":\"Trang ch\u1ee7\",\"item\":\"https:\/\/bepcovy.azdigi.shop\/\"},{\"@type\":\"ListItem\",\"position\":2,\"name\":\"C\u1eeda h\u00e0ng\",\"item\":\"https:\/\/bepcovy.azdigi.shop\/index.php\/cua-hang\/\"},{\"@type\":\"ListItem\",\"position\":3,\"name\":\"Sweetin \u2013 Tiramisu Classic\"}]},{\"@type\":\"WebSite\",\"@id\":\"https:\/\/bepcovy.azdigi.shop\/#website\",\"url\":\"https:\/\/bepcovy.azdigi.shop\/\",\"name\":\"B\u1ebfp C\u00f4 Vy\",\"description\":\"\",\"potentialAction\":[{\"@type\":\"SearchAction\",\"target\":{\"@type\":\"EntryPoint\",\"urlTemplate\":\"https:\/\/bepcovy.azdigi.shop\/?s={search_term_string}\"},\"query-input\":{\"@type\":\"PropertyValueSpecification\",\"valueRequired\":true,\"valueName\":\"search_term_string\"}}],\"inLanguage\":\"vi\"}]}<\/script>\n<!-- \/ Yoast SEO plugin. -->","yoast_head_json":{"title":"Sweetin \u2013 Tiramisu Classic - B\u1ebfp C\u00f4 Vy","description":"B\u00e1nh Tiramisu Classic b\u00e9o nh\u1eb9, ng\u1ecdt d\u1ecbu, \u0111\u1eadm v\u1ecb socola v\u1edbi b\u00f4ng lan vani th\u1ea5m c\u00e0 ph\u00ea Kahlua v\u00e0 mousse tiramisu m\u1ec1m m\u1ecbn h\u1ea5p d\u1eabn.","robots":{"index":"index","follow":"follow","max-snippet":"max-snippet:-1","max-image-preview":"max-image-preview:large","max-video-preview":"max-video-preview:-1"},"canonical":"https:\/\/bepcovy.azdigi.shop\/index.php\/san-pham\/sweetin-tiramisu-classic\/","og_locale":"vi_VN","og_type":"article","og_title":"Sweetin \u2013 Tiramisu Classic - B\u1ebfp C\u00f4 Vy","og_description":"B\u00e1nh Tiramisu Classic b\u00e9o nh\u1eb9, ng\u1ecdt d\u1ecbu, \u0111\u1eadm v\u1ecb socola v\u1edbi b\u00f4ng lan vani th\u1ea5m c\u00e0 ph\u00ea Kahlua v\u00e0 mousse tiramisu m\u1ec1m m\u1ecbn h\u1ea5p d\u1eabn.","og_url":"https:\/\/bepcovy.azdigi.shop\/index.php\/san-pham\/sweetin-tiramisu-classic\/","og_site_name":"B\u1ebfp C\u00f4 Vy","og_image":[{"width":800,"height":1200,"url":"https:\/\/bepcovy.azdigi.shop\/wp-content\/uploads\/2026\/04\/6.jpg","type":"image\/jpeg"}],"twitter_card":"summary_large_image","twitter_misc":{"\u01af\u1edbc t\u00ednh th\u1eddi gian \u0111\u1ecdc":"2 ph\u00fat"},"schema":{"@context":"https:\/\/schema.org","@graph":[{"@type":"WebPage","@id":"https:\/\/bepcovy.azdigi.shop\/index.php\/san-pham\/sweetin-tiramisu-classic\/","url":"https:\/\/bepcovy.azdigi.shop\/index.php\/san-pham\/sweetin-tiramisu-classic\/","name":"Sweetin \u2013 Tiramisu Classic - B\u1ebfp C\u00f4 Vy","isPartOf":{"@id":"https:\/\/bepcovy.azdigi.shop\/#website"},"primaryImageOfPage":{"@id":"https:\/\/bepcovy.azdigi.shop\/index.php\/san-pham\/sweetin-tiramisu-classic\/#primaryimage"},"image":{"@id":"https:\/\/bepcovy.azdigi.shop\/index.php\/san-pham\/sweetin-tiramisu-classic\/#primaryimage"},"thumbnailUrl":"https:\/\/bepcovy.azdigi.shop\/wp-content\/uploads\/2026\/04\/6.jpg","datePublished":"2026-04-10T18:20:45+00:00","description":"B\u00e1nh Tiramisu Classic b\u00e9o nh\u1eb9, ng\u1ecdt d\u1ecbu, \u0111\u1eadm v\u1ecb socola v\u1edbi b\u00f4ng lan vani th\u1ea5m c\u00e0 ph\u00ea Kahlua v\u00e0 mousse tiramisu m\u1ec1m m\u1ecbn h\u1ea5p d\u1eabn.","breadcrumb":{"@id":"https:\/\/bepcovy.azdigi.shop\/index.php\/san-pham\/sweetin-tiramisu-classic\/#breadcrumb"},"inLanguage":"vi","potentialAction":[{"@type":"ReadAction","target":["https:\/\/bepcovy.azdigi.shop\/index.php\/san-pham\/sweetin-tiramisu-classic\/"]}]},{"@type":"ImageObject","inLanguage":"vi","@id":"https:\/\/bepcovy.azdigi.shop\/index.php\/san-pham\/sweetin-tiramisu-classic\/#primaryimage","url":"https:\/\/bepcovy.azdigi.shop\/wp-content\/uploads\/2026\/04\/6.jpg","contentUrl":"https:\/\/bepcovy.azdigi.shop\/wp-content\/uploads\/2026\/04\/6.jpg","width":800,"height":1200},{"@type":"BreadcrumbList","@id":"https:\/\/bepcovy.azdigi.shop\/index.php\/san-pham\/sweetin-tiramisu-classic\/#breadcrumb","itemListElement":[{"@type":"ListItem","position":1,"name":"Trang ch\u1ee7","item":"https:\/\/bepcovy.azdigi.shop\/"},{"@type":"ListItem","position":2,"name":"C\u1eeda h\u00e0ng","item":"https:\/\/bepcovy.azdigi.shop\/index.php\/cua-hang\/"},{"@type":"ListItem","position":3,"name":"Sweetin \u2013 Tiramisu Classic"}]},{"@type":"WebSite","@id":"https:\/\/bepcovy.azdigi.shop\/#website","url":"https:\/\/bepcovy.azdigi.shop\/","name":"B\u1ebfp C\u00f4 Vy","description":"","potentialAction":[{"@type":"SearchAction","target":{"@type":"EntryPoint","urlTemplate":"https:\/\/bepcovy.azdigi.shop\/?s={search_term_string}"},"query-input":{"@type":"PropertyValueSpecification","valueRequired":true,"valueName":"search_term_string"}}],"inLanguage":"vi"}]}},"_links":{"self":[{"href":"https:\/\/bepcovy.azdigi.shop\/index.php\/wp-json\/wp\/v2\/product\/244","targetHints":{"allow":["GET"]}}],"collection":[{"href":"https:\/\/bepcovy.azdigi.shop\/index.php\/wp-json\/wp\/v2\/product"}],"about":[{"href":"https:\/\/bepcovy.azdigi.shop\/index.php\/wp-json\/wp\/v2\/types\/product"}],"replies":[{"embeddable":true,"href":"https:\/\/bepcovy.azdigi.shop\/index.php\/wp-json\/wp\/v2\/comments?post=244"}],"wp:featuredmedia":[{"embeddable":true,"href":"https:\/\/bepcovy.azdigi.shop\/index.php\/wp-json\/wp\/v2\/media\/245"}],"wp:attachment":[{"href":"https:\/\/bepcovy.azdigi.shop\/index.php\/wp-json\/wp\/v2\/media?parent=244"}],"wp:term":[{"taxonomy":"product_brand","embeddable":true,"href":"https:\/\/bepcovy.azdigi.shop\/index.php\/wp-json\/wp\/v2\/product_brand?post=244"},{"taxonomy":"product_cat","embeddable":true,"href":"https:\/\/bepcovy.azdigi.shop\/index.php\/wp-json\/wp\/v2\/product_cat?post=244"},{"taxonomy":"product_tag","embeddable":true,"href":"https:\/\/bepcovy.azdigi.shop\/index.php\/wp-json\/wp\/v2\/product_tag?post=244"}],"curies":[{"name":"wp","href":"https:\/\/api.w.org\/{rel}","templated":true}]}}