{"id":230,"date":"2026-04-10T18:08:25","date_gmt":"2026-04-10T18:08:25","guid":{"rendered":"https:\/\/bepcovy.azdigi.shop\/?post_type=product&#038;p=230"},"modified":"2026-04-10T18:08:26","modified_gmt":"2026-04-10T18:08:26","slug":"fruits-and-nuts-biscotti-biscotti-trai-cay-va-hat","status":"publish","type":"product","link":"https:\/\/bepcovy.azdigi.shop\/index.php\/san-pham\/fruits-and-nuts-biscotti-biscotti-trai-cay-va-hat\/","title":{"rendered":"Fruits and Nuts Biscotti \u2013 Biscotti tr\u00e1i c\u00e2y v\u00e0 h\u1ea1t"},"content":{"rendered":"<p data-start=\"208\" data-end=\"533\">Biscotti tr\u00e1i c\u00e2y v\u00e0 h\u1ea1t kh\u00f4ng ch\u1ec9 h\u1ea5p d\u1eabn b\u1edfi h\u01b0\u01a1ng v\u1ecb th\u01a1m ngon m\u00e0 c\u00f2n ghi \u0111i\u1ec3m nh\u1edd v\u1ebb ngo\u00e0i b\u1eaft m\u1eaft v\u1edbi nhi\u1ec1u lo\u1ea1i h\u1ea1t v\u00e0 tr\u00e1i c\u00e2y \u0111\u01b0\u1ee3c ph\u00e2n b\u1ed1 \u0111\u1ec1u trong t\u1eebng l\u00e1t b\u00e1nh. M\u1ed7i mi\u1ebfng b\u00e1nh \u0111\u1ec1u mang \u0111\u1ebfn tr\u1ea3i nghi\u1ec7m gi\u00f2n tan, th\u01a1m b\u00f9i v\u00e0 \u0111\u1eadm v\u1ecb t\u1ef1 nhi\u00ean, th\u00edch h\u1ee3p cho nh\u1eefng ai \u0111ang t\u00ecm ki\u1ebfm m\u00f3n \u0103n v\u1eb7t v\u1eeba ngon v\u1eeba ti\u1ec7n l\u1ee3i.<\/p>\n<p data-start=\"535\" data-end=\"844\">Nh\u1edd s\u1ef1 k\u1ebft h\u1ee3p gi\u1eefa nguy\u00ean li\u1ec7u ch\u1ea5t l\u01b0\u1ee3ng v\u00e0 c\u00f4ng th\u1ee9c n\u01b0\u1edbng \u0111\u1eb7c tr\u01b0ng, biscotti tr\u00e1i c\u00e2y v\u00e0 h\u1ea1t gi\u1eef \u0111\u01b0\u1ee3c \u0111\u1ed9 gi\u00f2n l\u00e2u, d\u1ec5 b\u1ea3o qu\u1ea3n v\u00e0 thu\u1eadn ti\u1ec7n \u0111\u1ec3 s\u1eed d\u1ee5ng m\u1ed7i ng\u00e0y. \u0110\u00e2y l\u00e0 m\u00f3n b\u00e1nh th\u00edch h\u1ee3p \u0111\u1ec3 th\u01b0\u1edfng th\u1ee9c c\u00f9ng tr\u00e0 n\u00f3ng, c\u00e0 ph\u00ea ho\u1eb7c l\u00e0m m\u00f3n qu\u00e0 nh\u1ecf d\u00e0nh t\u1eb7ng ng\u01b0\u1eddi th\u00e2n, b\u1ea1n b\u00e8 trong nh\u1eefng d\u1ecbp \u0111\u1eb7c bi\u1ec7t.<\/p>\n<p data-start=\"846\" data-end=\"1096\">N\u1ebfu b\u1ea1n y\u00eau th\u00edch nh\u1eefng m\u00f3n b\u00e1nh v\u1eeba th\u01a1m ngon v\u1eeba gi\u00e0u dinh d\u01b0\u1ee1ng, biscotti tr\u00e1i c\u00e2y v\u00e0 h\u1ea1t ch\u1eafc ch\u1eafn s\u1ebd l\u00e0 l\u1ef1a ch\u1ecdn kh\u00f4ng th\u1ec3 b\u1ecf qua. H\u01b0\u01a1ng v\u1ecb h\u00e0i h\u00f2a gi\u1eefa tr\u00e1i c\u00e2y s\u1ea5y ng\u1ecdt d\u1ecbu v\u00e0 c\u00e1c lo\u1ea1i h\u1ea1t b\u00e9o b\u00f9i t\u1ea1o n\u00ean m\u00f3n b\u00e1nh h\u1ea5p d\u1eabn cho m\u1ecdi l\u1ee9a tu\u1ed5i.<\/p>\n<p><strong>Th\u00e0nh ph\u1ea7n<\/strong>:\u00a0H\u1ea1nh nh\u00e2n, h\u1ea1t \u0111i\u1ec1u, nho kh\u00f4, m\u1ee9t hoa atiso, nam vi\u1ec7t qu\u1ea5t, l\u00f2ng tr\u1eafng, \u0111\u01b0\u1eddng c\u00e1t, b\u1ed9t m\u00ec.<\/p>\n<p>&nbsp;<\/p>\n","protected":false},"excerpt":{"rendered":"<p>\u0110\u00e1nh d\u1ea5u s\u1ef1 tr\u1edf l\u1ea1i \u201cN\u01a0I T\u00ccNH Y\u00caU B\u1eaeT \u0110\u1ea6U\u201d v\u00e0 d\u1ecbp \u201cra m\u1eaft\u201d c\u1ee7a c\u1eeda h\u00e0ng B\u1ebfp C\u00f4 Vy. Ch\u00fang m\u00ecnh \u0111\u00e3 mang \u0111\u1ebfn m\u00f3n qu\u00e0 \u0111\u1eb7c bi\u1ec7t \u0111\u1ebfn Fan c\u1ee7a B\u1ebfp C\u00f4 Vy:<\/p>\n<p>6 Lo\u1ea1i b\u00e1nh kh\u00f4 v\u1edbi h\u01b0\u01a1ng v\u1ecb \u0111\u1ed9c \u0111\u00e1o, h\u1ee9a h\u1eb9n l\u00e0m h\u00e0i l\u00f2ng m\u1ecdi kh\u1ea9u v\u1ecb.<br \/>\n\u2013 Cookie rong bi\u1ec3n h\u1ea1t: S\u1ef1 k\u1ebft h\u1ee3p h\u00e0i h\u00f2a gi\u1eefa rong bi\u1ec3n, c\u00e1c lo\u1ea1i h\u1ea1t dinh d\u01b0\u1ee1ng v\u00e0 v\u1ecb ng\u1ecdt thanh c\u1ee7a cookie, mang \u0111\u1ebfn tr\u1ea3i nghi\u1ec7m ho\u00e0n to\u00e0n m\u1edbi.<br \/>\n\u2013 Cookie chanh d\u00e2y: V\u1ecb chua ng\u1ecdt c\u1ee7a chanh d\u00e2y quy\u1ec7n c\u00f9ng b\u00e1nh quy b\u01a1, t\u1ea1o n\u00ean h\u01b0\u01a1ng v\u1ecb kh\u00f3 qu\u00ean.<br \/>\n\u2013 Cookie ch\u00e0 b\u00f4ng cay: V\u1ecb m\u1eb7n m\u1eb7n, cay cay k\u00edch th\u00edch c\u00f9ng v\u1ecb ng\u1ecdt nh\u1eb9 c\u1ee7a b\u00e1nh quy, n\u00edu gi\u1eef b\u1ea1n ngay t\u1eeb mi\u1ebfng \u0111\u1ea7u ti\u00ean.<br \/>\n\u2013 Cookie kem ph\u00f4 mai: V\u1ecb ng\u1ecdt, b\u00e9o, m\u1eb7n h\u00e0i h\u00f2a quy\u1ec7n c\u00f9ng v\u1ecb ph\u00f4 mai th\u01a1m l\u1eebng, mang \u0111\u1ebfn tr\u1ea3i nghi\u1ec7m v\u1ecb gi\u00e1c kh\u00f3 qu\u00ean.<br \/>\n\u2013 Biscotti Tr\u00e1i C\u00e2y v\u00e0 H\u1ea1t: S\u1ef1 k\u1ebft h\u1ee3p \u0111\u1ed9c \u0111\u00e1o gi\u1eefa nho kh\u00f4, atiso v\u00e0 h\u1ea1nh nh\u00e2n mang \u0111\u1ebfn h\u01b0\u01a1ng v\u1ecb th\u01a1m ngon, b\u1ed5 d\u01b0\u1ee1ng.<br \/>\n\u2013 Snack rong bi\u1ec3n: V\u1ecb gi\u00f2n tan, \u0111\u1eadm \u0111\u00e0 c\u1ee7a rong bi\u1ec3n ho\u00e0 c\u00f9ng v\u1ecb m\u1eb7n ng\u1ecdt r\u1ea5t \u201ccu\u1ed1n\u201d nh\u1edd n\u01b0\u1edbc s\u1ed1t t\u1ef1 n\u1ea5u, k\u00edch th\u00edch v\u1ecb gi\u00e1c.<br \/>\nT\u1ea5t c\u1ea3 c\u00e1c lo\u1ea1i b\u00e1nh m\u1edbi n\u00e0y \u0111\u1ec1u \u0111\u01b0\u1ee3c l\u00e0m t\u1eeb nh\u1eefng nguy\u00ean li\u1ec7u l\u00e0nh m\u1ea1nh th\u00e2n thi\u1ec7n v\u1edbi s\u1ee9c kh\u1ecfe c\u1ee7a b\u1ea1n. M\u1ed7i h\u1ed9p b\u00e1nh \u0111\u1ec1u l\u00e0 m\u00f3n qu\u00e0 v\u1eb7t nh\u00e2m nhi c\u1ee7a b\u1ea1n c\u00f9ng nh\u1eefng ng\u01b0\u1eddi th\u00e2n y\u00eau.<\/p>\n","protected":false},"featured_media":231,"comment_status":"open","ping_status":"closed","template":"","meta":[],"product_brand":[],"product_cat":[24],"product_tag":[],"class_list":{"0":"post-230","1":"product","2":"type-product","3":"status-publish","4":"has-post-thumbnail","6":"product_cat-banh-healthy","8":"first","9":"instock","10":"shipping-taxable","11":"purchasable","12":"product-type-variable"},"yoast_head":"<!-- This site is optimized with the Yoast SEO plugin v27.1.1 - https:\/\/yoast.com\/product\/yoast-seo-wordpress\/ -->\n<title>Fruits and Nuts Biscotti \u2013 Biscotti tr\u00e1i c\u00e2y v\u00e0 h\u1ea1t - B\u1ebfp C\u00f4 Vy<\/title>\n<meta name=\"description\" content=\"Biscotti tr\u00e1i c\u00e2y v\u00e0 h\u1ea1t gi\u00f2n ngon v\u1edbi h\u1ea1nh nh\u00e2n, h\u1ea1t \u0111i\u1ec1u, nam vi\u1ec7t qu\u1ea5t, nho kh\u00f4 v\u00e0 m\u1ee9t hoa atiso, th\u01a1m b\u00f9i v\u00e0 gi\u00e0u dinh d\u01b0\u1ee1ng.\" \/>\n<meta name=\"robots\" content=\"index, follow, max-snippet:-1, max-image-preview:large, max-video-preview:-1\" \/>\n<link rel=\"canonical\" href=\"https:\/\/bepcovy.azdigi.shop\/index.php\/san-pham\/fruits-and-nuts-biscotti-biscotti-trai-cay-va-hat\/\" \/>\n<meta property=\"og:locale\" content=\"vi_VN\" \/>\n<meta property=\"og:type\" content=\"article\" \/>\n<meta property=\"og:title\" content=\"Fruits and Nuts Biscotti \u2013 Biscotti tr\u00e1i c\u00e2y v\u00e0 h\u1ea1t - B\u1ebfp C\u00f4 Vy\" \/>\n<meta property=\"og:description\" content=\"Biscotti tr\u00e1i c\u00e2y v\u00e0 h\u1ea1t gi\u00f2n ngon v\u1edbi h\u1ea1nh nh\u00e2n, h\u1ea1t \u0111i\u1ec1u, nam vi\u1ec7t qu\u1ea5t, nho kh\u00f4 v\u00e0 m\u1ee9t hoa atiso, th\u01a1m b\u00f9i v\u00e0 gi\u00e0u dinh d\u01b0\u1ee1ng.\" \/>\n<meta property=\"og:url\" content=\"https:\/\/bepcovy.azdigi.shop\/index.php\/san-pham\/fruits-and-nuts-biscotti-biscotti-trai-cay-va-hat\/\" \/>\n<meta property=\"og:site_name\" content=\"B\u1ebfp C\u00f4 Vy\" \/>\n<meta property=\"article:modified_time\" content=\"2026-04-10T18:08:26+00:00\" \/>\n<meta property=\"og:image\" content=\"https:\/\/bepcovy.azdigi.shop\/wp-content\/uploads\/2026\/04\/cookie0947-1.jpg\" \/>\n\t<meta property=\"og:image:width\" content=\"507\" \/>\n\t<meta property=\"og:image:height\" content=\"760\" \/>\n\t<meta property=\"og:image:type\" content=\"image\/jpeg\" \/>\n<meta name=\"twitter:card\" content=\"summary_large_image\" \/>\n<meta name=\"twitter:label1\" content=\"\u01af\u1edbc t\u00ednh th\u1eddi gian \u0111\u1ecdc\" \/>\n\t<meta name=\"twitter:data1\" content=\"2 ph\u00fat\" \/>\n<script type=\"application\/ld+json\" class=\"yoast-schema-graph\">{\"@context\":\"https:\/\/schema.org\",\"@graph\":[{\"@type\":\"WebPage\",\"@id\":\"https:\/\/bepcovy.azdigi.shop\/index.php\/san-pham\/fruits-and-nuts-biscotti-biscotti-trai-cay-va-hat\/\",\"url\":\"https:\/\/bepcovy.azdigi.shop\/index.php\/san-pham\/fruits-and-nuts-biscotti-biscotti-trai-cay-va-hat\/\",\"name\":\"Fruits and Nuts Biscotti \u2013 Biscotti tr\u00e1i c\u00e2y v\u00e0 h\u1ea1t - B\u1ebfp C\u00f4 Vy\",\"isPartOf\":{\"@id\":\"https:\/\/bepcovy.azdigi.shop\/#website\"},\"primaryImageOfPage\":{\"@id\":\"https:\/\/bepcovy.azdigi.shop\/index.php\/san-pham\/fruits-and-nuts-biscotti-biscotti-trai-cay-va-hat\/#primaryimage\"},\"image\":{\"@id\":\"https:\/\/bepcovy.azdigi.shop\/index.php\/san-pham\/fruits-and-nuts-biscotti-biscotti-trai-cay-va-hat\/#primaryimage\"},\"thumbnailUrl\":\"https:\/\/bepcovy.azdigi.shop\/wp-content\/uploads\/2026\/04\/cookie0947-1.jpg\",\"datePublished\":\"2026-04-10T18:08:25+00:00\",\"dateModified\":\"2026-04-10T18:08:26+00:00\",\"description\":\"Biscotti tr\u00e1i c\u00e2y v\u00e0 h\u1ea1t gi\u00f2n ngon v\u1edbi h\u1ea1nh nh\u00e2n, h\u1ea1t \u0111i\u1ec1u, nam vi\u1ec7t qu\u1ea5t, nho kh\u00f4 v\u00e0 m\u1ee9t hoa atiso, th\u01a1m b\u00f9i v\u00e0 gi\u00e0u dinh d\u01b0\u1ee1ng.\",\"breadcrumb\":{\"@id\":\"https:\/\/bepcovy.azdigi.shop\/index.php\/san-pham\/fruits-and-nuts-biscotti-biscotti-trai-cay-va-hat\/#breadcrumb\"},\"inLanguage\":\"vi\",\"potentialAction\":[{\"@type\":\"ReadAction\",\"target\":[\"https:\/\/bepcovy.azdigi.shop\/index.php\/san-pham\/fruits-and-nuts-biscotti-biscotti-trai-cay-va-hat\/\"]}]},{\"@type\":\"ImageObject\",\"inLanguage\":\"vi\",\"@id\":\"https:\/\/bepcovy.azdigi.shop\/index.php\/san-pham\/fruits-and-nuts-biscotti-biscotti-trai-cay-va-hat\/#primaryimage\",\"url\":\"https:\/\/bepcovy.azdigi.shop\/wp-content\/uploads\/2026\/04\/cookie0947-1.jpg\",\"contentUrl\":\"https:\/\/bepcovy.azdigi.shop\/wp-content\/uploads\/2026\/04\/cookie0947-1.jpg\",\"width\":507,\"height\":760},{\"@type\":\"BreadcrumbList\",\"@id\":\"https:\/\/bepcovy.azdigi.shop\/index.php\/san-pham\/fruits-and-nuts-biscotti-biscotti-trai-cay-va-hat\/#breadcrumb\",\"itemListElement\":[{\"@type\":\"ListItem\",\"position\":1,\"name\":\"Trang ch\u1ee7\",\"item\":\"https:\/\/bepcovy.azdigi.shop\/\"},{\"@type\":\"ListItem\",\"position\":2,\"name\":\"C\u1eeda h\u00e0ng\",\"item\":\"https:\/\/bepcovy.azdigi.shop\/index.php\/cua-hang\/\"},{\"@type\":\"ListItem\",\"position\":3,\"name\":\"Fruits and Nuts Biscotti \u2013 Biscotti tr\u00e1i c\u00e2y v\u00e0 h\u1ea1t\"}]},{\"@type\":\"WebSite\",\"@id\":\"https:\/\/bepcovy.azdigi.shop\/#website\",\"url\":\"https:\/\/bepcovy.azdigi.shop\/\",\"name\":\"B\u1ebfp C\u00f4 Vy\",\"description\":\"\",\"potentialAction\":[{\"@type\":\"SearchAction\",\"target\":{\"@type\":\"EntryPoint\",\"urlTemplate\":\"https:\/\/bepcovy.azdigi.shop\/?s={search_term_string}\"},\"query-input\":{\"@type\":\"PropertyValueSpecification\",\"valueRequired\":true,\"valueName\":\"search_term_string\"}}],\"inLanguage\":\"vi\"}]}<\/script>\n<!-- \/ Yoast SEO plugin. -->","yoast_head_json":{"title":"Fruits and Nuts Biscotti \u2013 Biscotti tr\u00e1i c\u00e2y v\u00e0 h\u1ea1t - B\u1ebfp C\u00f4 Vy","description":"Biscotti tr\u00e1i c\u00e2y v\u00e0 h\u1ea1t gi\u00f2n ngon v\u1edbi h\u1ea1nh nh\u00e2n, h\u1ea1t \u0111i\u1ec1u, nam vi\u1ec7t qu\u1ea5t, nho kh\u00f4 v\u00e0 m\u1ee9t hoa atiso, th\u01a1m b\u00f9i v\u00e0 gi\u00e0u dinh d\u01b0\u1ee1ng.","robots":{"index":"index","follow":"follow","max-snippet":"max-snippet:-1","max-image-preview":"max-image-preview:large","max-video-preview":"max-video-preview:-1"},"canonical":"https:\/\/bepcovy.azdigi.shop\/index.php\/san-pham\/fruits-and-nuts-biscotti-biscotti-trai-cay-va-hat\/","og_locale":"vi_VN","og_type":"article","og_title":"Fruits and Nuts Biscotti \u2013 Biscotti tr\u00e1i c\u00e2y v\u00e0 h\u1ea1t - B\u1ebfp C\u00f4 Vy","og_description":"Biscotti tr\u00e1i c\u00e2y v\u00e0 h\u1ea1t gi\u00f2n ngon v\u1edbi h\u1ea1nh nh\u00e2n, h\u1ea1t \u0111i\u1ec1u, nam vi\u1ec7t qu\u1ea5t, nho kh\u00f4 v\u00e0 m\u1ee9t hoa atiso, th\u01a1m b\u00f9i v\u00e0 gi\u00e0u dinh d\u01b0\u1ee1ng.","og_url":"https:\/\/bepcovy.azdigi.shop\/index.php\/san-pham\/fruits-and-nuts-biscotti-biscotti-trai-cay-va-hat\/","og_site_name":"B\u1ebfp C\u00f4 Vy","article_modified_time":"2026-04-10T18:08:26+00:00","og_image":[{"width":507,"height":760,"url":"https:\/\/bepcovy.azdigi.shop\/wp-content\/uploads\/2026\/04\/cookie0947-1.jpg","type":"image\/jpeg"}],"twitter_card":"summary_large_image","twitter_misc":{"\u01af\u1edbc t\u00ednh th\u1eddi gian \u0111\u1ecdc":"2 ph\u00fat"},"schema":{"@context":"https:\/\/schema.org","@graph":[{"@type":"WebPage","@id":"https:\/\/bepcovy.azdigi.shop\/index.php\/san-pham\/fruits-and-nuts-biscotti-biscotti-trai-cay-va-hat\/","url":"https:\/\/bepcovy.azdigi.shop\/index.php\/san-pham\/fruits-and-nuts-biscotti-biscotti-trai-cay-va-hat\/","name":"Fruits and Nuts Biscotti \u2013 Biscotti tr\u00e1i c\u00e2y v\u00e0 h\u1ea1t - B\u1ebfp C\u00f4 Vy","isPartOf":{"@id":"https:\/\/bepcovy.azdigi.shop\/#website"},"primaryImageOfPage":{"@id":"https:\/\/bepcovy.azdigi.shop\/index.php\/san-pham\/fruits-and-nuts-biscotti-biscotti-trai-cay-va-hat\/#primaryimage"},"image":{"@id":"https:\/\/bepcovy.azdigi.shop\/index.php\/san-pham\/fruits-and-nuts-biscotti-biscotti-trai-cay-va-hat\/#primaryimage"},"thumbnailUrl":"https:\/\/bepcovy.azdigi.shop\/wp-content\/uploads\/2026\/04\/cookie0947-1.jpg","datePublished":"2026-04-10T18:08:25+00:00","dateModified":"2026-04-10T18:08:26+00:00","description":"Biscotti tr\u00e1i c\u00e2y v\u00e0 h\u1ea1t gi\u00f2n ngon v\u1edbi h\u1ea1nh nh\u00e2n, h\u1ea1t \u0111i\u1ec1u, nam vi\u1ec7t qu\u1ea5t, nho kh\u00f4 v\u00e0 m\u1ee9t hoa atiso, th\u01a1m b\u00f9i v\u00e0 gi\u00e0u dinh d\u01b0\u1ee1ng.","breadcrumb":{"@id":"https:\/\/bepcovy.azdigi.shop\/index.php\/san-pham\/fruits-and-nuts-biscotti-biscotti-trai-cay-va-hat\/#breadcrumb"},"inLanguage":"vi","potentialAction":[{"@type":"ReadAction","target":["https:\/\/bepcovy.azdigi.shop\/index.php\/san-pham\/fruits-and-nuts-biscotti-biscotti-trai-cay-va-hat\/"]}]},{"@type":"ImageObject","inLanguage":"vi","@id":"https:\/\/bepcovy.azdigi.shop\/index.php\/san-pham\/fruits-and-nuts-biscotti-biscotti-trai-cay-va-hat\/#primaryimage","url":"https:\/\/bepcovy.azdigi.shop\/wp-content\/uploads\/2026\/04\/cookie0947-1.jpg","contentUrl":"https:\/\/bepcovy.azdigi.shop\/wp-content\/uploads\/2026\/04\/cookie0947-1.jpg","width":507,"height":760},{"@type":"BreadcrumbList","@id":"https:\/\/bepcovy.azdigi.shop\/index.php\/san-pham\/fruits-and-nuts-biscotti-biscotti-trai-cay-va-hat\/#breadcrumb","itemListElement":[{"@type":"ListItem","position":1,"name":"Trang ch\u1ee7","item":"https:\/\/bepcovy.azdigi.shop\/"},{"@type":"ListItem","position":2,"name":"C\u1eeda h\u00e0ng","item":"https:\/\/bepcovy.azdigi.shop\/index.php\/cua-hang\/"},{"@type":"ListItem","position":3,"name":"Fruits and Nuts Biscotti \u2013 Biscotti tr\u00e1i c\u00e2y v\u00e0 h\u1ea1t"}]},{"@type":"WebSite","@id":"https:\/\/bepcovy.azdigi.shop\/#website","url":"https:\/\/bepcovy.azdigi.shop\/","name":"B\u1ebfp C\u00f4 Vy","description":"","potentialAction":[{"@type":"SearchAction","target":{"@type":"EntryPoint","urlTemplate":"https:\/\/bepcovy.azdigi.shop\/?s={search_term_string}"},"query-input":{"@type":"PropertyValueSpecification","valueRequired":true,"valueName":"search_term_string"}}],"inLanguage":"vi"}]}},"_links":{"self":[{"href":"https:\/\/bepcovy.azdigi.shop\/index.php\/wp-json\/wp\/v2\/product\/230","targetHints":{"allow":["GET"]}}],"collection":[{"href":"https:\/\/bepcovy.azdigi.shop\/index.php\/wp-json\/wp\/v2\/product"}],"about":[{"href":"https:\/\/bepcovy.azdigi.shop\/index.php\/wp-json\/wp\/v2\/types\/product"}],"replies":[{"embeddable":true,"href":"https:\/\/bepcovy.azdigi.shop\/index.php\/wp-json\/wp\/v2\/comments?post=230"}],"wp:featuredmedia":[{"embeddable":true,"href":"https:\/\/bepcovy.azdigi.shop\/index.php\/wp-json\/wp\/v2\/media\/231"}],"wp:attachment":[{"href":"https:\/\/bepcovy.azdigi.shop\/index.php\/wp-json\/wp\/v2\/media?parent=230"}],"wp:term":[{"taxonomy":"product_brand","embeddable":true,"href":"https:\/\/bepcovy.azdigi.shop\/index.php\/wp-json\/wp\/v2\/product_brand?post=230"},{"taxonomy":"product_cat","embeddable":true,"href":"https:\/\/bepcovy.azdigi.shop\/index.php\/wp-json\/wp\/v2\/product_cat?post=230"},{"taxonomy":"product_tag","embeddable":true,"href":"https:\/\/bepcovy.azdigi.shop\/index.php\/wp-json\/wp\/v2\/product_tag?post=230"}],"curies":[{"name":"wp","href":"https:\/\/api.w.org\/{rel}","templated":true}]}}