{"id":219,"date":"2026-04-10T17:57:01","date_gmt":"2026-04-10T17:57:01","guid":{"rendered":"https:\/\/bepcovy.azdigi.shop\/?post_type=product&#038;p=219"},"modified":"2026-04-10T17:57:01","modified_gmt":"2026-04-10T17:57:01","slug":"bold-charming-flan-gato-tra-thai-do","status":"publish","type":"product","link":"https:\/\/bepcovy.azdigi.shop\/index.php\/san-pham\/bold-charming-flan-gato-tra-thai-do\/","title":{"rendered":"Bold Charming \u2013 Flan Gato Tr\u00e0 Th\u00e1i \u0110\u1ecf"},"content":{"rendered":"<p data-start=\"606\" data-end=\"863\">B\u00e1nh flan tr\u00e0 th\u00e1i \u0111\u1ecf l\u00e0 s\u1ef1 k\u1ebft h\u1ee3p \u0111\u1ed9c \u0111\u00e1o d\u00e0nh cho nh\u1eefng ai y\u00eau th\u00edch h\u01b0\u01a1ng v\u1ecb ng\u1ecdt d\u1ecbu, b\u00e9o nh\u1eb9 v\u00e0 th\u01a1m \u0111\u1eb7c tr\u01b0ng c\u1ee7a tr\u00e0. V\u1edbi ch\u00fat \u0111\u1eafng nh\u1eb9 tinh t\u1ebf h\u00f2a quy\u1ec7n trong t\u1eebng l\u1edbp b\u00e1nh, s\u1ea3n ph\u1ea9m mang \u0111\u1ebfn tr\u1ea3i nghi\u1ec7m v\u1ecb gi\u00e1c m\u1edbi l\u1ea1 nh\u01b0ng v\u1eabn d\u1ec5 th\u01b0\u1edfng th\u1ee9c.<\/p>\n<p data-start=\"865\" data-end=\"1068\">Ph\u1ea7n th\u00e2n b\u00e1nh flan tr\u00e0 th\u00e1i \u0111\u1ecf \u0111\u01b0\u1ee3c t\u1ea1o n\u00ean t\u1eeb l\u1edbp flan v\u1ecb tr\u00e0 th\u00e1i \u0111\u1ecf m\u1ec1m m\u1ecbn, b\u00e9o nh\u1eb9 v\u00e0 th\u01a1m d\u1ecbu. H\u01b0\u01a1ng tr\u00e0 \u0111\u1eb7c tr\u01b0ng gi\u00fap chi\u1ebfc b\u00e1nh th\u00eam n\u1ed5i b\u1eadt, t\u1ea1o c\u1ea3m gi\u00e1c thanh nh\u1eb9 nh\u01b0ng v\u1eabn \u0111\u1eadm \u0111\u00e0 khi \u0103n.<\/p>\n<p data-start=\"1070\" data-end=\"1314\">K\u1ebft h\u1ee3p c\u00f9ng l\u1edbp b\u00f4ng lan s\u00f4-c\u00f4-la m\u1ec1m x\u1ed1p b\u00ean d\u01b0\u1edbi, b\u00e1nh flan tr\u00e0 th\u00e1i \u0111\u1ecf mang \u0111\u1ebfn s\u1ef1 c\u00e2n b\u1eb1ng ho\u00e0n h\u1ea3o gi\u1eefa v\u1ecb ng\u1ecdt b\u00e9o c\u1ee7a flan v\u00e0 v\u1ecb cacao nh\u1eb9 nh\u00e0ng c\u1ee7a b\u00f4ng lan. S\u1ef1 h\u00f2a quy\u1ec7n n\u00e0y t\u1ea1o n\u00ean t\u1ed5ng th\u1ec3 h\u00e0i h\u00f2a, h\u1ea5p d\u1eabn trong t\u1eebng mi\u1ebfng b\u00e1nh.<\/p>\n<p data-start=\"1316\" data-end=\"1522\">B\u00e1nh \u0111\u01b0\u1ee3c trang tr\u00ed \u0111\u1eb9p m\u1eaft v\u1edbi jelly caramel, \u0111\u00e0o, d\u00e2u t\u00e2y v\u00e0 nho t\u01b0\u01a1i, gi\u00fap t\u0103ng th\u00eam \u0111\u1ed9 h\u1ea5p d\u1eabn v\u00e0 t\u01b0\u01a1i m\u1edbi cho s\u1ea3n ph\u1ea9m. \u0110\u00e2y l\u00e0 l\u1ef1a ch\u1ecdn l\u00fd t\u01b0\u1edfng cho ti\u1ec7c sinh nh\u1eadt, h\u1ecdp m\u1eb7t ho\u1eb7c nh\u1eefng d\u1ecbp \u0111\u1eb7c bi\u1ec7t.<\/p>\n<p data-start=\"1524\" data-end=\"1628\">B\u00e1nh flan tr\u00e0 th\u00e1i \u0111\u1ecf n\u00ean \u0111\u01b0\u1ee3c b\u1ea3o qu\u1ea3n l\u1ea1nh v\u00e0 d\u00f9ng trong ng\u00e0y \u0111\u1ec3 gi\u1eef \u0111\u01b0\u1ee3c h\u01b0\u01a1ng v\u1ecb th\u01a1m ngon nh\u1ea5t.<\/p>\n<p><strong>H\u01b0\u01a1ng v\u1ecb:<\/strong>\u00a0Ng\u1ecdt d\u1ecbu \u2013 B\u00e9o nh\u1eb9 \u2013 Th\u01a1m \u2013 \u0110\u1eafng nh\u1eb9<\/p>\n<p><strong>C\u1ea5u tr\u00fac b\u00e1nh:<\/strong><\/p>\n<p>Ph\u1ea7n th\u00e2n b\u00e1nh g\u1ed3m c\u00e1c l\u1edbp ch\u00ednh:<\/p>\n<p>+ B\u00e1nh flan v\u1ecb tr\u00e0 th\u00e1i \u0111\u1ecf<\/p>\n<p>+ B\u00f4ng lan s\u00f4-c\u00f4-la<\/p>\n<p>Ph\u1ea7n trang tr\u00ed: jelly caramel, \u0111\u00e0o, d\u00e2u t\u00e2y, nho<\/p>\n<p><strong>B\u1ea3o qu\u1ea3n:<\/strong>\u00a0B\u00e1nh n\u00ean \u0111\u01b0\u1ee3c d\u00f9ng trong ng\u00e0y v\u00e0 ngon h\u01a1n khi b\u1ea3o qu\u1ea3n l\u1ea1nh tr\u01b0\u1edbc khi th\u01b0\u1edfng th\u1ee9c.<\/p>\n<p><strong>Ph\u1ee5 ki\u1ec7n t\u1eb7ng k\u00e8m:<\/strong><\/p>\n<p>+ 1 dao c\u1eaft b\u00e1nh<\/p>\n<p>+ 1 b\u1ed9 d\u0129a v\u00e0 mu\u1ed7ng<\/p>\n<p>+ H\u1ed9p n\u1ebfn nh\u1ecf<\/p>\n<p><a href=\"https:\/\/bepcovy.azdigi.shop\/index.php\/cua-hang\/\">Mua ngay<\/a><\/p>\n<p><a href=\"https:\/\/cailonuong.com\/menu\/bold-charming-flan-gato-tra-thai-do\/\">Xem th\u00eam<\/a><\/p>\n","protected":false},"excerpt":{"rendered":"<p>Bold Charming chi\u1ebfc b\u00e1nh m\u1edbi ra m\u1eaft c\u1ee7a B\u1ebfp C\u00f4 Vy v\u00e0 c\u00f3 m\u1ed9t v\u1ebb \u0111\u1eb9p l\u00f4i cu\u1ed1n nh\u01b0 ch\u00ednh t\u00ean g\u1ecdi, \u0111\u00f3 kh\u00f4ng ch\u1ec9 l\u00e0 s\u1ef1 thu h\u00fat m\u1ecdi ch\u00fa \u00fd b\u1eb1ng v\u1ebb ngo\u00e0i b\u1eaft m\u1eaft m\u00e0 c\u00f2n h\u01b0\u01a1ng v\u1ecb \u0111\u1ea7y m\u1ea1nh m\u1ebd<\/p>\n<p>M\u1ed7i l\u00e1t b\u00e1nh nh\u01b0 m\u1ed9t c\u00e1nh c\u1ed5ng \u0111\u01b0a b\u1ea1n \u0111\u1ebfn v\u1edbi th\u1ebf gi\u1edbi di\u1ec7u k\u1ef3, n\u01a1i b\u1ea1n c\u00f3 th\u1ec3 th\u1ea3 m\u00ecnh v\u00e0o nh\u1eefng giai \u0111i\u1ec7u m\u00ea ho\u1eb7c c\u1ee7a l\u1edbp flan m\u1ec1m thoang tho\u1ea3ng h\u01b0\u01a1ng v\u1ecb tr\u00e0 Th\u00e1i \u0111\u1eb7c tr\u01b0ng. Kh\u00f4ng d\u1eebng l\u1ea1i \u1edf \u0111\u00f3, l\u1edbp gato s\u00f4-c\u00f4-la \u0111\u1eafng nh\u1eb9 nh\u00e0ng nh\u01b0 c\u1ed9ng h\u01b0\u1edfng v\u00e0 nh\u00e2n \u0111\u00f4i s\u1ee9c h\u00fat cho Bold Charming, khi\u1ebfn ai \u0111\u00e3 m\u00ea b\u1ed9 \u0111\u00f4i n\u00e0y.<\/p>\n<p>Bold Charming \u0111\u01b0\u1ee3c trang tr\u00ed v\u1edbi nh\u1eefng \u0111\u01b0\u1eddng cong m\u1ec1m m\u1ea1i, uy\u1ec3n chuy\u1ec3n, k\u1ebft h\u1ee3p c\u00f9ng nhi\u1ec1u lo\u1ea1i tr\u00e1i c\u00e2y t\u01b0\u01a1i m\u00e1t thanh nhi\u1ec7t m\u00f9a h\u00e8 nh\u01b0 d\u00e2u t\u00e2y v\u00e0 xanh. \u0110\u1eb7c bi\u1ec7t l\u00e0 t\u1ea1o h\u00ecnh b\u00f4ng hoa t\u1eeb nh\u1eefng \u0111\u00e0o mi\u1ebfng c\u0103ng m\u1ecdng. L\u00e0m cho chi\u1ebfc b\u00e1nh \u0111\u1ee7 \u0111\u1ea7y h\u01b0\u01a1ng s\u1eafc.<\/p>\n<p>V\u1edbi v\u1ebb ngo\u00e0i tinh t\u1ebf v\u00e0 h\u01b0\u01a1ng v\u1ecb th\u01a1m ngon b\u00f9ng n\u1ed5, Bold Charming \u2013\u00a0<a href=\"https:\/\/cailonuong.com\/danh-muc-san-pham\/banh-flan-gato\/\">Flan Gato<\/a>\u00a0Tr\u00e0 Th\u00e1i \u0110\u1ecf l\u00e0 m\u00f3n qu\u00e0 ho\u00e0n h\u1ea3o cho m\u1ecdi d\u1ecbp l\u1ec5, sinh nh\u1eadt, k\u1ef7 ni\u1ec7m \u0111\u1ebfn nh\u1eefng kho\u1ea3nh kh\u1eafc \u0111\u1eb7c bi\u1ec7t trong cu\u1ed9c s\u1ed1ng c\u1ee7a b\u1ea1n.<\/p>\n<p>C\u00f2n ch\u1ea7n ch\u1edd g\u00ec n\u1eefa, h\u00e3y \u0111\u1ebfn ngay B\u1ebfp C\u00f4 Vy v\u00e0 tr\u1ea3i nghi\u1ec7m h\u01b0\u01a1ng v\u1ecb Th\u00e1i Lan \u0111\u1ed9c \u0111\u00e1o \u0111\u1ebfn t\u1eeb chi\u1ebfc b\u00e1nh Flan Gato Tr\u00e0 Th\u00e1i \u0110\u1ecf \u2013 Bold Charming th\u00f4i!<\/p>\n","protected":false},"featured_media":220,"comment_status":"open","ping_status":"closed","template":"","meta":[],"product_brand":[],"product_cat":[19],"product_tag":[],"class_list":{"0":"post-219","1":"product","2":"type-product","3":"status-publish","4":"has-post-thumbnail","6":"product_cat-banh-flan-gato","8":"first","9":"instock","10":"shipping-taxable","11":"purchasable","12":"product-type-simple"},"yoast_head":"<!-- This site is optimized with the Yoast SEO plugin v27.1.1 - https:\/\/yoast.com\/product\/yoast-seo-wordpress\/ -->\n<title>Bold Charming \u2013 Flan Gato Tr\u00e0 Th\u00e1i \u0110\u1ecf - B\u1ebfp C\u00f4 Vy<\/title>\n<meta name=\"description\" content=\"B\u00e1nh flan tr\u00e0 th\u00e1i \u0111\u1ecf ng\u1ecdt d\u1ecbu, b\u00e9o nh\u1eb9, th\u01a1m h\u1ea5p d\u1eabn v\u1edbi flan tr\u00e0 th\u00e1i \u0111\u1ecf m\u1ec1m m\u1ecbn, b\u00f4ng lan s\u00f4-c\u00f4-la v\u00e0 tr\u00e1i c\u00e2y t\u01b0\u01a1i trang tr\u00ed \u0111\u1eb9p m\u1eaft.\" \/>\n<meta name=\"robots\" content=\"index, follow, max-snippet:-1, max-image-preview:large, max-video-preview:-1\" \/>\n<link rel=\"canonical\" href=\"https:\/\/bepcovy.azdigi.shop\/index.php\/san-pham\/bold-charming-flan-gato-tra-thai-do\/\" \/>\n<meta property=\"og:locale\" content=\"vi_VN\" \/>\n<meta property=\"og:type\" content=\"article\" \/>\n<meta property=\"og:title\" content=\"Bold Charming \u2013 Flan Gato Tr\u00e0 Th\u00e1i \u0110\u1ecf - B\u1ebfp C\u00f4 Vy\" \/>\n<meta property=\"og:description\" content=\"B\u00e1nh flan tr\u00e0 th\u00e1i \u0111\u1ecf ng\u1ecdt d\u1ecbu, b\u00e9o nh\u1eb9, th\u01a1m h\u1ea5p d\u1eabn v\u1edbi flan tr\u00e0 th\u00e1i \u0111\u1ecf m\u1ec1m m\u1ecbn, b\u00f4ng lan s\u00f4-c\u00f4-la v\u00e0 tr\u00e1i c\u00e2y t\u01b0\u01a1i trang tr\u00ed \u0111\u1eb9p m\u1eaft.\" \/>\n<meta property=\"og:url\" content=\"https:\/\/bepcovy.azdigi.shop\/index.php\/san-pham\/bold-charming-flan-gato-tra-thai-do\/\" \/>\n<meta property=\"og:site_name\" content=\"B\u1ebfp C\u00f4 Vy\" \/>\n<meta property=\"og:image\" content=\"https:\/\/bepcovy.azdigi.shop\/wp-content\/uploads\/2026\/04\/FlanGato-1-2.jpg\" \/>\n\t<meta property=\"og:image:width\" content=\"507\" \/>\n\t<meta property=\"og:image:height\" content=\"760\" \/>\n\t<meta property=\"og:image:type\" content=\"image\/jpeg\" \/>\n<meta name=\"twitter:card\" content=\"summary_large_image\" \/>\n<meta name=\"twitter:label1\" content=\"\u01af\u1edbc t\u00ednh th\u1eddi gian \u0111\u1ecdc\" \/>\n\t<meta name=\"twitter:data1\" content=\"2 ph\u00fat\" \/>\n<script type=\"application\/ld+json\" class=\"yoast-schema-graph\">{\"@context\":\"https:\/\/schema.org\",\"@graph\":[{\"@type\":\"WebPage\",\"@id\":\"https:\/\/bepcovy.azdigi.shop\/index.php\/san-pham\/bold-charming-flan-gato-tra-thai-do\/\",\"url\":\"https:\/\/bepcovy.azdigi.shop\/index.php\/san-pham\/bold-charming-flan-gato-tra-thai-do\/\",\"name\":\"Bold Charming \u2013 Flan Gato Tr\u00e0 Th\u00e1i \u0110\u1ecf - B\u1ebfp C\u00f4 Vy\",\"isPartOf\":{\"@id\":\"https:\/\/bepcovy.azdigi.shop\/#website\"},\"primaryImageOfPage\":{\"@id\":\"https:\/\/bepcovy.azdigi.shop\/index.php\/san-pham\/bold-charming-flan-gato-tra-thai-do\/#primaryimage\"},\"image\":{\"@id\":\"https:\/\/bepcovy.azdigi.shop\/index.php\/san-pham\/bold-charming-flan-gato-tra-thai-do\/#primaryimage\"},\"thumbnailUrl\":\"https:\/\/bepcovy.azdigi.shop\/wp-content\/uploads\/2026\/04\/FlanGato-1-2.jpg\",\"datePublished\":\"2026-04-10T17:57:01+00:00\",\"description\":\"B\u00e1nh flan tr\u00e0 th\u00e1i \u0111\u1ecf ng\u1ecdt d\u1ecbu, b\u00e9o nh\u1eb9, th\u01a1m h\u1ea5p d\u1eabn v\u1edbi flan tr\u00e0 th\u00e1i \u0111\u1ecf m\u1ec1m m\u1ecbn, b\u00f4ng lan s\u00f4-c\u00f4-la v\u00e0 tr\u00e1i c\u00e2y t\u01b0\u01a1i trang tr\u00ed \u0111\u1eb9p m\u1eaft.\",\"breadcrumb\":{\"@id\":\"https:\/\/bepcovy.azdigi.shop\/index.php\/san-pham\/bold-charming-flan-gato-tra-thai-do\/#breadcrumb\"},\"inLanguage\":\"vi\",\"potentialAction\":[{\"@type\":\"ReadAction\",\"target\":[\"https:\/\/bepcovy.azdigi.shop\/index.php\/san-pham\/bold-charming-flan-gato-tra-thai-do\/\"]}]},{\"@type\":\"ImageObject\",\"inLanguage\":\"vi\",\"@id\":\"https:\/\/bepcovy.azdigi.shop\/index.php\/san-pham\/bold-charming-flan-gato-tra-thai-do\/#primaryimage\",\"url\":\"https:\/\/bepcovy.azdigi.shop\/wp-content\/uploads\/2026\/04\/FlanGato-1-2.jpg\",\"contentUrl\":\"https:\/\/bepcovy.azdigi.shop\/wp-content\/uploads\/2026\/04\/FlanGato-1-2.jpg\",\"width\":507,\"height\":760},{\"@type\":\"BreadcrumbList\",\"@id\":\"https:\/\/bepcovy.azdigi.shop\/index.php\/san-pham\/bold-charming-flan-gato-tra-thai-do\/#breadcrumb\",\"itemListElement\":[{\"@type\":\"ListItem\",\"position\":1,\"name\":\"Trang ch\u1ee7\",\"item\":\"https:\/\/bepcovy.azdigi.shop\/\"},{\"@type\":\"ListItem\",\"position\":2,\"name\":\"C\u1eeda h\u00e0ng\",\"item\":\"https:\/\/bepcovy.azdigi.shop\/index.php\/cua-hang\/\"},{\"@type\":\"ListItem\",\"position\":3,\"name\":\"Bold Charming \u2013 Flan Gato Tr\u00e0 Th\u00e1i \u0110\u1ecf\"}]},{\"@type\":\"WebSite\",\"@id\":\"https:\/\/bepcovy.azdigi.shop\/#website\",\"url\":\"https:\/\/bepcovy.azdigi.shop\/\",\"name\":\"B\u1ebfp C\u00f4 Vy\",\"description\":\"\",\"potentialAction\":[{\"@type\":\"SearchAction\",\"target\":{\"@type\":\"EntryPoint\",\"urlTemplate\":\"https:\/\/bepcovy.azdigi.shop\/?s={search_term_string}\"},\"query-input\":{\"@type\":\"PropertyValueSpecification\",\"valueRequired\":true,\"valueName\":\"search_term_string\"}}],\"inLanguage\":\"vi\"}]}<\/script>\n<!-- \/ Yoast SEO plugin. -->","yoast_head_json":{"title":"Bold Charming \u2013 Flan Gato Tr\u00e0 Th\u00e1i \u0110\u1ecf - B\u1ebfp C\u00f4 Vy","description":"B\u00e1nh flan tr\u00e0 th\u00e1i \u0111\u1ecf ng\u1ecdt d\u1ecbu, b\u00e9o nh\u1eb9, th\u01a1m h\u1ea5p d\u1eabn v\u1edbi flan tr\u00e0 th\u00e1i \u0111\u1ecf m\u1ec1m m\u1ecbn, b\u00f4ng lan s\u00f4-c\u00f4-la v\u00e0 tr\u00e1i c\u00e2y t\u01b0\u01a1i trang tr\u00ed \u0111\u1eb9p m\u1eaft.","robots":{"index":"index","follow":"follow","max-snippet":"max-snippet:-1","max-image-preview":"max-image-preview:large","max-video-preview":"max-video-preview:-1"},"canonical":"https:\/\/bepcovy.azdigi.shop\/index.php\/san-pham\/bold-charming-flan-gato-tra-thai-do\/","og_locale":"vi_VN","og_type":"article","og_title":"Bold Charming \u2013 Flan Gato Tr\u00e0 Th\u00e1i \u0110\u1ecf - B\u1ebfp C\u00f4 Vy","og_description":"B\u00e1nh flan tr\u00e0 th\u00e1i \u0111\u1ecf ng\u1ecdt d\u1ecbu, b\u00e9o nh\u1eb9, th\u01a1m h\u1ea5p d\u1eabn v\u1edbi flan tr\u00e0 th\u00e1i \u0111\u1ecf m\u1ec1m m\u1ecbn, b\u00f4ng lan s\u00f4-c\u00f4-la v\u00e0 tr\u00e1i c\u00e2y t\u01b0\u01a1i trang tr\u00ed \u0111\u1eb9p m\u1eaft.","og_url":"https:\/\/bepcovy.azdigi.shop\/index.php\/san-pham\/bold-charming-flan-gato-tra-thai-do\/","og_site_name":"B\u1ebfp C\u00f4 Vy","og_image":[{"width":507,"height":760,"url":"https:\/\/bepcovy.azdigi.shop\/wp-content\/uploads\/2026\/04\/FlanGato-1-2.jpg","type":"image\/jpeg"}],"twitter_card":"summary_large_image","twitter_misc":{"\u01af\u1edbc t\u00ednh th\u1eddi gian \u0111\u1ecdc":"2 ph\u00fat"},"schema":{"@context":"https:\/\/schema.org","@graph":[{"@type":"WebPage","@id":"https:\/\/bepcovy.azdigi.shop\/index.php\/san-pham\/bold-charming-flan-gato-tra-thai-do\/","url":"https:\/\/bepcovy.azdigi.shop\/index.php\/san-pham\/bold-charming-flan-gato-tra-thai-do\/","name":"Bold Charming \u2013 Flan Gato Tr\u00e0 Th\u00e1i \u0110\u1ecf - B\u1ebfp C\u00f4 Vy","isPartOf":{"@id":"https:\/\/bepcovy.azdigi.shop\/#website"},"primaryImageOfPage":{"@id":"https:\/\/bepcovy.azdigi.shop\/index.php\/san-pham\/bold-charming-flan-gato-tra-thai-do\/#primaryimage"},"image":{"@id":"https:\/\/bepcovy.azdigi.shop\/index.php\/san-pham\/bold-charming-flan-gato-tra-thai-do\/#primaryimage"},"thumbnailUrl":"https:\/\/bepcovy.azdigi.shop\/wp-content\/uploads\/2026\/04\/FlanGato-1-2.jpg","datePublished":"2026-04-10T17:57:01+00:00","description":"B\u00e1nh flan tr\u00e0 th\u00e1i \u0111\u1ecf ng\u1ecdt d\u1ecbu, b\u00e9o nh\u1eb9, th\u01a1m h\u1ea5p d\u1eabn v\u1edbi flan tr\u00e0 th\u00e1i \u0111\u1ecf m\u1ec1m m\u1ecbn, b\u00f4ng lan s\u00f4-c\u00f4-la v\u00e0 tr\u00e1i c\u00e2y t\u01b0\u01a1i trang tr\u00ed \u0111\u1eb9p m\u1eaft.","breadcrumb":{"@id":"https:\/\/bepcovy.azdigi.shop\/index.php\/san-pham\/bold-charming-flan-gato-tra-thai-do\/#breadcrumb"},"inLanguage":"vi","potentialAction":[{"@type":"ReadAction","target":["https:\/\/bepcovy.azdigi.shop\/index.php\/san-pham\/bold-charming-flan-gato-tra-thai-do\/"]}]},{"@type":"ImageObject","inLanguage":"vi","@id":"https:\/\/bepcovy.azdigi.shop\/index.php\/san-pham\/bold-charming-flan-gato-tra-thai-do\/#primaryimage","url":"https:\/\/bepcovy.azdigi.shop\/wp-content\/uploads\/2026\/04\/FlanGato-1-2.jpg","contentUrl":"https:\/\/bepcovy.azdigi.shop\/wp-content\/uploads\/2026\/04\/FlanGato-1-2.jpg","width":507,"height":760},{"@type":"BreadcrumbList","@id":"https:\/\/bepcovy.azdigi.shop\/index.php\/san-pham\/bold-charming-flan-gato-tra-thai-do\/#breadcrumb","itemListElement":[{"@type":"ListItem","position":1,"name":"Trang ch\u1ee7","item":"https:\/\/bepcovy.azdigi.shop\/"},{"@type":"ListItem","position":2,"name":"C\u1eeda h\u00e0ng","item":"https:\/\/bepcovy.azdigi.shop\/index.php\/cua-hang\/"},{"@type":"ListItem","position":3,"name":"Bold Charming \u2013 Flan Gato Tr\u00e0 Th\u00e1i \u0110\u1ecf"}]},{"@type":"WebSite","@id":"https:\/\/bepcovy.azdigi.shop\/#website","url":"https:\/\/bepcovy.azdigi.shop\/","name":"B\u1ebfp C\u00f4 Vy","description":"","potentialAction":[{"@type":"SearchAction","target":{"@type":"EntryPoint","urlTemplate":"https:\/\/bepcovy.azdigi.shop\/?s={search_term_string}"},"query-input":{"@type":"PropertyValueSpecification","valueRequired":true,"valueName":"search_term_string"}}],"inLanguage":"vi"}]}},"_links":{"self":[{"href":"https:\/\/bepcovy.azdigi.shop\/index.php\/wp-json\/wp\/v2\/product\/219","targetHints":{"allow":["GET"]}}],"collection":[{"href":"https:\/\/bepcovy.azdigi.shop\/index.php\/wp-json\/wp\/v2\/product"}],"about":[{"href":"https:\/\/bepcovy.azdigi.shop\/index.php\/wp-json\/wp\/v2\/types\/product"}],"replies":[{"embeddable":true,"href":"https:\/\/bepcovy.azdigi.shop\/index.php\/wp-json\/wp\/v2\/comments?post=219"}],"wp:featuredmedia":[{"embeddable":true,"href":"https:\/\/bepcovy.azdigi.shop\/index.php\/wp-json\/wp\/v2\/media\/220"}],"wp:attachment":[{"href":"https:\/\/bepcovy.azdigi.shop\/index.php\/wp-json\/wp\/v2\/media?parent=219"}],"wp:term":[{"taxonomy":"product_brand","embeddable":true,"href":"https:\/\/bepcovy.azdigi.shop\/index.php\/wp-json\/wp\/v2\/product_brand?post=219"},{"taxonomy":"product_cat","embeddable":true,"href":"https:\/\/bepcovy.azdigi.shop\/index.php\/wp-json\/wp\/v2\/product_cat?post=219"},{"taxonomy":"product_tag","embeddable":true,"href":"https:\/\/bepcovy.azdigi.shop\/index.php\/wp-json\/wp\/v2\/product_tag?post=219"}],"curies":[{"name":"wp","href":"https:\/\/api.w.org\/{rel}","templated":true}]}}