{"id":217,"date":"2026-04-10T17:52:41","date_gmt":"2026-04-10T17:52:41","guid":{"rendered":"https:\/\/bepcovy.azdigi.shop\/?post_type=product&#038;p=217"},"modified":"2026-04-10T17:52:41","modified_gmt":"2026-04-10T17:52:41","slug":"harvest-bloom-banh-kem-bap-truyen-thong","status":"publish","type":"product","link":"https:\/\/bepcovy.azdigi.shop\/index.php\/san-pham\/harvest-bloom-banh-kem-bap-truyen-thong\/","title":{"rendered":"Harvest Bloom  \u2013 B\u00e1nh kem B\u1eafp truy\u1ec1n th\u1ed1ng"},"content":{"rendered":"<p data-start=\"636\" data-end=\"908\">B\u00e1nh mousse b\u1eafp kem truy\u1ec1n th\u1ed1ng l\u00e0 s\u1ef1 k\u1ebft h\u1ee3p ho\u00e0n h\u1ea3o gi\u1eefa v\u1ecb ng\u1ecdt d\u1ecbu, h\u01b0\u01a1ng th\u01a1m \u0111\u1eb7c tr\u01b0ng c\u1ee7a b\u1eafp v\u00e0 l\u1edbp kem b\u00e9o nh\u1eb9 h\u1ea5p d\u1eabn. \u0110\u00e2y l\u00e0 l\u1ef1a ch\u1ecdn l\u00fd t\u01b0\u1edfng cho nh\u1eefng ai y\u00eau th\u00edch c\u00e1c d\u00f2ng b\u00e1nh mousse m\u1ec1m m\u1ecbn nh\u01b0ng v\u1eabn gi\u1eef \u0111\u01b0\u1ee3c n\u00e9t quen thu\u1ed9c c\u1ee7a b\u00e1nh kem truy\u1ec1n th\u1ed1ng.<\/p>\n<p data-start=\"910\" data-end=\"1201\">Ph\u1ea7n th\u00e2n b\u00e1nh mousse b\u1eafp kem truy\u1ec1n th\u1ed1ng g\u1ed3m l\u1edbp mousse b\u1eafp m\u1ec1m m\u01b0\u1ee3t h\u00f2a quy\u1ec7n c\u00f9ng l\u1edbp b\u00f4ng lan b\u1eafp x\u1ed1p nh\u1eb9, t\u1ea1o n\u00ean k\u1ebft c\u1ea5u h\u00e0i h\u00f2a v\u00e0 th\u01a1m ngon trong t\u1eebng mi\u1ebfng b\u00e1nh. H\u01b0\u01a1ng v\u1ecb b\u1eafp t\u1ef1 nhi\u00ean gi\u00fap chi\u1ebfc b\u00e1nh tr\u1edf n\u00ean n\u1ed5i b\u1eadt nh\u01b0ng kh\u00f4ng qu\u00e1 ng\u1ecdt, ph\u00f9 h\u1ee3p v\u1edbi nhi\u1ec1u \u0111\u1ed1i t\u01b0\u1ee3ng kh\u00e1ch h\u00e0ng.<\/p>\n<p data-start=\"1203\" data-end=\"1476\">B\u00e1nh \u0111\u01b0\u1ee3c trang tr\u00ed \u0111\u1eb9p m\u1eaft v\u1edbi d\u00e2u t\u00e2y t\u01b0\u01a1i, b\u1eafp nguy\u00ean h\u1ea1t, s\u00f4-c\u00f4-la tr\u1eafng, \u0111\u00e0o v\u00e0 l\u1edbp kem truy\u1ec1n th\u1ed1ng m\u1ec1m m\u1ecbn, mang \u0111\u1ebfn v\u1ebb ngo\u00e0i h\u1ea5p d\u1eabn v\u00e0 tinh t\u1ebf. Thi\u1ebft k\u1ebf trang tr\u00ed gi\u00fap chi\u1ebfc b\u00e1nh th\u00edch h\u1ee3p cho ti\u1ec7c sinh nh\u1eadt, h\u1ecdp m\u1eb7t ho\u1eb7c l\u00e0m qu\u00e0 t\u1eb7ng trong nh\u1eefng d\u1ecbp \u0111\u1eb7c bi\u1ec7t.<\/p>\n<p><strong>H\u01b0\u01a1ng th\u01a1m v\u00e0 m\u00f9i v\u1ecb:<\/strong>\u00a0Ng\u1ecdt d\u1ecbu \u2013 Th\u01a1m \u0111\u1eb7c tr\u01b0ng \u2013 B\u00e9o nh\u1eb9<\/p>\n<p><strong>B\u00e1nh size 22cm<\/strong><\/p>\n<p><strong>C\u1ea5u tr\u00fac b\u00e1nh:<\/strong><\/p>\n<p>Ph\u1ea7n th\u00e2n b\u00e1nh g\u1ed3m c\u00e1c l\u1edbp ch\u00ednh:<\/p>\n<p>+ Mousse b\u1eafp<\/p>\n<p>+ B\u00f4ng lan b\u1eafp<\/p>\n<p>Ph\u1ea7n trang tr\u00ed: D\u00e2u t\u00e2y, B\u1eafp nguy\u00ean h\u1ea1t, S\u00f4-c\u00f4-la tr\u1eafng, \u0110\u00e0o Kem truy\u1ec1n th\u1ed1ng<\/p>\n<p><strong>B\u1ea3o qu\u1ea3n:<\/strong>\u00a0B\u00e1nh n\u00ean \u0111\u01b0\u1ee3c d\u00f9ng trong ng\u00e0y v\u00e0 ngon h\u01a1n khi b\u1ea3o qu\u1ea3n l\u1ea1nh tr\u01b0\u1edbc khi th\u01b0\u1edfng th\u1ee9c.<\/p>\n<p><strong>Ph\u1ee5 ki\u1ec7n t\u1eb7ng k\u00e8m:<\/strong><\/p>\n<p>+ 1 dao c\u1eaft b\u00e1nh<\/p>\n<p>+ 1 b\u1ed9 d\u0129a v\u00e0 mu\u1ed7ng<\/p>\n<p>+ H\u1ed9p n\u1ebfn nh\u1ecf<\/p>\n<p>+ C\u00e2y ghim v\u00e0 ph\u1ee5 ki\u1ec7n ri\u00eang c\u1ee7a b\u00e1nh<\/p>\n<p><a href=\"https:\/\/bepcovy.azdigi.shop\/index.php\/cua-hang\/\">Mua ngay<\/a><\/p>\n<p><a href=\"https:\/\/cailonuong.com\/menu\/harvest-bloom-short-banh-kem-bap-truyen-thong\/\">Xem th\u00eam<\/a><\/p>\n","protected":false},"excerpt":{"rendered":"<p>H\u00c8 R\u1ea0NG R\u1ee0 C\u00d9NG DI\u1ec6N M\u1ea0O M\u1edaI C\u1ee6A B\u00c1NH KEM B\u1eaeP \u2728<\/p>\n<p>C\u00f3 nh\u1eefng s\u1ef1 k\u1ebft h\u1ee3p sinh ra l\u00e0 d\u00e0nh cho nhau, nh\u01b0 c\u00e1i n\u00f3ng c\u1ee7a m\u00f9a h\u00e8 v\u00e0 h\u01b0\u01a1ng v\u1ecb thanh m\u00e1t c\u1ee7a m\u1ed9t mi\u1ebfng B\u00e1nh Kem B\u1eafp v\u1eady.<\/p>\n<p>V\u1eabn l\u00e0 \u201cng\u01b0\u1eddi quen\u201d Harvest Bloom l\u00e2u nay t\u1ea1i B\u1ebfp C\u00f4 Vy, nh\u01b0ng \u0111\u1ec3 h\u00f2a c\u00f9ng kh\u00f4ng kh\u00ed r\u1ef1c r\u1ee1 c\u1ee7a n\u1eafng h\u00e8, ti\u1ec7m \u0111\u00e3 tinh ch\u1ec9nh nh\u1eb9 m\u1ed9t ch\u00fat \u1edf ph\u1ea7n trang tr\u00ed b\u1ec1 m\u1eb7t \u0111\u1ec3 mang t\u1edbi m\u1ed9t di\u1ec7n m\u1ea1o m\u1edbi m\u00e1t m\u1eaft v\u00e0 t\u01b0\u01a1i m\u1edbi h\u01a1n, t\u1ea1o ra chi\u1ebfc b\u00e1nh tr\u00f4ng th\u1eadt \u201ch\u1ee3p vibe\u201d khi xu\u1ea5t hi\u1ec7n tr\u00ean b\u00e0n ti\u1ec7c m\u00f9a h\u00e8 c\u1ee7a b\u1ea1n.<\/p>\n<p>B\u00ean trong v\u1eabn l\u00e0 c\u1ea5u tr\u00fac mousse b\u1eafp m\u1ecbn m\u01b0\u1edbt c\u00f9ng v\u1ecb ng\u1ecdt thanh, b\u00f9i b\u00e9o \u0111\u1eb7c tr\u01b0ng \u0111\u00e3 chinh ph\u1ee5c bao kh\u00e1ch h\u00e0ng trong su\u1ed1t th\u1eddi gian qua.<\/p>\n<p>Gh\u00e9 ti\u1ec7m ngay h\u00f4m nay \u0111\u1ec3 g\u1eb7p l\u1ea1i \u201cch\u00e2n \u00e1i\u201d trong m\u1ed9t di\u1ec7n m\u1ea1o r\u1ea1ng r\u1ee1 h\u01a1n nh\u00e9!<\/p>\n","protected":false},"featured_media":218,"comment_status":"open","ping_status":"closed","template":"","meta":[],"product_brand":[],"product_cat":[23],"product_tag":[],"class_list":{"0":"post-217","1":"product","2":"type-product","3":"status-publish","4":"has-post-thumbnail","6":"product_cat-banh-kem-bap","8":"first","9":"instock","10":"shipping-taxable","11":"purchasable","12":"product-type-simple"},"yoast_head":"<!-- This site is optimized with the Yoast SEO plugin v27.1.1 - https:\/\/yoast.com\/product\/yoast-seo-wordpress\/ -->\n<title>Harvest Bloom \u2013 B\u00e1nh kem B\u1eafp truy\u1ec1n th\u1ed1ng - B\u1ebfp C\u00f4 Vy<\/title>\n<meta name=\"description\" content=\"B\u00e1nh mousse b\u1eafp kem truy\u1ec1n th\u1ed1ng ng\u1ecdt d\u1ecbu, th\u01a1m \u0111\u1eb7c tr\u01b0ng, b\u00e9o nh\u1eb9 v\u1edbi mousse b\u1eafp m\u1ec1m m\u1ecbn, b\u00f4ng lan b\u1eafp v\u00e0 l\u1edbp kem truy\u1ec1n th\u1ed1ng h\u1ea5p d\u1eabn.\" \/>\n<meta name=\"robots\" content=\"index, follow, max-snippet:-1, max-image-preview:large, max-video-preview:-1\" \/>\n<link rel=\"canonical\" href=\"https:\/\/bepcovy.azdigi.shop\/index.php\/san-pham\/harvest-bloom-banh-kem-bap-truyen-thong\/\" \/>\n<meta property=\"og:locale\" content=\"vi_VN\" \/>\n<meta property=\"og:type\" content=\"article\" \/>\n<meta property=\"og:title\" content=\"Harvest Bloom \u2013 B\u00e1nh kem B\u1eafp truy\u1ec1n th\u1ed1ng - B\u1ebfp C\u00f4 Vy\" \/>\n<meta property=\"og:description\" content=\"B\u00e1nh mousse b\u1eafp kem truy\u1ec1n th\u1ed1ng ng\u1ecdt d\u1ecbu, th\u01a1m \u0111\u1eb7c tr\u01b0ng, b\u00e9o nh\u1eb9 v\u1edbi mousse b\u1eafp m\u1ec1m m\u1ecbn, b\u00f4ng lan b\u1eafp v\u00e0 l\u1edbp kem truy\u1ec1n th\u1ed1ng h\u1ea5p d\u1eabn.\" \/>\n<meta property=\"og:url\" content=\"https:\/\/bepcovy.azdigi.shop\/index.php\/san-pham\/harvest-bloom-banh-kem-bap-truyen-thong\/\" \/>\n<meta property=\"og:site_name\" content=\"B\u1ebfp C\u00f4 Vy\" \/>\n<meta property=\"og:image\" content=\"https:\/\/bepcovy.azdigi.shop\/wp-content\/uploads\/2026\/04\/4-7-768x1152-1.jpg\" \/>\n\t<meta property=\"og:image:width\" content=\"768\" \/>\n\t<meta property=\"og:image:height\" content=\"1152\" \/>\n\t<meta property=\"og:image:type\" content=\"image\/jpeg\" \/>\n<meta name=\"twitter:card\" content=\"summary_large_image\" \/>\n<meta name=\"twitter:label1\" content=\"\u01af\u1edbc t\u00ednh th\u1eddi gian \u0111\u1ecdc\" \/>\n\t<meta name=\"twitter:data1\" content=\"2 ph\u00fat\" \/>\n<script type=\"application\/ld+json\" class=\"yoast-schema-graph\">{\"@context\":\"https:\/\/schema.org\",\"@graph\":[{\"@type\":\"WebPage\",\"@id\":\"https:\/\/bepcovy.azdigi.shop\/index.php\/san-pham\/harvest-bloom-banh-kem-bap-truyen-thong\/\",\"url\":\"https:\/\/bepcovy.azdigi.shop\/index.php\/san-pham\/harvest-bloom-banh-kem-bap-truyen-thong\/\",\"name\":\"Harvest Bloom \u2013 B\u00e1nh kem B\u1eafp truy\u1ec1n th\u1ed1ng - B\u1ebfp C\u00f4 Vy\",\"isPartOf\":{\"@id\":\"https:\/\/bepcovy.azdigi.shop\/#website\"},\"primaryImageOfPage\":{\"@id\":\"https:\/\/bepcovy.azdigi.shop\/index.php\/san-pham\/harvest-bloom-banh-kem-bap-truyen-thong\/#primaryimage\"},\"image\":{\"@id\":\"https:\/\/bepcovy.azdigi.shop\/index.php\/san-pham\/harvest-bloom-banh-kem-bap-truyen-thong\/#primaryimage\"},\"thumbnailUrl\":\"https:\/\/bepcovy.azdigi.shop\/wp-content\/uploads\/2026\/04\/4-7-768x1152-1.jpg\",\"datePublished\":\"2026-04-10T17:52:41+00:00\",\"description\":\"B\u00e1nh mousse b\u1eafp kem truy\u1ec1n th\u1ed1ng ng\u1ecdt d\u1ecbu, th\u01a1m \u0111\u1eb7c tr\u01b0ng, b\u00e9o nh\u1eb9 v\u1edbi mousse b\u1eafp m\u1ec1m m\u1ecbn, b\u00f4ng lan b\u1eafp v\u00e0 l\u1edbp kem truy\u1ec1n th\u1ed1ng h\u1ea5p d\u1eabn.\",\"breadcrumb\":{\"@id\":\"https:\/\/bepcovy.azdigi.shop\/index.php\/san-pham\/harvest-bloom-banh-kem-bap-truyen-thong\/#breadcrumb\"},\"inLanguage\":\"vi\",\"potentialAction\":[{\"@type\":\"ReadAction\",\"target\":[\"https:\/\/bepcovy.azdigi.shop\/index.php\/san-pham\/harvest-bloom-banh-kem-bap-truyen-thong\/\"]}]},{\"@type\":\"ImageObject\",\"inLanguage\":\"vi\",\"@id\":\"https:\/\/bepcovy.azdigi.shop\/index.php\/san-pham\/harvest-bloom-banh-kem-bap-truyen-thong\/#primaryimage\",\"url\":\"https:\/\/bepcovy.azdigi.shop\/wp-content\/uploads\/2026\/04\/4-7-768x1152-1.jpg\",\"contentUrl\":\"https:\/\/bepcovy.azdigi.shop\/wp-content\/uploads\/2026\/04\/4-7-768x1152-1.jpg\",\"width\":768,\"height\":1152},{\"@type\":\"BreadcrumbList\",\"@id\":\"https:\/\/bepcovy.azdigi.shop\/index.php\/san-pham\/harvest-bloom-banh-kem-bap-truyen-thong\/#breadcrumb\",\"itemListElement\":[{\"@type\":\"ListItem\",\"position\":1,\"name\":\"Trang ch\u1ee7\",\"item\":\"https:\/\/bepcovy.azdigi.shop\/\"},{\"@type\":\"ListItem\",\"position\":2,\"name\":\"C\u1eeda h\u00e0ng\",\"item\":\"https:\/\/bepcovy.azdigi.shop\/index.php\/cua-hang\/\"},{\"@type\":\"ListItem\",\"position\":3,\"name\":\"Harvest Bloom \u2013 B\u00e1nh kem B\u1eafp truy\u1ec1n th\u1ed1ng\"}]},{\"@type\":\"WebSite\",\"@id\":\"https:\/\/bepcovy.azdigi.shop\/#website\",\"url\":\"https:\/\/bepcovy.azdigi.shop\/\",\"name\":\"B\u1ebfp C\u00f4 Vy\",\"description\":\"\",\"potentialAction\":[{\"@type\":\"SearchAction\",\"target\":{\"@type\":\"EntryPoint\",\"urlTemplate\":\"https:\/\/bepcovy.azdigi.shop\/?s={search_term_string}\"},\"query-input\":{\"@type\":\"PropertyValueSpecification\",\"valueRequired\":true,\"valueName\":\"search_term_string\"}}],\"inLanguage\":\"vi\"}]}<\/script>\n<!-- \/ Yoast SEO plugin. -->","yoast_head_json":{"title":"Harvest Bloom \u2013 B\u00e1nh kem B\u1eafp truy\u1ec1n th\u1ed1ng - B\u1ebfp C\u00f4 Vy","description":"B\u00e1nh mousse b\u1eafp kem truy\u1ec1n th\u1ed1ng ng\u1ecdt d\u1ecbu, th\u01a1m \u0111\u1eb7c tr\u01b0ng, b\u00e9o nh\u1eb9 v\u1edbi mousse b\u1eafp m\u1ec1m m\u1ecbn, b\u00f4ng lan b\u1eafp v\u00e0 l\u1edbp kem truy\u1ec1n th\u1ed1ng h\u1ea5p d\u1eabn.","robots":{"index":"index","follow":"follow","max-snippet":"max-snippet:-1","max-image-preview":"max-image-preview:large","max-video-preview":"max-video-preview:-1"},"canonical":"https:\/\/bepcovy.azdigi.shop\/index.php\/san-pham\/harvest-bloom-banh-kem-bap-truyen-thong\/","og_locale":"vi_VN","og_type":"article","og_title":"Harvest Bloom \u2013 B\u00e1nh kem B\u1eafp truy\u1ec1n th\u1ed1ng - B\u1ebfp C\u00f4 Vy","og_description":"B\u00e1nh mousse b\u1eafp kem truy\u1ec1n th\u1ed1ng ng\u1ecdt d\u1ecbu, th\u01a1m \u0111\u1eb7c tr\u01b0ng, b\u00e9o nh\u1eb9 v\u1edbi mousse b\u1eafp m\u1ec1m m\u1ecbn, b\u00f4ng lan b\u1eafp v\u00e0 l\u1edbp kem truy\u1ec1n th\u1ed1ng h\u1ea5p d\u1eabn.","og_url":"https:\/\/bepcovy.azdigi.shop\/index.php\/san-pham\/harvest-bloom-banh-kem-bap-truyen-thong\/","og_site_name":"B\u1ebfp C\u00f4 Vy","og_image":[{"width":768,"height":1152,"url":"https:\/\/bepcovy.azdigi.shop\/wp-content\/uploads\/2026\/04\/4-7-768x1152-1.jpg","type":"image\/jpeg"}],"twitter_card":"summary_large_image","twitter_misc":{"\u01af\u1edbc t\u00ednh th\u1eddi gian \u0111\u1ecdc":"2 ph\u00fat"},"schema":{"@context":"https:\/\/schema.org","@graph":[{"@type":"WebPage","@id":"https:\/\/bepcovy.azdigi.shop\/index.php\/san-pham\/harvest-bloom-banh-kem-bap-truyen-thong\/","url":"https:\/\/bepcovy.azdigi.shop\/index.php\/san-pham\/harvest-bloom-banh-kem-bap-truyen-thong\/","name":"Harvest Bloom \u2013 B\u00e1nh kem B\u1eafp truy\u1ec1n th\u1ed1ng - B\u1ebfp C\u00f4 Vy","isPartOf":{"@id":"https:\/\/bepcovy.azdigi.shop\/#website"},"primaryImageOfPage":{"@id":"https:\/\/bepcovy.azdigi.shop\/index.php\/san-pham\/harvest-bloom-banh-kem-bap-truyen-thong\/#primaryimage"},"image":{"@id":"https:\/\/bepcovy.azdigi.shop\/index.php\/san-pham\/harvest-bloom-banh-kem-bap-truyen-thong\/#primaryimage"},"thumbnailUrl":"https:\/\/bepcovy.azdigi.shop\/wp-content\/uploads\/2026\/04\/4-7-768x1152-1.jpg","datePublished":"2026-04-10T17:52:41+00:00","description":"B\u00e1nh mousse b\u1eafp kem truy\u1ec1n th\u1ed1ng ng\u1ecdt d\u1ecbu, th\u01a1m \u0111\u1eb7c tr\u01b0ng, b\u00e9o nh\u1eb9 v\u1edbi mousse b\u1eafp m\u1ec1m m\u1ecbn, b\u00f4ng lan b\u1eafp v\u00e0 l\u1edbp kem truy\u1ec1n th\u1ed1ng h\u1ea5p d\u1eabn.","breadcrumb":{"@id":"https:\/\/bepcovy.azdigi.shop\/index.php\/san-pham\/harvest-bloom-banh-kem-bap-truyen-thong\/#breadcrumb"},"inLanguage":"vi","potentialAction":[{"@type":"ReadAction","target":["https:\/\/bepcovy.azdigi.shop\/index.php\/san-pham\/harvest-bloom-banh-kem-bap-truyen-thong\/"]}]},{"@type":"ImageObject","inLanguage":"vi","@id":"https:\/\/bepcovy.azdigi.shop\/index.php\/san-pham\/harvest-bloom-banh-kem-bap-truyen-thong\/#primaryimage","url":"https:\/\/bepcovy.azdigi.shop\/wp-content\/uploads\/2026\/04\/4-7-768x1152-1.jpg","contentUrl":"https:\/\/bepcovy.azdigi.shop\/wp-content\/uploads\/2026\/04\/4-7-768x1152-1.jpg","width":768,"height":1152},{"@type":"BreadcrumbList","@id":"https:\/\/bepcovy.azdigi.shop\/index.php\/san-pham\/harvest-bloom-banh-kem-bap-truyen-thong\/#breadcrumb","itemListElement":[{"@type":"ListItem","position":1,"name":"Trang ch\u1ee7","item":"https:\/\/bepcovy.azdigi.shop\/"},{"@type":"ListItem","position":2,"name":"C\u1eeda h\u00e0ng","item":"https:\/\/bepcovy.azdigi.shop\/index.php\/cua-hang\/"},{"@type":"ListItem","position":3,"name":"Harvest Bloom \u2013 B\u00e1nh kem B\u1eafp truy\u1ec1n th\u1ed1ng"}]},{"@type":"WebSite","@id":"https:\/\/bepcovy.azdigi.shop\/#website","url":"https:\/\/bepcovy.azdigi.shop\/","name":"B\u1ebfp C\u00f4 Vy","description":"","potentialAction":[{"@type":"SearchAction","target":{"@type":"EntryPoint","urlTemplate":"https:\/\/bepcovy.azdigi.shop\/?s={search_term_string}"},"query-input":{"@type":"PropertyValueSpecification","valueRequired":true,"valueName":"search_term_string"}}],"inLanguage":"vi"}]}},"_links":{"self":[{"href":"https:\/\/bepcovy.azdigi.shop\/index.php\/wp-json\/wp\/v2\/product\/217","targetHints":{"allow":["GET"]}}],"collection":[{"href":"https:\/\/bepcovy.azdigi.shop\/index.php\/wp-json\/wp\/v2\/product"}],"about":[{"href":"https:\/\/bepcovy.azdigi.shop\/index.php\/wp-json\/wp\/v2\/types\/product"}],"replies":[{"embeddable":true,"href":"https:\/\/bepcovy.azdigi.shop\/index.php\/wp-json\/wp\/v2\/comments?post=217"}],"wp:featuredmedia":[{"embeddable":true,"href":"https:\/\/bepcovy.azdigi.shop\/index.php\/wp-json\/wp\/v2\/media\/218"}],"wp:attachment":[{"href":"https:\/\/bepcovy.azdigi.shop\/index.php\/wp-json\/wp\/v2\/media?parent=217"}],"wp:term":[{"taxonomy":"product_brand","embeddable":true,"href":"https:\/\/bepcovy.azdigi.shop\/index.php\/wp-json\/wp\/v2\/product_brand?post=217"},{"taxonomy":"product_cat","embeddable":true,"href":"https:\/\/bepcovy.azdigi.shop\/index.php\/wp-json\/wp\/v2\/product_cat?post=217"},{"taxonomy":"product_tag","embeddable":true,"href":"https:\/\/bepcovy.azdigi.shop\/index.php\/wp-json\/wp\/v2\/product_tag?post=217"}],"curies":[{"name":"wp","href":"https:\/\/api.w.org\/{rel}","templated":true}]}}