{"id":213,"date":"2026-04-10T17:49:06","date_gmt":"2026-04-10T17:49:06","guid":{"rendered":"https:\/\/bepcovy.azdigi.shop\/?post_type=product&#038;p=213"},"modified":"2026-04-10T17:49:06","modified_gmt":"2026-04-10T17:49:06","slug":"delicate-bloom-banh-kem-bap-dau","status":"publish","type":"product","link":"https:\/\/bepcovy.azdigi.shop\/index.php\/san-pham\/delicate-bloom-banh-kem-bap-dau\/","title":{"rendered":"Delicate Bloom  \u2013 B\u00e1nh kem B\u1eafp D\u00e2u"},"content":{"rendered":"<p data-start=\"583\" data-end=\"840\">B\u00e1nh mousse b\u1eafp l\u00e0 l\u1ef1a ch\u1ecdn ho\u00e0n h\u1ea3o d\u00e0nh cho nh\u1eefng ai y\u00eau th\u00edch h\u01b0\u01a1ng v\u1ecb ng\u1ecdt d\u1ecbu t\u1ef1 nhi\u00ean c\u00f9ng m\u00f9i th\u01a1m \u0111\u1eb7c tr\u01b0ng c\u1ee7a b\u1eafp t\u01b0\u01a1i. V\u1edbi k\u1ebft c\u1ea5u m\u1ec1m m\u1ecbn v\u00e0 v\u1ecb b\u00e9o nh\u1eb9 v\u1eeba ph\u1ea3i, chi\u1ebfc b\u00e1nh mang \u0111\u1ebfn tr\u1ea3i nghi\u1ec7m ng\u1ecdt ng\u00e0o nh\u01b0ng kh\u00f4ng g\u00e2y ng\u1ea5y khi th\u01b0\u1edfng th\u1ee9c.<\/p>\n<p data-start=\"842\" data-end=\"1085\">Ph\u1ea7n th\u00e2n b\u00e1nh mousse b\u1eafp \u0111\u01b0\u1ee3c t\u1ea1o n\u00ean t\u1eeb l\u1edbp mousse b\u1eafp m\u1ec1m m\u01b0\u1ee3t, th\u01a1m b\u00e9o t\u1ef1 nhi\u00ean v\u00e0 l\u1edbp b\u00f4ng lan b\u1eafp x\u1ed1p nh\u1eb9, gi\u00fap t\u1ed5ng th\u1ec3 b\u00e1nh th\u00eam h\u00e0i h\u00f2a v\u00e0 h\u1ea5p d\u1eabn. S\u1ef1 k\u1ebft h\u1ee3p n\u00e0y t\u1ea1o n\u00ean h\u01b0\u01a1ng v\u1ecb \u0111\u1eb7c tr\u01b0ng ri\u00eang bi\u1ec7t, ph\u00f9 h\u1ee3p v\u1edbi nhi\u1ec1u l\u1ee9a tu\u1ed5i.<\/p>\n<p data-start=\"1087\" data-end=\"1358\">Kh\u00f4ng ch\u1ec9 ngon mi\u1ec7ng, b\u00e1nh mousse b\u1eafp c\u00f2n \u0111\u01b0\u1ee3c trang tr\u00ed b\u1eaft m\u1eaft v\u1edbi d\u00e2u t\u00e2y, nho, b\u1eafp nguy\u00ean h\u1ea1t, \u0111\u00e0o v\u00e0 s\u00f4-c\u00f4-la tr\u1eafng, gi\u00fap chi\u1ebfc b\u00e1nh th\u00eam ph\u1ea7n n\u1ed5i b\u1eadt v\u00e0 t\u01b0\u01a1i m\u1edbi. \u0110\u00e2y l\u00e0 l\u1ef1a ch\u1ecdn th\u00edch h\u1ee3p cho c\u00e1c bu\u1ed5i ti\u1ec7c sinh nh\u1eadt, h\u1ecdp m\u1eb7t gia \u0111\u00ecnh ho\u1eb7c l\u00e0m qu\u00e0 t\u1eb7ng \u00fd ngh\u0129a.<\/p>\n<p><strong>H\u01b0\u01a1ng th\u01a1m v\u00e0 m\u00f9i v\u1ecb:<\/strong>\u00a0Ng\u1ecdt d\u1ecbu \u2013 Th\u01a1m \u0111\u1eb7c tr\u01b0ng \u2013 B\u00e9o nh\u1eb9<\/p>\n<p><strong>B\u00e1nh size 22cm<\/strong><\/p>\n<p><strong>C\u1ea5u tr\u00fac b\u00e1nh:<\/strong><\/p>\n<p>Ph\u1ea7n th\u00e2n b\u00e1nh g\u1ed3m c\u00e1c l\u1edbp ch\u00ednh:<\/p>\n<p>+ Mousse b\u1eafp<\/p>\n<p>+ B\u00f4ng lan b\u1eafp<\/p>\n<p>Ph\u1ea7n trang tr\u00ed: D\u00e2u t\u00e2y, Nho, B\u1eafp nguy\u00ean h\u1ea1t, \u0110\u00e0o, S\u00f4-c\u00f4-la tr\u1eafng<\/p>\n<p><strong>B\u1ea3o qu\u1ea3n:<\/strong>\u00a0B\u00e1nh n\u00ean \u0111\u01b0\u1ee3c d\u00f9ng trong ng\u00e0y v\u00e0 ngon h\u01a1n khi b\u1ea3o qu\u1ea3n l\u1ea1nh tr\u01b0\u1edbc khi th\u01b0\u1edfng th\u1ee9c.<\/p>\n<p><strong>Ph\u1ee5 ki\u1ec7n t\u1eb7ng k\u00e8m:<\/strong><\/p>\n<p>+ 1 dao c\u1eaft b\u00e1nh<\/p>\n<p>+ 1 b\u1ed9 d\u0129a v\u00e0 mu\u1ed7ng<\/p>\n<p>+ H\u1ed9p n\u1ebfn nh\u1ecf<\/p>\n<p>+ C\u00e2y ghim v\u00e0 ph\u1ee5 ki\u1ec7n ri\u00eang c\u1ee7a b\u00e1nh<\/p>\n<p><a href=\"https:\/\/bepcovy.azdigi.shop\/index.php\/cua-hang\/\">Mua ngay<\/a><\/p>\n<p><a href=\"https:\/\/cailonuong.com\/menu\/delicate-bloom-short-banh-kem-bap-dau\/\">Xem th\u00eam<\/a><\/p>\n","protected":false},"excerpt":{"rendered":"<div class=\"ace-line ace-line old-record-id-Y2rldby4iobU3exlbZ3lyQYOgTf\">Xin gi\u1edbi thi\u1ec7u th\u00e0nh vi\u00ean \u201cm\u00ea l\u00e0m \u0111\u1eb9p\u201d nh\u1ea5t c\u1ee7a Bi\u1ec7t \u0110\u1ed9i B\u1eafp L\u00f9n \u2013\u00a0<strong>Delicate Bloom<\/strong>, chi\u1ebfc b\u00e1nh kem b\u1eafp d\u00e2u nh\u01b0 m\u1ed9t \u0111\u00f3a hoa r\u1ef1c r\u1ee1 \u0111ang bung n\u1edf gi\u1eefa b\u00e0n ti\u1ec7c.<\/div>\n<div class=\"ace-line ace-line old-record-id-F9RndMrZeogjmDxb71hlFIZ7gig\">N\u00e0ng \u1ea5y n\u1ed5i b\u1eadt v\u1edbi:<\/div>\n<p>L\u1edbp mousse b\u1eafp ng\u1ecdt d\u1ecbu, c\u1ed1t b\u00e1nh b\u00f4ng lan m\u1ec1m m\u1ecbn<\/p>\n<p>T\u1ea1o h\u00ecnh hoa xinh x\u1eafn t\u1eeb tr\u00e1i c\u00e2y t\u01b0\u01a1i: d\u00e2u, \u0111\u00e0o, nho, b\u1eafp<\/p>\n<p>V\u1ebb ngo\u00e0i \u201c\u0103n \u1ea3nh\u201d c\u1ef1c m\u1ea1nh, h\u1ee3p gu ti\u1ec7c t\u00f9ng, t\u1ee5 h\u1ecdp, ch\u1ee5p h\u00ecnh s\u1ed1ng \u1ea3o!<\/p>\n<div class=\"ace-line ace-line old-record-id-Z8YQdxnlVoE8iLxSq9YlSt7VgEd\">V\u1eeba c\u00f3 gu, v\u1eeba c\u00f3 v\u1ecb \u2013\u00a0<strong>Delicate Bloom<\/strong>\u00a0l\u00e0 phi\u00ean b\u1ea3n kh\u00f4ng th\u1ec3 thi\u1ebfu cho nh\u1eefng bu\u1ed5i ti\u1ec7c c\u1ea7n ch\u00fat d\u1ecbu d\u00e0ng m\u00e0 v\u1eabn th\u1eadt \u1ea5n t\u01b0\u1ee3ng<\/div>\n","protected":false},"featured_media":214,"comment_status":"open","ping_status":"closed","template":"","meta":[],"product_brand":[],"product_cat":[23],"product_tag":[],"class_list":{"0":"post-213","1":"product","2":"type-product","3":"status-publish","4":"has-post-thumbnail","6":"product_cat-banh-kem-bap","8":"first","9":"instock","10":"shipping-taxable","11":"purchasable","12":"product-type-simple"},"yoast_head":"<!-- This site is optimized with the Yoast SEO plugin v27.1.1 - https:\/\/yoast.com\/product\/yoast-seo-wordpress\/ -->\n<title>Delicate Bloom \u2013 B\u00e1nh kem B\u1eafp D\u00e2u - B\u1ebfp C\u00f4 Vy<\/title>\n<meta name=\"description\" content=\"B\u00e1nh mousse b\u1eafp ng\u1ecdt d\u1ecbu, th\u01a1m \u0111\u1eb7c tr\u01b0ng, b\u00e9o nh\u1eb9 v\u1edbi mousse b\u1eafp m\u1ec1m m\u1ecbn, b\u00f4ng lan b\u1eafp th\u01a1m ngon v\u00e0 tr\u00e1i c\u00e2y t\u01b0\u01a1i trang tr\u00ed h\u1ea5p d\u1eabn.\" \/>\n<meta name=\"robots\" content=\"index, follow, max-snippet:-1, max-image-preview:large, max-video-preview:-1\" \/>\n<link rel=\"canonical\" href=\"https:\/\/bepcovy.azdigi.shop\/index.php\/san-pham\/delicate-bloom-banh-kem-bap-dau\/\" \/>\n<meta property=\"og:locale\" content=\"vi_VN\" \/>\n<meta property=\"og:type\" content=\"article\" \/>\n<meta property=\"og:title\" content=\"Delicate Bloom \u2013 B\u00e1nh kem B\u1eafp D\u00e2u - B\u1ebfp C\u00f4 Vy\" \/>\n<meta property=\"og:description\" content=\"B\u00e1nh mousse b\u1eafp ng\u1ecdt d\u1ecbu, th\u01a1m \u0111\u1eb7c tr\u01b0ng, b\u00e9o nh\u1eb9 v\u1edbi mousse b\u1eafp m\u1ec1m m\u1ecbn, b\u00f4ng lan b\u1eafp th\u01a1m ngon v\u00e0 tr\u00e1i c\u00e2y t\u01b0\u01a1i trang tr\u00ed h\u1ea5p d\u1eabn.\" \/>\n<meta property=\"og:url\" content=\"https:\/\/bepcovy.azdigi.shop\/index.php\/san-pham\/delicate-bloom-banh-kem-bap-dau\/\" \/>\n<meta property=\"og:site_name\" content=\"B\u1ebfp C\u00f4 Vy\" \/>\n<meta property=\"og:image\" content=\"https:\/\/bepcovy.azdigi.shop\/wp-content\/uploads\/2026\/04\/1-768x1152-1.jpg\" \/>\n\t<meta property=\"og:image:width\" content=\"768\" \/>\n\t<meta property=\"og:image:height\" content=\"1152\" \/>\n\t<meta property=\"og:image:type\" content=\"image\/jpeg\" \/>\n<meta name=\"twitter:card\" content=\"summary_large_image\" \/>\n<meta name=\"twitter:label1\" content=\"\u01af\u1edbc t\u00ednh th\u1eddi gian \u0111\u1ecdc\" \/>\n\t<meta name=\"twitter:data1\" content=\"2 ph\u00fat\" \/>\n<script type=\"application\/ld+json\" class=\"yoast-schema-graph\">{\"@context\":\"https:\/\/schema.org\",\"@graph\":[{\"@type\":\"WebPage\",\"@id\":\"https:\/\/bepcovy.azdigi.shop\/index.php\/san-pham\/delicate-bloom-banh-kem-bap-dau\/\",\"url\":\"https:\/\/bepcovy.azdigi.shop\/index.php\/san-pham\/delicate-bloom-banh-kem-bap-dau\/\",\"name\":\"Delicate Bloom \u2013 B\u00e1nh kem B\u1eafp D\u00e2u - B\u1ebfp C\u00f4 Vy\",\"isPartOf\":{\"@id\":\"https:\/\/bepcovy.azdigi.shop\/#website\"},\"primaryImageOfPage\":{\"@id\":\"https:\/\/bepcovy.azdigi.shop\/index.php\/san-pham\/delicate-bloom-banh-kem-bap-dau\/#primaryimage\"},\"image\":{\"@id\":\"https:\/\/bepcovy.azdigi.shop\/index.php\/san-pham\/delicate-bloom-banh-kem-bap-dau\/#primaryimage\"},\"thumbnailUrl\":\"https:\/\/bepcovy.azdigi.shop\/wp-content\/uploads\/2026\/04\/1-768x1152-1.jpg\",\"datePublished\":\"2026-04-10T17:49:06+00:00\",\"description\":\"B\u00e1nh mousse b\u1eafp ng\u1ecdt d\u1ecbu, th\u01a1m \u0111\u1eb7c tr\u01b0ng, b\u00e9o nh\u1eb9 v\u1edbi mousse b\u1eafp m\u1ec1m m\u1ecbn, b\u00f4ng lan b\u1eafp th\u01a1m ngon v\u00e0 tr\u00e1i c\u00e2y t\u01b0\u01a1i trang tr\u00ed h\u1ea5p d\u1eabn.\",\"breadcrumb\":{\"@id\":\"https:\/\/bepcovy.azdigi.shop\/index.php\/san-pham\/delicate-bloom-banh-kem-bap-dau\/#breadcrumb\"},\"inLanguage\":\"vi\",\"potentialAction\":[{\"@type\":\"ReadAction\",\"target\":[\"https:\/\/bepcovy.azdigi.shop\/index.php\/san-pham\/delicate-bloom-banh-kem-bap-dau\/\"]}]},{\"@type\":\"ImageObject\",\"inLanguage\":\"vi\",\"@id\":\"https:\/\/bepcovy.azdigi.shop\/index.php\/san-pham\/delicate-bloom-banh-kem-bap-dau\/#primaryimage\",\"url\":\"https:\/\/bepcovy.azdigi.shop\/wp-content\/uploads\/2026\/04\/1-768x1152-1.jpg\",\"contentUrl\":\"https:\/\/bepcovy.azdigi.shop\/wp-content\/uploads\/2026\/04\/1-768x1152-1.jpg\",\"width\":768,\"height\":1152},{\"@type\":\"BreadcrumbList\",\"@id\":\"https:\/\/bepcovy.azdigi.shop\/index.php\/san-pham\/delicate-bloom-banh-kem-bap-dau\/#breadcrumb\",\"itemListElement\":[{\"@type\":\"ListItem\",\"position\":1,\"name\":\"Trang ch\u1ee7\",\"item\":\"https:\/\/bepcovy.azdigi.shop\/\"},{\"@type\":\"ListItem\",\"position\":2,\"name\":\"C\u1eeda h\u00e0ng\",\"item\":\"https:\/\/bepcovy.azdigi.shop\/index.php\/cua-hang\/\"},{\"@type\":\"ListItem\",\"position\":3,\"name\":\"Delicate Bloom \u2013 B\u00e1nh kem B\u1eafp D\u00e2u\"}]},{\"@type\":\"WebSite\",\"@id\":\"https:\/\/bepcovy.azdigi.shop\/#website\",\"url\":\"https:\/\/bepcovy.azdigi.shop\/\",\"name\":\"B\u1ebfp C\u00f4 Vy\",\"description\":\"\",\"potentialAction\":[{\"@type\":\"SearchAction\",\"target\":{\"@type\":\"EntryPoint\",\"urlTemplate\":\"https:\/\/bepcovy.azdigi.shop\/?s={search_term_string}\"},\"query-input\":{\"@type\":\"PropertyValueSpecification\",\"valueRequired\":true,\"valueName\":\"search_term_string\"}}],\"inLanguage\":\"vi\"}]}<\/script>\n<!-- \/ Yoast SEO plugin. -->","yoast_head_json":{"title":"Delicate Bloom \u2013 B\u00e1nh kem B\u1eafp D\u00e2u - B\u1ebfp C\u00f4 Vy","description":"B\u00e1nh mousse b\u1eafp ng\u1ecdt d\u1ecbu, th\u01a1m \u0111\u1eb7c tr\u01b0ng, b\u00e9o nh\u1eb9 v\u1edbi mousse b\u1eafp m\u1ec1m m\u1ecbn, b\u00f4ng lan b\u1eafp th\u01a1m ngon v\u00e0 tr\u00e1i c\u00e2y t\u01b0\u01a1i trang tr\u00ed h\u1ea5p d\u1eabn.","robots":{"index":"index","follow":"follow","max-snippet":"max-snippet:-1","max-image-preview":"max-image-preview:large","max-video-preview":"max-video-preview:-1"},"canonical":"https:\/\/bepcovy.azdigi.shop\/index.php\/san-pham\/delicate-bloom-banh-kem-bap-dau\/","og_locale":"vi_VN","og_type":"article","og_title":"Delicate Bloom \u2013 B\u00e1nh kem B\u1eafp D\u00e2u - B\u1ebfp C\u00f4 Vy","og_description":"B\u00e1nh mousse b\u1eafp ng\u1ecdt d\u1ecbu, th\u01a1m \u0111\u1eb7c tr\u01b0ng, b\u00e9o nh\u1eb9 v\u1edbi mousse b\u1eafp m\u1ec1m m\u1ecbn, b\u00f4ng lan b\u1eafp th\u01a1m ngon v\u00e0 tr\u00e1i c\u00e2y t\u01b0\u01a1i trang tr\u00ed h\u1ea5p d\u1eabn.","og_url":"https:\/\/bepcovy.azdigi.shop\/index.php\/san-pham\/delicate-bloom-banh-kem-bap-dau\/","og_site_name":"B\u1ebfp C\u00f4 Vy","og_image":[{"width":768,"height":1152,"url":"https:\/\/bepcovy.azdigi.shop\/wp-content\/uploads\/2026\/04\/1-768x1152-1.jpg","type":"image\/jpeg"}],"twitter_card":"summary_large_image","twitter_misc":{"\u01af\u1edbc t\u00ednh th\u1eddi gian \u0111\u1ecdc":"2 ph\u00fat"},"schema":{"@context":"https:\/\/schema.org","@graph":[{"@type":"WebPage","@id":"https:\/\/bepcovy.azdigi.shop\/index.php\/san-pham\/delicate-bloom-banh-kem-bap-dau\/","url":"https:\/\/bepcovy.azdigi.shop\/index.php\/san-pham\/delicate-bloom-banh-kem-bap-dau\/","name":"Delicate Bloom \u2013 B\u00e1nh kem B\u1eafp D\u00e2u - B\u1ebfp C\u00f4 Vy","isPartOf":{"@id":"https:\/\/bepcovy.azdigi.shop\/#website"},"primaryImageOfPage":{"@id":"https:\/\/bepcovy.azdigi.shop\/index.php\/san-pham\/delicate-bloom-banh-kem-bap-dau\/#primaryimage"},"image":{"@id":"https:\/\/bepcovy.azdigi.shop\/index.php\/san-pham\/delicate-bloom-banh-kem-bap-dau\/#primaryimage"},"thumbnailUrl":"https:\/\/bepcovy.azdigi.shop\/wp-content\/uploads\/2026\/04\/1-768x1152-1.jpg","datePublished":"2026-04-10T17:49:06+00:00","description":"B\u00e1nh mousse b\u1eafp ng\u1ecdt d\u1ecbu, th\u01a1m \u0111\u1eb7c tr\u01b0ng, b\u00e9o nh\u1eb9 v\u1edbi mousse b\u1eafp m\u1ec1m m\u1ecbn, b\u00f4ng lan b\u1eafp th\u01a1m ngon v\u00e0 tr\u00e1i c\u00e2y t\u01b0\u01a1i trang tr\u00ed h\u1ea5p d\u1eabn.","breadcrumb":{"@id":"https:\/\/bepcovy.azdigi.shop\/index.php\/san-pham\/delicate-bloom-banh-kem-bap-dau\/#breadcrumb"},"inLanguage":"vi","potentialAction":[{"@type":"ReadAction","target":["https:\/\/bepcovy.azdigi.shop\/index.php\/san-pham\/delicate-bloom-banh-kem-bap-dau\/"]}]},{"@type":"ImageObject","inLanguage":"vi","@id":"https:\/\/bepcovy.azdigi.shop\/index.php\/san-pham\/delicate-bloom-banh-kem-bap-dau\/#primaryimage","url":"https:\/\/bepcovy.azdigi.shop\/wp-content\/uploads\/2026\/04\/1-768x1152-1.jpg","contentUrl":"https:\/\/bepcovy.azdigi.shop\/wp-content\/uploads\/2026\/04\/1-768x1152-1.jpg","width":768,"height":1152},{"@type":"BreadcrumbList","@id":"https:\/\/bepcovy.azdigi.shop\/index.php\/san-pham\/delicate-bloom-banh-kem-bap-dau\/#breadcrumb","itemListElement":[{"@type":"ListItem","position":1,"name":"Trang ch\u1ee7","item":"https:\/\/bepcovy.azdigi.shop\/"},{"@type":"ListItem","position":2,"name":"C\u1eeda h\u00e0ng","item":"https:\/\/bepcovy.azdigi.shop\/index.php\/cua-hang\/"},{"@type":"ListItem","position":3,"name":"Delicate Bloom \u2013 B\u00e1nh kem B\u1eafp D\u00e2u"}]},{"@type":"WebSite","@id":"https:\/\/bepcovy.azdigi.shop\/#website","url":"https:\/\/bepcovy.azdigi.shop\/","name":"B\u1ebfp C\u00f4 Vy","description":"","potentialAction":[{"@type":"SearchAction","target":{"@type":"EntryPoint","urlTemplate":"https:\/\/bepcovy.azdigi.shop\/?s={search_term_string}"},"query-input":{"@type":"PropertyValueSpecification","valueRequired":true,"valueName":"search_term_string"}}],"inLanguage":"vi"}]}},"_links":{"self":[{"href":"https:\/\/bepcovy.azdigi.shop\/index.php\/wp-json\/wp\/v2\/product\/213","targetHints":{"allow":["GET"]}}],"collection":[{"href":"https:\/\/bepcovy.azdigi.shop\/index.php\/wp-json\/wp\/v2\/product"}],"about":[{"href":"https:\/\/bepcovy.azdigi.shop\/index.php\/wp-json\/wp\/v2\/types\/product"}],"replies":[{"embeddable":true,"href":"https:\/\/bepcovy.azdigi.shop\/index.php\/wp-json\/wp\/v2\/comments?post=213"}],"wp:featuredmedia":[{"embeddable":true,"href":"https:\/\/bepcovy.azdigi.shop\/index.php\/wp-json\/wp\/v2\/media\/214"}],"wp:attachment":[{"href":"https:\/\/bepcovy.azdigi.shop\/index.php\/wp-json\/wp\/v2\/media?parent=213"}],"wp:term":[{"taxonomy":"product_brand","embeddable":true,"href":"https:\/\/bepcovy.azdigi.shop\/index.php\/wp-json\/wp\/v2\/product_brand?post=213"},{"taxonomy":"product_cat","embeddable":true,"href":"https:\/\/bepcovy.azdigi.shop\/index.php\/wp-json\/wp\/v2\/product_cat?post=213"},{"taxonomy":"product_tag","embeddable":true,"href":"https:\/\/bepcovy.azdigi.shop\/index.php\/wp-json\/wp\/v2\/product_tag?post=213"}],"curies":[{"name":"wp","href":"https:\/\/api.w.org\/{rel}","templated":true}]}}