{"id":203,"date":"2026-04-10T17:39:35","date_gmt":"2026-04-10T17:39:35","guid":{"rendered":"https:\/\/bepcovy.azdigi.shop\/?post_type=product&#038;p=203"},"modified":"2026-04-10T17:39:35","modified_gmt":"2026-04-10T17:39:35","slug":"amber-crunchill-earl-grey-caramel","status":"publish","type":"product","link":"https:\/\/bepcovy.azdigi.shop\/index.php\/san-pham\/amber-crunchill-earl-grey-caramel\/","title":{"rendered":"Amber Crunchill \u2013 Earl Grey Caramel"},"content":{"rendered":"<p data-start=\"565\" data-end=\"820\">B\u00e1nh mousse Earl Grey caramel l\u00e0 s\u1ef1 k\u1ebft h\u1ee3p tinh t\u1ebf gi\u1eefa v\u1ecb b\u00e9o nh\u1eb9, h\u01b0\u01a1ng th\u01a1m d\u1ecbu thanh l\u1ecbch v\u00e0 \u0111\u1ed9 gi\u00f2n r\u1ee5m h\u1ea5p d\u1eabn trong t\u1eebng l\u1edbp b\u00e1nh. \u0110\u00e2y l\u00e0 l\u1ef1a ch\u1ecdn ho\u00e0n h\u1ea3o d\u00e0nh cho nh\u1eefng ai y\u00eau th\u00edch s\u1ef1 h\u00f2a quy\u1ec7n gi\u1eefa tr\u00e0 th\u01a1m, chocolate v\u00e0 caramel ng\u1ecdt ng\u00e0o.<\/p>\n<p data-start=\"822\" data-end=\"1167\">\u0110i\u1ec3m n\u1ed5i b\u1eadt c\u1ee7a b\u00e1nh mousse Earl Grey caramel n\u1eb1m \u1edf c\u1ea5u tr\u00fac nhi\u1ec1u t\u1ea7ng h\u01b0\u01a1ng v\u1ecb \u0111\u1ed9c \u0111\u00e1o. Ph\u1ea7n crunchy caramel \u0111\u01b0\u1ee3c t\u1ea1o n\u00ean t\u1eeb ng\u0169 c\u1ed1c gi\u00f2n h\u00f2a quy\u1ec7n c\u00f9ng chocolate caramel th\u01a1m l\u1eebng, mang \u0111\u1ebfn c\u1ea3m gi\u00e1c gi\u00f2n tan th\u00fa v\u1ecb khi th\u01b0\u1edfng th\u1ee9c. Ph\u00eda tr\u00ean l\u00e0 l\u1edbp chocolate caramel ph\u1ee7 m\u1ecfng gi\u00fap t\u0103ng th\u00eam \u0111\u1ed9 gi\u00f2n nh\u1eb9 v\u00e0 \u0111\u1eadm \u0111\u00e0 cho t\u1ed5ng th\u1ec3 chi\u1ebfc b\u00e1nh.<\/p>\n<p data-start=\"1169\" data-end=\"1430\">Ph\u1ea7n mousse Earl Grey l\u00e0 \u0111i\u1ec3m nh\u1ea5n \u0111\u1eb7c bi\u1ec7t c\u1ee7a b\u00e1nh mousse Earl Grey caramel, \u0111\u01b0\u1ee3c k\u1ebft h\u1ee3p c\u00f9ng chocolate tr\u1eafng t\u1ea1o n\u00ean v\u1ecb ng\u1ecdt b\u00e9o nh\u1eb9 h\u00e0i h\u00f2a. H\u01b0\u01a1ng tr\u00e0 Earl Grey thanh tao quy\u1ec7n c\u00f9ng ch\u00fat caramel tinh t\u1ebf mang \u0111\u1ebfn tr\u1ea3i nghi\u1ec7m v\u1ecb gi\u00e1c \u0111\u1ed9c \u0111\u00e1o v\u00e0 cu\u1ed1n h\u00fat.<\/p>\n<p data-start=\"1432\" data-end=\"1598\">B\u00ean d\u01b0\u1edbi l\u00e0 l\u1edbp b\u1ea1t b\u00e1nh chocolate \u0111en m\u1ec1m \u1ea9m, gi\u00fap c\u00e2n b\u1eb1ng ho\u00e0n h\u1ea3o v\u1edbi v\u1ecb ng\u1ecdt b\u00e9o c\u1ee7a mousse v\u00e0 caramel, t\u1ea1o n\u00ean k\u1ebft c\u1ea5u m\u1ec1m m\u1ecbn xen l\u1eabn gi\u00f2n r\u1ee5m \u0111\u1ea7y h\u1ea5p d\u1eabn.<\/p>\n<p data-start=\"1600\" data-end=\"1785\">B\u00e1nh mousse Earl Grey caramel n\u00ean \u0111\u01b0\u1ee3c b\u1ea3o qu\u1ea3n l\u1ea1nh tr\u01b0\u1edbc khi d\u00f9ng \u0111\u1ec3 h\u01b0\u01a1ng v\u1ecb th\u00eam tr\u1ecdn v\u1eb9n. S\u1ea3n ph\u1ea9m th\u00edch h\u1ee3p \u0111\u1ec3 d\u00f9ng trong ng\u00e0y v\u00e0 \u0111i k\u00e8m 2 mu\u1ed7ng nh\u1ef1a ti\u1ec7n l\u1ee3i khi th\u01b0\u1edfng th\u1ee9c.<\/p>\n<p><a href=\"https:\/\/bepcovy.azdigi.shop\/index.php\/cua-hang\/\">Mua ngay<\/a><\/p>\n<p><a href=\"https:\/\/cailonuong.com\/menu\/amber-crunchill-earl-grey-caramel\/\">Xem th\u00eam<\/a><\/p>\n","protected":false},"excerpt":{"rendered":"<div class=\"xdj266r x14z9mp xat24cr x1lziwak x1vvkbs x126k92a\">\n<div dir=\"auto\">CH\u00cdNH TH\u1ee8C DEBUT: CRUNCHILL \u2013 H\u1ed9p b\u00e1nh bi\u1ebft n\u00f3i!<\/div>\n<div dir=\"auto\"><\/div>\n<\/div>\n<div class=\"x14z9mp xat24cr x1lziwak x1vvkbs xtlvy1s x126k92a\">\n<div dir=\"auto\">Si\u00eau ph\u1ea9m m\u1edbi t\u1eeb C\u00e1i L\u00f2 N\u01b0\u1edbng \u0111\u00e3 ch\u00ednh th\u1ee9c l\u1ed9 di\u1ec7n. Kh\u00f4ng ch\u1ec9 ngon, Crunchill c\u00f2n \u1edf \u0111\u00e2y \u0111\u1ec3 \u201cn\u00f3i h\u1ed9 l\u00f2ng b\u1ea1n\u201d<\/div>\n<\/div>\n<div class=\"x14z9mp xat24cr x1lziwak x1vvkbs xtlvy1s x126k92a\">\n<div dir=\"auto\">03 \u01b0u \u0111i\u1ec3m c\u1ef1c cu\u1ed1n c\u1ee7a CRUNCHILL:<\/div>\n<\/div>\n<div class=\"x14z9mp xat24cr x1lziwak x1vvkbs xtlvy1s x126k92a\">\n<div dir=\"auto\"><span class=\"html-span xexx8yu xyri2b x18d9i69 x1c1uobl x1hl2dhg x16tdsg8 x1vvkbs x3nfvp2 x1j61x8r x1fcty0u xdj266r xat24cr xm2jcoa x1mpyi22 xxymvpz xlup9mm x1kky2od\"><img loading=\"lazy\" decoding=\"async\" class=\"xz74otr x15mokao x1ga7v0g x16uus16 xbiv7yw\" src=\"https:\/\/static.xx.fbcdn.net\/images\/emoji.php\/v9\/tf4\/1\/16\/2728.png\" alt=\"\u2728\" width=\"16\" height=\"16\" \/><\/span>\u00a0Texture b\u00f9ng n\u1ed5: Mousse t\u01b0\u01a1i m\u1ec1m tan k\u1ebft h\u1ee3p c\u00f9ng ng\u0169 c\u1ed1c crunchy gi\u00f2n r\u1ee5m b\u00ean tr\u00ean. X\u1eafn m\u1ed9t mi\u1ebfng l\u00e0 nghe ti\u1ebfng \u201cr\u1ed9p r\u1ed9p\u201d vui tai, \u0111\u00e3 mi\u1ec7ng.<\/div>\n<\/div>\n<div class=\"x14z9mp xat24cr x1lziwak x1vvkbs xtlvy1s x126k92a\">\n<div dir=\"auto\"><span class=\"html-span xexx8yu xyri2b x18d9i69 x1c1uobl x1hl2dhg x16tdsg8 x1vvkbs x3nfvp2 x1j61x8r x1fcty0u xdj266r xat24cr xm2jcoa x1mpyi22 xxymvpz xlup9mm x1kky2od\"><img loading=\"lazy\" decoding=\"async\" class=\"xz74otr x15mokao x1ga7v0g x16uus16 xbiv7yw\" src=\"https:\/\/static.xx.fbcdn.net\/images\/emoji.php\/v9\/tf4\/1\/16\/2728.png\" alt=\"\u2728\" width=\"16\" height=\"16\" \/><\/span>\u00a0Ch\u1ee9c n\u0103ng \u201cbi\u1ebft n\u00f3i\u201d: B\u1ed9 tem nh\u00e3n v\u1edbi c\u00e1c ch\u1ee7 \u0111\u1ec1 nh\u01b0 Sinh nh\u1eadt, C\u1ea3m \u01a1n, Ch\u00fac m\u1eebng\u2026 s\u1ebd gi\u00fap b\u1ea1n th\u1ec3 hi\u1ec7n t\u00e2m \u00fd m\u1ed7i d\u1ecbp c\u1ea7n t\u1eb7ng qu\u00e0. D\u00e1n tem l\u00e0 ch\u1ed1t mood!<\/div>\n<\/div>\n<div class=\"x14z9mp xat24cr x1lziwak x1vvkbs xtlvy1s x126k92a\">\n<div dir=\"auto\"><span class=\"html-span xexx8yu xyri2b x18d9i69 x1c1uobl x1hl2dhg x16tdsg8 x1vvkbs x3nfvp2 x1j61x8r x1fcty0u xdj266r xat24cr xm2jcoa x1mpyi22 xxymvpz xlup9mm x1kky2od\"><img loading=\"lazy\" decoding=\"async\" class=\"xz74otr x15mokao x1ga7v0g x16uus16 xbiv7yw\" src=\"https:\/\/static.xx.fbcdn.net\/images\/emoji.php\/v9\/tf4\/1\/16\/2728.png\" alt=\"\u2728\" width=\"16\" height=\"16\" \/><\/span>\u00a0X\u00e1ch theo mu\u00f4n n\u01a1i: Thi\u1ebft k\u1ebf t\u00fai Sweetaway nh\u1ecf g\u1ecdn, ti\u1ec7n l\u1ee3i, n\u0103ng \u0111\u1ed9ng.<\/div>\n<div dir=\"auto\"><\/div>\n<\/div>\n<div class=\"x14z9mp xat24cr x1lziwak x1vvkbs xtlvy1s x126k92a\">\n<div dir=\"auto\">Bi\u1ec7t \u0111\u1ed9i CRUNCHILL c\u00f3 c\u00e1c v\u1ecb g\u00ec?<\/div>\n<\/div>\n<div class=\"x14z9mp xat24cr x1lziwak x1vvkbs xtlvy1s x126k92a\">\n<div dir=\"auto\">1- Bitter Crunchill: Chocolate \u0111\u1eadm \u0111\u00e0 cho team th\u00edch v\u1ecb \u0111\u1eafng nh\u1eb9 tinh t\u1ebf.<\/div>\n<div dir=\"auto\"><strong>2- Amber Crunchill: Th\u01a1m l\u1eebng v\u1ecb tr\u00e0 b\u00e1 t\u01b0\u1edbc, quy\u1ec7n caramel ng\u1ecdt ng\u00e0o \u1ea5m \u00e1p.<\/strong><\/div>\n<div dir=\"auto\">3- Matcha Crunchill: Chua d\u1ecbu v\u1ecb d\u00e2u, th\u01a1m m\u00e1t tr\u00e0 xanh \u201ccute\u201d h\u1ebft n\u1ea5c.<\/div>\n<div dir=\"auto\">4- Forest Crunchill. B\u00ed \u1ea9n, quy\u1ebfn r\u0169 v\u1edbi h\u01b0\u01a1ng v\u1ecb Black Forest c\u1ed5 \u0111i\u1ec3n.<\/div>\n<div dir=\"auto\"><\/div>\n<\/div>\n<div class=\"x14z9mp xat24cr x1lziwak x1vvkbs xtlvy1s x126k92a\">\n<div dir=\"auto\">Ng\u1ea1i m\u1edf l\u1eddi? M\u1eddi Crunchill! Inbox ngay \u0111\u1ec3 l\u00e0 ng\u01b0\u1eddi \u0111\u1ea7u ti\u00ean th\u01b0\u1edfng th\u1ee9c nh\u00e9!<\/div>\n<\/div>\n","protected":false},"featured_media":205,"comment_status":"open","ping_status":"closed","template":"","meta":[],"product_brand":[],"product_cat":[22],"product_tag":[],"class_list":{"0":"post-203","1":"product","2":"type-product","3":"status-publish","4":"has-post-thumbnail","6":"product_cat-banh-mousse","8":"first","9":"instock","10":"shipping-taxable","11":"purchasable","12":"product-type-simple"},"yoast_head":"<!-- This site is optimized with the Yoast SEO plugin v27.1.1 - https:\/\/yoast.com\/product\/yoast-seo-wordpress\/ -->\n<title>Amber Crunchill \u2013 Earl Grey Caramel - B\u1ebfp C\u00f4 Vy<\/title>\n<meta name=\"description\" content=\"B\u00e1nh mousse Earl Grey caramel b\u00e9o nh\u1eb9, th\u01a1m d\u1ecbu, gi\u00f2n r\u1ee5m v\u1edbi crunchy caramel, mousse tr\u00e0 Earl Grey v\u00e0 b\u00e1nh chocolate m\u1ec1m \u1ea9m.\" \/>\n<meta name=\"robots\" content=\"index, follow, max-snippet:-1, max-image-preview:large, max-video-preview:-1\" \/>\n<link rel=\"canonical\" href=\"https:\/\/bepcovy.azdigi.shop\/index.php\/san-pham\/amber-crunchill-earl-grey-caramel\/\" \/>\n<meta property=\"og:locale\" content=\"vi_VN\" \/>\n<meta property=\"og:type\" content=\"article\" \/>\n<meta property=\"og:title\" content=\"Amber Crunchill \u2013 Earl Grey Caramel - B\u1ebfp C\u00f4 Vy\" \/>\n<meta property=\"og:description\" content=\"B\u00e1nh mousse Earl Grey caramel b\u00e9o nh\u1eb9, th\u01a1m d\u1ecbu, gi\u00f2n r\u1ee5m v\u1edbi crunchy caramel, mousse tr\u00e0 Earl Grey v\u00e0 b\u00e1nh chocolate m\u1ec1m \u1ea9m.\" \/>\n<meta property=\"og:url\" content=\"https:\/\/bepcovy.azdigi.shop\/index.php\/san-pham\/amber-crunchill-earl-grey-caramel\/\" \/>\n<meta property=\"og:site_name\" content=\"B\u1ebfp C\u00f4 Vy\" \/>\n<meta property=\"og:image\" content=\"https:\/\/bepcovy.azdigi.shop\/wp-content\/uploads\/2026\/04\/11.jpg\" \/>\n\t<meta property=\"og:image:width\" content=\"800\" \/>\n\t<meta property=\"og:image:height\" content=\"1200\" \/>\n\t<meta property=\"og:image:type\" content=\"image\/jpeg\" \/>\n<meta name=\"twitter:card\" content=\"summary_large_image\" \/>\n<meta name=\"twitter:label1\" content=\"\u01af\u1edbc t\u00ednh th\u1eddi gian \u0111\u1ecdc\" \/>\n\t<meta name=\"twitter:data1\" content=\"2 ph\u00fat\" \/>\n<script type=\"application\/ld+json\" class=\"yoast-schema-graph\">{\"@context\":\"https:\/\/schema.org\",\"@graph\":[{\"@type\":\"WebPage\",\"@id\":\"https:\/\/bepcovy.azdigi.shop\/index.php\/san-pham\/amber-crunchill-earl-grey-caramel\/\",\"url\":\"https:\/\/bepcovy.azdigi.shop\/index.php\/san-pham\/amber-crunchill-earl-grey-caramel\/\",\"name\":\"Amber Crunchill \u2013 Earl Grey Caramel - B\u1ebfp C\u00f4 Vy\",\"isPartOf\":{\"@id\":\"https:\/\/bepcovy.azdigi.shop\/#website\"},\"primaryImageOfPage\":{\"@id\":\"https:\/\/bepcovy.azdigi.shop\/index.php\/san-pham\/amber-crunchill-earl-grey-caramel\/#primaryimage\"},\"image\":{\"@id\":\"https:\/\/bepcovy.azdigi.shop\/index.php\/san-pham\/amber-crunchill-earl-grey-caramel\/#primaryimage\"},\"thumbnailUrl\":\"https:\/\/bepcovy.azdigi.shop\/wp-content\/uploads\/2026\/04\/11.jpg\",\"datePublished\":\"2026-04-10T17:39:35+00:00\",\"description\":\"B\u00e1nh mousse Earl Grey caramel b\u00e9o nh\u1eb9, th\u01a1m d\u1ecbu, gi\u00f2n r\u1ee5m v\u1edbi crunchy caramel, mousse tr\u00e0 Earl Grey v\u00e0 b\u00e1nh chocolate m\u1ec1m \u1ea9m.\",\"breadcrumb\":{\"@id\":\"https:\/\/bepcovy.azdigi.shop\/index.php\/san-pham\/amber-crunchill-earl-grey-caramel\/#breadcrumb\"},\"inLanguage\":\"vi\",\"potentialAction\":[{\"@type\":\"ReadAction\",\"target\":[\"https:\/\/bepcovy.azdigi.shop\/index.php\/san-pham\/amber-crunchill-earl-grey-caramel\/\"]}]},{\"@type\":\"ImageObject\",\"inLanguage\":\"vi\",\"@id\":\"https:\/\/bepcovy.azdigi.shop\/index.php\/san-pham\/amber-crunchill-earl-grey-caramel\/#primaryimage\",\"url\":\"https:\/\/bepcovy.azdigi.shop\/wp-content\/uploads\/2026\/04\/11.jpg\",\"contentUrl\":\"https:\/\/bepcovy.azdigi.shop\/wp-content\/uploads\/2026\/04\/11.jpg\",\"width\":800,\"height\":1200},{\"@type\":\"BreadcrumbList\",\"@id\":\"https:\/\/bepcovy.azdigi.shop\/index.php\/san-pham\/amber-crunchill-earl-grey-caramel\/#breadcrumb\",\"itemListElement\":[{\"@type\":\"ListItem\",\"position\":1,\"name\":\"Trang ch\u1ee7\",\"item\":\"https:\/\/bepcovy.azdigi.shop\/\"},{\"@type\":\"ListItem\",\"position\":2,\"name\":\"C\u1eeda h\u00e0ng\",\"item\":\"https:\/\/bepcovy.azdigi.shop\/index.php\/cua-hang\/\"},{\"@type\":\"ListItem\",\"position\":3,\"name\":\"Amber Crunchill \u2013 Earl Grey Caramel\"}]},{\"@type\":\"WebSite\",\"@id\":\"https:\/\/bepcovy.azdigi.shop\/#website\",\"url\":\"https:\/\/bepcovy.azdigi.shop\/\",\"name\":\"B\u1ebfp C\u00f4 Vy\",\"description\":\"\",\"potentialAction\":[{\"@type\":\"SearchAction\",\"target\":{\"@type\":\"EntryPoint\",\"urlTemplate\":\"https:\/\/bepcovy.azdigi.shop\/?s={search_term_string}\"},\"query-input\":{\"@type\":\"PropertyValueSpecification\",\"valueRequired\":true,\"valueName\":\"search_term_string\"}}],\"inLanguage\":\"vi\"}]}<\/script>\n<!-- \/ Yoast SEO plugin. -->","yoast_head_json":{"title":"Amber Crunchill \u2013 Earl Grey Caramel - B\u1ebfp C\u00f4 Vy","description":"B\u00e1nh mousse Earl Grey caramel b\u00e9o nh\u1eb9, th\u01a1m d\u1ecbu, gi\u00f2n r\u1ee5m v\u1edbi crunchy caramel, mousse tr\u00e0 Earl Grey v\u00e0 b\u00e1nh chocolate m\u1ec1m \u1ea9m.","robots":{"index":"index","follow":"follow","max-snippet":"max-snippet:-1","max-image-preview":"max-image-preview:large","max-video-preview":"max-video-preview:-1"},"canonical":"https:\/\/bepcovy.azdigi.shop\/index.php\/san-pham\/amber-crunchill-earl-grey-caramel\/","og_locale":"vi_VN","og_type":"article","og_title":"Amber Crunchill \u2013 Earl Grey Caramel - B\u1ebfp C\u00f4 Vy","og_description":"B\u00e1nh mousse Earl Grey caramel b\u00e9o nh\u1eb9, th\u01a1m d\u1ecbu, gi\u00f2n r\u1ee5m v\u1edbi crunchy caramel, mousse tr\u00e0 Earl Grey v\u00e0 b\u00e1nh chocolate m\u1ec1m \u1ea9m.","og_url":"https:\/\/bepcovy.azdigi.shop\/index.php\/san-pham\/amber-crunchill-earl-grey-caramel\/","og_site_name":"B\u1ebfp C\u00f4 Vy","og_image":[{"width":800,"height":1200,"url":"https:\/\/bepcovy.azdigi.shop\/wp-content\/uploads\/2026\/04\/11.jpg","type":"image\/jpeg"}],"twitter_card":"summary_large_image","twitter_misc":{"\u01af\u1edbc t\u00ednh th\u1eddi gian \u0111\u1ecdc":"2 ph\u00fat"},"schema":{"@context":"https:\/\/schema.org","@graph":[{"@type":"WebPage","@id":"https:\/\/bepcovy.azdigi.shop\/index.php\/san-pham\/amber-crunchill-earl-grey-caramel\/","url":"https:\/\/bepcovy.azdigi.shop\/index.php\/san-pham\/amber-crunchill-earl-grey-caramel\/","name":"Amber Crunchill \u2013 Earl Grey Caramel - B\u1ebfp C\u00f4 Vy","isPartOf":{"@id":"https:\/\/bepcovy.azdigi.shop\/#website"},"primaryImageOfPage":{"@id":"https:\/\/bepcovy.azdigi.shop\/index.php\/san-pham\/amber-crunchill-earl-grey-caramel\/#primaryimage"},"image":{"@id":"https:\/\/bepcovy.azdigi.shop\/index.php\/san-pham\/amber-crunchill-earl-grey-caramel\/#primaryimage"},"thumbnailUrl":"https:\/\/bepcovy.azdigi.shop\/wp-content\/uploads\/2026\/04\/11.jpg","datePublished":"2026-04-10T17:39:35+00:00","description":"B\u00e1nh mousse Earl Grey caramel b\u00e9o nh\u1eb9, th\u01a1m d\u1ecbu, gi\u00f2n r\u1ee5m v\u1edbi crunchy caramel, mousse tr\u00e0 Earl Grey v\u00e0 b\u00e1nh chocolate m\u1ec1m \u1ea9m.","breadcrumb":{"@id":"https:\/\/bepcovy.azdigi.shop\/index.php\/san-pham\/amber-crunchill-earl-grey-caramel\/#breadcrumb"},"inLanguage":"vi","potentialAction":[{"@type":"ReadAction","target":["https:\/\/bepcovy.azdigi.shop\/index.php\/san-pham\/amber-crunchill-earl-grey-caramel\/"]}]},{"@type":"ImageObject","inLanguage":"vi","@id":"https:\/\/bepcovy.azdigi.shop\/index.php\/san-pham\/amber-crunchill-earl-grey-caramel\/#primaryimage","url":"https:\/\/bepcovy.azdigi.shop\/wp-content\/uploads\/2026\/04\/11.jpg","contentUrl":"https:\/\/bepcovy.azdigi.shop\/wp-content\/uploads\/2026\/04\/11.jpg","width":800,"height":1200},{"@type":"BreadcrumbList","@id":"https:\/\/bepcovy.azdigi.shop\/index.php\/san-pham\/amber-crunchill-earl-grey-caramel\/#breadcrumb","itemListElement":[{"@type":"ListItem","position":1,"name":"Trang ch\u1ee7","item":"https:\/\/bepcovy.azdigi.shop\/"},{"@type":"ListItem","position":2,"name":"C\u1eeda h\u00e0ng","item":"https:\/\/bepcovy.azdigi.shop\/index.php\/cua-hang\/"},{"@type":"ListItem","position":3,"name":"Amber Crunchill \u2013 Earl Grey Caramel"}]},{"@type":"WebSite","@id":"https:\/\/bepcovy.azdigi.shop\/#website","url":"https:\/\/bepcovy.azdigi.shop\/","name":"B\u1ebfp C\u00f4 Vy","description":"","potentialAction":[{"@type":"SearchAction","target":{"@type":"EntryPoint","urlTemplate":"https:\/\/bepcovy.azdigi.shop\/?s={search_term_string}"},"query-input":{"@type":"PropertyValueSpecification","valueRequired":true,"valueName":"search_term_string"}}],"inLanguage":"vi"}]}},"_links":{"self":[{"href":"https:\/\/bepcovy.azdigi.shop\/index.php\/wp-json\/wp\/v2\/product\/203","targetHints":{"allow":["GET"]}}],"collection":[{"href":"https:\/\/bepcovy.azdigi.shop\/index.php\/wp-json\/wp\/v2\/product"}],"about":[{"href":"https:\/\/bepcovy.azdigi.shop\/index.php\/wp-json\/wp\/v2\/types\/product"}],"replies":[{"embeddable":true,"href":"https:\/\/bepcovy.azdigi.shop\/index.php\/wp-json\/wp\/v2\/comments?post=203"}],"wp:featuredmedia":[{"embeddable":true,"href":"https:\/\/bepcovy.azdigi.shop\/index.php\/wp-json\/wp\/v2\/media\/205"}],"wp:attachment":[{"href":"https:\/\/bepcovy.azdigi.shop\/index.php\/wp-json\/wp\/v2\/media?parent=203"}],"wp:term":[{"taxonomy":"product_brand","embeddable":true,"href":"https:\/\/bepcovy.azdigi.shop\/index.php\/wp-json\/wp\/v2\/product_brand?post=203"},{"taxonomy":"product_cat","embeddable":true,"href":"https:\/\/bepcovy.azdigi.shop\/index.php\/wp-json\/wp\/v2\/product_cat?post=203"},{"taxonomy":"product_tag","embeddable":true,"href":"https:\/\/bepcovy.azdigi.shop\/index.php\/wp-json\/wp\/v2\/product_tag?post=203"}],"curies":[{"name":"wp","href":"https:\/\/api.w.org\/{rel}","templated":true}]}}