{"id":195,"date":"2026-04-10T17:34:34","date_gmt":"2026-04-10T17:34:34","guid":{"rendered":"https:\/\/bepcovy.azdigi.shop\/?post_type=product&#038;p=195"},"modified":"2026-04-10T17:34:34","modified_gmt":"2026-04-10T17:34:34","slug":"green-bliss-merry-mousse-bo-dau","status":"publish","type":"product","link":"https:\/\/bepcovy.azdigi.shop\/index.php\/san-pham\/green-bliss-merry-mousse-bo-dau\/","title":{"rendered":"Green Bliss Merry \u2013 Mousse B\u01a1 D\u00e2u"},"content":{"rendered":"<p data-start=\"1071\" data-end=\"1353\">B\u00e1nh mousse b\u01a1 t\u01b0\u01a1i l\u00e0 m\u00f3n b\u00e1nh ng\u1ecdt h\u1ea5p d\u1eabn d\u00e0nh cho nh\u1eefng ai y\u00eau th\u00edch v\u1ecb b\u00e9o nh\u1eb9 v\u00e0 h\u01b0\u01a1ng th\u01a1m t\u1ef1 nhi\u00ean c\u1ee7a b\u01a1 t\u01b0\u01a1i. V\u1edbi s\u1ef1 k\u1ebft h\u1ee3p h\u00e0i h\u00f2a gi\u1eefa mousse b\u01a1 m\u1ec1m m\u1ecbn v\u00e0 l\u1edbp b\u00f4ng lan vani x\u1ed1p nh\u1eb9, chi\u1ebfc b\u00e1nh mang \u0111\u1ebfn c\u1ea3m gi\u00e1c tan nh\u1eb9 trong mi\u1ec7ng ngay t\u1eeb l\u1ea7n th\u01b0\u1edfng th\u1ee9c \u0111\u1ea7u ti\u00ean.<\/p>\n<p data-start=\"1355\" data-end=\"1576\">\u0110i\u1ec3m n\u1ed5i bh\u1ea3o nh\u1ea5t.\u1eadt c\u1ee7a b\u00e1nh mousse b\u01a1 t\u01b0\u01a1i n\u1eb1m \u1edf h\u01b0\u01a1ng v\u1ecb ng\u1ecdt b\u00f9i t\u1ef1 nhi\u00ean, kh\u00f4ng qu\u00e1 g\u1eaft, ph\u00f9 h\u1ee3p v\u1edbi nhi\u1ec1u \u0111\u1ed1i t\u01b0\u1ee3ng kh\u00e1ch h\u00e0ng. Ph\u1ea7n mousse \u0111\u01b0\u1ee3c l\u00e0m t\u1eeb b\u01a1 t\u01b0\u01a1i nguy\u00ean ch\u1ea5t t\u1ea1o n\u00ean \u0111\u1ed9 b\u00e9o thanh nh\u1eb9, th\u01a1m d\u1ecbu v\u00e0 m\u1ec1m m\u01b0\u1ee3t.<\/p>\n<p data-start=\"1578\" data-end=\"1774\">B\u00e1nh \u0111\u01b0\u1ee3c trang tr\u00ed \u0111\u1eb9p m\u1eaft v\u1edbi d\u00e2u t\u01b0\u01a1i m\u1ecdng n\u01b0\u1edbc v\u00e0 b\u00fap s\u1eefa chua xinh x\u1eafn, gi\u00fap t\u1ed5ng th\u1ec3 th\u00eam ph\u1ea7n n\u1ed5i b\u1eadt v\u00e0 h\u1ea5p d\u1eabn. \u0110\u00e2y l\u00e0 l\u1ef1a ch\u1ecdn ho\u00e0n h\u1ea3o cho ti\u1ec7c sinh nh\u1eadt, h\u1ecdp m\u1eb7t ho\u1eb7c l\u00e0m qu\u00e0 t\u1eb7ng.<\/p>\n<p data-start=\"1776\" data-end=\"1876\">B\u00e1nh mousse b\u01a1 t\u01b0\u01a1i n\u00ean \u0111\u01b0\u1ee3c b\u1ea3o qu\u1ea3n l\u1ea1nh v\u00e0 d\u00f9ng trong ng\u00e0y \u0111\u1ec3 gi\u1eef \u0111\u01b0\u1ee3c \u0111\u1ed9 ngon ho\u00e0n<\/p>\n<p>H\u01b0\u01a1ng v\u1ecb:\u00a0Ng\u1ecdt b\u00f9i t\u1ef1 nhi\u00ean \u2013 H\u01b0\u01a1ng b\u01a1 t\u01b0\u01a1i \u2013 B\u00e9o nh\u1eb9<\/p>\n<p><strong>C\u1ea5u tr\u00fac b\u00e1nh:<\/strong><\/p>\n<p>Ph\u1ea7n th\u00e2n b\u00e1nh g\u1ed3m c\u00e1c l\u1edbp ch\u00ednh:<\/p>\n<p>+ Mousse b\u01a1 t\u01b0\u01a1i<\/p>\n<p>+ B\u00f4ng lan v\u1ecb vani<\/p>\n<p>Ph\u1ea7n trang tr\u00ed: d\u00e2u t\u01b0\u01a1i, b\u00fap s\u1eefa chua<\/p>\n<p><strong>B\u1ea3o qu\u1ea3n:<\/strong>\u00a0B\u00e1nh n\u00ean \u0111\u01b0\u1ee3c d\u00f9ng trong ng\u00e0y v\u00e0 ngon h\u01a1n khi b\u1ea3o qu\u1ea3n l\u1ea1nh tr\u01b0\u1edbc khi th\u01b0\u1edfng th\u1ee9c.<\/p>\n<p><strong>Ph\u1ee5 ki\u1ec7n t\u1eb7ng k\u00e8m:<\/strong><\/p>\n<p>+ 1 dao c\u1eaft b\u00e1nh<\/p>\n<p>+ 1 b\u1ed9 d\u0129a v\u00e0 mu\u1ed7ng<\/p>\n<p>+ H\u1ed9p n\u1ebfn nh\u1ecf<\/p>\n<p><b>Mua ngay<a href=\"https:\/\/bepcovy.azdigi.shop\/index.php\/cua-hang\/\">https:\/\/bepcovy.azdigi.shop\/index.php\/cua-hang\/<\/a><\/b><\/p>\n<p><a href=\"https:\/\/cailonuong.com\/menu\/green-bliss-mousse-bo\/\">Xem Th\u00eam<\/a><\/p>\n","protected":false},"excerpt":{"rendered":"<p>Green kh\u00f4ng ch\u1ec9 l\u00e0 m\u00e0u s\u1eafc, m\u00e0 c\u00f2n l\u00e0 t\u00ean g\u1ecdi \u0111\u1ea7y \u00fd ngh\u0129a c\u1ee7a chi\u1ebfc b\u00e1nh Mousse B\u01a1 m\u1edbi ra m\u1eaft! V\u1edbi s\u1eafc xanh t\u01b0\u01a1i m\u00e1t v\u00e0 l\u1edbp mousse b\u01a1 m\u1ec1m m\u1ecbn, chi\u1ebfc b\u00e1nh mang l\u1ea1i cho b\u1ea1n m\u1ed9t tr\u1ea3i nghi\u1ec7m c\u1ee7a nh\u1eefng b\u00f3ng r\u00e2m xanh m\u00e1t gi\u1eefa ng\u00e0y h\u00e8 oi \u1ea3 \u2013 m\u1ed9t c\u1ea3m gi\u00e1c h\u1ea1nh ph\u00fac th\u1eadt s\u1ef1 \u2013 \u201cbliss\u201d.<\/p>\n<ul>\n<li aria-level=\"1\">Mousse B\u01a1 l\u00e0 d\u00f2ng b\u00e1nh best-seller c\u1ee7a B\u1ebfp C\u00f4 Vy v\u1edbi ph\u1ea7n mousse \u0111\u01b0\u1ee3c ch\u1ebf bi\u1ebfn t\u1eeb tr\u00e1i b\u01a1 t\u01b0\u01a1i m\u1edbi m\u1ed7i ng\u00e0y.<\/li>\n<li aria-level=\"1\">M\u00e0u xanh v\u00e0 h\u01b0\u01a1ng v\u1ecb b\u01a1 ho\u00e0n to\u00e0n t\u1ef1 nhi\u00ean s\u1ebd chinh ph\u1ee5c tr\u00e1i tim c\u1ee7a b\u1ea1n.<\/li>\n<li aria-level=\"1\">Ph\u1ea7n trang tr\u00ed hi\u1ec7n \u0111\u1ea1i v\u1edbi \u0111i\u1ec3m nh\u1ea5n sinh \u0111\u1ed9ng t\u1eeb d\u00e2u t\u00e2y c\u0103ng m\u1ecdng v\u00e0 b\u00fap s\u1eefa chua tr\u1eafng.<\/li>\n<li aria-level=\"1\">B\u00ean trong l\u00e0 c\u1ed1t b\u00f4ng lan va-ni \u00eam d\u1ecbu, kh\u00f4ng ch\u1ec9 gi\u00fap c\u00e2n b\u1eb1ng v\u1ecb b\u01a1 m\u00e0 c\u00f2n t\u1ea1o n\u00ean m\u1ed9t h\u01b0\u01a1ng v\u1ecb h\u00f2a quy\u1ec7n \u0111\u1ed9c \u0111\u00e1o.<\/li>\n<\/ul>\n<p>H\u00e3y l\u00e0 nh\u1eefng kh\u00e1ch h\u00e0ng s\u1edbm nh\u1ea5t order chi\u1ebfc b\u00e1nh \u0111\u01b0\u1ee3c d\u1ef1 \u0111o\u00e1n hot nh\u1ea5t m\u00f9a h\u00e8 n\u00e0y \u0111\u1ec3 th\u01b0\u1edfng th\u1ee9c v\u00e0 tr\u1ea3i nghi\u1ec7m h\u01b0\u01a1ng v\u1ecb tuy\u1ec7t h\u1ea3o t\u1eeb B\u1ebfp C\u00f4 Vy b\u1ea1n nh\u00e9!<\/p>\n","protected":false},"featured_media":196,"comment_status":"open","ping_status":"closed","template":"","meta":[],"product_brand":[],"product_cat":[22],"product_tag":[],"class_list":{"0":"post-195","1":"product","2":"type-product","3":"status-publish","4":"has-post-thumbnail","6":"product_cat-banh-mousse","8":"first","9":"instock","10":"shipping-taxable","11":"purchasable","12":"product-type-variable"},"yoast_head":"<!-- This site is optimized with the Yoast SEO plugin v27.1.1 - https:\/\/yoast.com\/product\/yoast-seo-wordpress\/ -->\n<title>Green Bliss Merry \u2013 Mousse B\u01a1 D\u00e2u - B\u1ebfp C\u00f4 Vy<\/title>\n<meta name=\"description\" content=\"B\u00e1nh mousse b\u01a1 t\u01b0\u01a1i ng\u1ecdt b\u00f9i t\u1ef1 nhi\u00ean, b\u00e9o nh\u1eb9, th\u01a1m h\u01b0\u01a1ng b\u01a1. K\u1ebft h\u1ee3p b\u00f4ng lan vani m\u1ec1m m\u1ecbn, trang tr\u00ed d\u00e2u t\u01b0\u01a1i v\u00e0 b\u00fap s\u1eefa chua \u0111\u1eb9p m\u1eaft.\" \/>\n<meta name=\"robots\" content=\"index, follow, max-snippet:-1, max-image-preview:large, max-video-preview:-1\" \/>\n<link rel=\"canonical\" href=\"https:\/\/bepcovy.azdigi.shop\/index.php\/san-pham\/green-bliss-merry-mousse-bo-dau\/\" \/>\n<meta property=\"og:locale\" content=\"vi_VN\" \/>\n<meta property=\"og:type\" content=\"article\" \/>\n<meta property=\"og:title\" content=\"Green Bliss Merry \u2013 Mousse B\u01a1 D\u00e2u - B\u1ebfp C\u00f4 Vy\" \/>\n<meta property=\"og:description\" content=\"B\u00e1nh mousse b\u01a1 t\u01b0\u01a1i ng\u1ecdt b\u00f9i t\u1ef1 nhi\u00ean, b\u00e9o nh\u1eb9, th\u01a1m h\u01b0\u01a1ng b\u01a1. K\u1ebft h\u1ee3p b\u00f4ng lan vani m\u1ec1m m\u1ecbn, trang tr\u00ed d\u00e2u t\u01b0\u01a1i v\u00e0 b\u00fap s\u1eefa chua \u0111\u1eb9p m\u1eaft.\" \/>\n<meta property=\"og:url\" content=\"https:\/\/bepcovy.azdigi.shop\/index.php\/san-pham\/green-bliss-merry-mousse-bo-dau\/\" \/>\n<meta property=\"og:site_name\" content=\"B\u1ebfp C\u00f4 Vy\" \/>\n<meta property=\"og:image\" content=\"https:\/\/bepcovy.azdigi.shop\/wp-content\/uploads\/2026\/04\/4-1.jpg\" \/>\n\t<meta property=\"og:image:width\" content=\"800\" \/>\n\t<meta property=\"og:image:height\" content=\"1200\" \/>\n\t<meta property=\"og:image:type\" content=\"image\/jpeg\" \/>\n<meta name=\"twitter:card\" content=\"summary_large_image\" \/>\n<meta name=\"twitter:label1\" content=\"\u01af\u1edbc t\u00ednh th\u1eddi gian \u0111\u1ecdc\" \/>\n\t<meta name=\"twitter:data1\" content=\"2 ph\u00fat\" \/>\n<script type=\"application\/ld+json\" class=\"yoast-schema-graph\">{\"@context\":\"https:\/\/schema.org\",\"@graph\":[{\"@type\":\"WebPage\",\"@id\":\"https:\/\/bepcovy.azdigi.shop\/index.php\/san-pham\/green-bliss-merry-mousse-bo-dau\/\",\"url\":\"https:\/\/bepcovy.azdigi.shop\/index.php\/san-pham\/green-bliss-merry-mousse-bo-dau\/\",\"name\":\"Green Bliss Merry \u2013 Mousse B\u01a1 D\u00e2u - B\u1ebfp C\u00f4 Vy\",\"isPartOf\":{\"@id\":\"https:\/\/bepcovy.azdigi.shop\/#website\"},\"primaryImageOfPage\":{\"@id\":\"https:\/\/bepcovy.azdigi.shop\/index.php\/san-pham\/green-bliss-merry-mousse-bo-dau\/#primaryimage\"},\"image\":{\"@id\":\"https:\/\/bepcovy.azdigi.shop\/index.php\/san-pham\/green-bliss-merry-mousse-bo-dau\/#primaryimage\"},\"thumbnailUrl\":\"https:\/\/bepcovy.azdigi.shop\/wp-content\/uploads\/2026\/04\/4-1.jpg\",\"datePublished\":\"2026-04-10T17:34:34+00:00\",\"description\":\"B\u00e1nh mousse b\u01a1 t\u01b0\u01a1i ng\u1ecdt b\u00f9i t\u1ef1 nhi\u00ean, b\u00e9o nh\u1eb9, th\u01a1m h\u01b0\u01a1ng b\u01a1. K\u1ebft h\u1ee3p b\u00f4ng lan vani m\u1ec1m m\u1ecbn, trang tr\u00ed d\u00e2u t\u01b0\u01a1i v\u00e0 b\u00fap s\u1eefa chua \u0111\u1eb9p m\u1eaft.\",\"breadcrumb\":{\"@id\":\"https:\/\/bepcovy.azdigi.shop\/index.php\/san-pham\/green-bliss-merry-mousse-bo-dau\/#breadcrumb\"},\"inLanguage\":\"vi\",\"potentialAction\":[{\"@type\":\"ReadAction\",\"target\":[\"https:\/\/bepcovy.azdigi.shop\/index.php\/san-pham\/green-bliss-merry-mousse-bo-dau\/\"]}]},{\"@type\":\"ImageObject\",\"inLanguage\":\"vi\",\"@id\":\"https:\/\/bepcovy.azdigi.shop\/index.php\/san-pham\/green-bliss-merry-mousse-bo-dau\/#primaryimage\",\"url\":\"https:\/\/bepcovy.azdigi.shop\/wp-content\/uploads\/2026\/04\/4-1.jpg\",\"contentUrl\":\"https:\/\/bepcovy.azdigi.shop\/wp-content\/uploads\/2026\/04\/4-1.jpg\",\"width\":800,\"height\":1200},{\"@type\":\"BreadcrumbList\",\"@id\":\"https:\/\/bepcovy.azdigi.shop\/index.php\/san-pham\/green-bliss-merry-mousse-bo-dau\/#breadcrumb\",\"itemListElement\":[{\"@type\":\"ListItem\",\"position\":1,\"name\":\"Trang ch\u1ee7\",\"item\":\"https:\/\/bepcovy.azdigi.shop\/\"},{\"@type\":\"ListItem\",\"position\":2,\"name\":\"C\u1eeda h\u00e0ng\",\"item\":\"https:\/\/bepcovy.azdigi.shop\/index.php\/cua-hang\/\"},{\"@type\":\"ListItem\",\"position\":3,\"name\":\"Green Bliss Merry \u2013 Mousse B\u01a1 D\u00e2u\"}]},{\"@type\":\"WebSite\",\"@id\":\"https:\/\/bepcovy.azdigi.shop\/#website\",\"url\":\"https:\/\/bepcovy.azdigi.shop\/\",\"name\":\"B\u1ebfp C\u00f4 Vy\",\"description\":\"\",\"potentialAction\":[{\"@type\":\"SearchAction\",\"target\":{\"@type\":\"EntryPoint\",\"urlTemplate\":\"https:\/\/bepcovy.azdigi.shop\/?s={search_term_string}\"},\"query-input\":{\"@type\":\"PropertyValueSpecification\",\"valueRequired\":true,\"valueName\":\"search_term_string\"}}],\"inLanguage\":\"vi\"}]}<\/script>\n<!-- \/ Yoast SEO plugin. -->","yoast_head_json":{"title":"Green Bliss Merry \u2013 Mousse B\u01a1 D\u00e2u - B\u1ebfp C\u00f4 Vy","description":"B\u00e1nh mousse b\u01a1 t\u01b0\u01a1i ng\u1ecdt b\u00f9i t\u1ef1 nhi\u00ean, b\u00e9o nh\u1eb9, th\u01a1m h\u01b0\u01a1ng b\u01a1. K\u1ebft h\u1ee3p b\u00f4ng lan vani m\u1ec1m m\u1ecbn, trang tr\u00ed d\u00e2u t\u01b0\u01a1i v\u00e0 b\u00fap s\u1eefa chua \u0111\u1eb9p m\u1eaft.","robots":{"index":"index","follow":"follow","max-snippet":"max-snippet:-1","max-image-preview":"max-image-preview:large","max-video-preview":"max-video-preview:-1"},"canonical":"https:\/\/bepcovy.azdigi.shop\/index.php\/san-pham\/green-bliss-merry-mousse-bo-dau\/","og_locale":"vi_VN","og_type":"article","og_title":"Green Bliss Merry \u2013 Mousse B\u01a1 D\u00e2u - B\u1ebfp C\u00f4 Vy","og_description":"B\u00e1nh mousse b\u01a1 t\u01b0\u01a1i ng\u1ecdt b\u00f9i t\u1ef1 nhi\u00ean, b\u00e9o nh\u1eb9, th\u01a1m h\u01b0\u01a1ng b\u01a1. K\u1ebft h\u1ee3p b\u00f4ng lan vani m\u1ec1m m\u1ecbn, trang tr\u00ed d\u00e2u t\u01b0\u01a1i v\u00e0 b\u00fap s\u1eefa chua \u0111\u1eb9p m\u1eaft.","og_url":"https:\/\/bepcovy.azdigi.shop\/index.php\/san-pham\/green-bliss-merry-mousse-bo-dau\/","og_site_name":"B\u1ebfp C\u00f4 Vy","og_image":[{"width":800,"height":1200,"url":"https:\/\/bepcovy.azdigi.shop\/wp-content\/uploads\/2026\/04\/4-1.jpg","type":"image\/jpeg"}],"twitter_card":"summary_large_image","twitter_misc":{"\u01af\u1edbc t\u00ednh th\u1eddi gian \u0111\u1ecdc":"2 ph\u00fat"},"schema":{"@context":"https:\/\/schema.org","@graph":[{"@type":"WebPage","@id":"https:\/\/bepcovy.azdigi.shop\/index.php\/san-pham\/green-bliss-merry-mousse-bo-dau\/","url":"https:\/\/bepcovy.azdigi.shop\/index.php\/san-pham\/green-bliss-merry-mousse-bo-dau\/","name":"Green Bliss Merry \u2013 Mousse B\u01a1 D\u00e2u - B\u1ebfp C\u00f4 Vy","isPartOf":{"@id":"https:\/\/bepcovy.azdigi.shop\/#website"},"primaryImageOfPage":{"@id":"https:\/\/bepcovy.azdigi.shop\/index.php\/san-pham\/green-bliss-merry-mousse-bo-dau\/#primaryimage"},"image":{"@id":"https:\/\/bepcovy.azdigi.shop\/index.php\/san-pham\/green-bliss-merry-mousse-bo-dau\/#primaryimage"},"thumbnailUrl":"https:\/\/bepcovy.azdigi.shop\/wp-content\/uploads\/2026\/04\/4-1.jpg","datePublished":"2026-04-10T17:34:34+00:00","description":"B\u00e1nh mousse b\u01a1 t\u01b0\u01a1i ng\u1ecdt b\u00f9i t\u1ef1 nhi\u00ean, b\u00e9o nh\u1eb9, th\u01a1m h\u01b0\u01a1ng b\u01a1. K\u1ebft h\u1ee3p b\u00f4ng lan vani m\u1ec1m m\u1ecbn, trang tr\u00ed d\u00e2u t\u01b0\u01a1i v\u00e0 b\u00fap s\u1eefa chua \u0111\u1eb9p m\u1eaft.","breadcrumb":{"@id":"https:\/\/bepcovy.azdigi.shop\/index.php\/san-pham\/green-bliss-merry-mousse-bo-dau\/#breadcrumb"},"inLanguage":"vi","potentialAction":[{"@type":"ReadAction","target":["https:\/\/bepcovy.azdigi.shop\/index.php\/san-pham\/green-bliss-merry-mousse-bo-dau\/"]}]},{"@type":"ImageObject","inLanguage":"vi","@id":"https:\/\/bepcovy.azdigi.shop\/index.php\/san-pham\/green-bliss-merry-mousse-bo-dau\/#primaryimage","url":"https:\/\/bepcovy.azdigi.shop\/wp-content\/uploads\/2026\/04\/4-1.jpg","contentUrl":"https:\/\/bepcovy.azdigi.shop\/wp-content\/uploads\/2026\/04\/4-1.jpg","width":800,"height":1200},{"@type":"BreadcrumbList","@id":"https:\/\/bepcovy.azdigi.shop\/index.php\/san-pham\/green-bliss-merry-mousse-bo-dau\/#breadcrumb","itemListElement":[{"@type":"ListItem","position":1,"name":"Trang ch\u1ee7","item":"https:\/\/bepcovy.azdigi.shop\/"},{"@type":"ListItem","position":2,"name":"C\u1eeda h\u00e0ng","item":"https:\/\/bepcovy.azdigi.shop\/index.php\/cua-hang\/"},{"@type":"ListItem","position":3,"name":"Green Bliss Merry \u2013 Mousse B\u01a1 D\u00e2u"}]},{"@type":"WebSite","@id":"https:\/\/bepcovy.azdigi.shop\/#website","url":"https:\/\/bepcovy.azdigi.shop\/","name":"B\u1ebfp C\u00f4 Vy","description":"","potentialAction":[{"@type":"SearchAction","target":{"@type":"EntryPoint","urlTemplate":"https:\/\/bepcovy.azdigi.shop\/?s={search_term_string}"},"query-input":{"@type":"PropertyValueSpecification","valueRequired":true,"valueName":"search_term_string"}}],"inLanguage":"vi"}]}},"_links":{"self":[{"href":"https:\/\/bepcovy.azdigi.shop\/index.php\/wp-json\/wp\/v2\/product\/195","targetHints":{"allow":["GET"]}}],"collection":[{"href":"https:\/\/bepcovy.azdigi.shop\/index.php\/wp-json\/wp\/v2\/product"}],"about":[{"href":"https:\/\/bepcovy.azdigi.shop\/index.php\/wp-json\/wp\/v2\/types\/product"}],"replies":[{"embeddable":true,"href":"https:\/\/bepcovy.azdigi.shop\/index.php\/wp-json\/wp\/v2\/comments?post=195"}],"wp:featuredmedia":[{"embeddable":true,"href":"https:\/\/bepcovy.azdigi.shop\/index.php\/wp-json\/wp\/v2\/media\/196"}],"wp:attachment":[{"href":"https:\/\/bepcovy.azdigi.shop\/index.php\/wp-json\/wp\/v2\/media?parent=195"}],"wp:term":[{"taxonomy":"product_brand","embeddable":true,"href":"https:\/\/bepcovy.azdigi.shop\/index.php\/wp-json\/wp\/v2\/product_brand?post=195"},{"taxonomy":"product_cat","embeddable":true,"href":"https:\/\/bepcovy.azdigi.shop\/index.php\/wp-json\/wp\/v2\/product_cat?post=195"},{"taxonomy":"product_tag","embeddable":true,"href":"https:\/\/bepcovy.azdigi.shop\/index.php\/wp-json\/wp\/v2\/product_tag?post=195"}],"curies":[{"name":"wp","href":"https:\/\/api.w.org\/{rel}","templated":true}]}}