{"id":182,"date":"2026-04-04T03:55:12","date_gmt":"2026-04-04T03:55:12","guid":{"rendered":"https:\/\/bepcovy.azdigi.shop\/?post_type=product&#038;p=182"},"modified":"2026-04-10T18:44:49","modified_gmt":"2026-04-10T18:44:49","slug":"entremet-letter","status":"publish","type":"product","link":"https:\/\/bepcovy.azdigi.shop\/index.php\/san-pham\/entremet-letter\/","title":{"rendered":"Entremet Letter"},"content":{"rendered":"<h1><strong>Entremet Letter<\/strong><\/h1>\n<p><strong>Entremet cherry<\/strong>\u00a0l\u00e0 s\u1ef1 k\u1ebft h\u1ee3p ho\u00e0n h\u1ea3o gi\u1eefa mousse vanilla m\u1ec1m m\u1ecbn, b\u00e1nh chocolate \u0111\u1eadm v\u1ecb v\u00e0 nh\u00e2n cherry chua ng\u1ecdt h\u1ea5p d\u1eabn. V\u1edbi l\u1edbp mirror glaze \u0111\u1ecf b\u00f3ng sang tr\u1ecdng, chi\u1ebfc b\u00e1nh kh\u00f4ng ch\u1ec9 ngon m\u00e0 c\u00f2n c\u1ef1c k\u1ef3 b\u1eaft m\u1eaft.<\/p>\n<p><strong>K\u00edch th\u01b0\u1edbc:\u00a0<\/strong>15cm<\/p>\n<p><strong>H\u01b0\u01a1ng v\u1ecb:<\/strong>\u00a0Chua ng\u1ecdt \u0111\u1eadm \u0111\u00e0 \u2013 b\u00e9o nh\u1eb9 \u2013 ng\u1ecdt d\u1ecbu<\/p>\n<h2><strong>C\u1ea5u tr\u00fac b\u00e1nh:<\/strong><\/h2>\n<p>Ph\u1ea7n th\u00e2n b\u00e1nh g\u1ed3m c\u00e1c l\u1edbp ch\u00ednh:<\/p>\n<p>+ Mousse cream vanilla v\u1edbi nh\u1eefng h\u1ea1t vanilla<\/p>\n<p>+ B\u00e1nh b\u00f4ng lan chocolate \u0111en \u1ea9m m\u1ecbn.<\/p>\n<p>+ Nh\u00e2n cherry n\u1ea5u c\u00f9ng d\u00e2u v\u00e0 r\u01b0\u1ee3u cherry.<\/p>\n<p>Ph\u1ea7n trang tr\u00ed: \u0111\u1ed5 mirror glaze (tr\u00e1ng g\u01b0\u01a1ng) tr\u00e1ng g\u01b0\u01a1ng m\u00e0u \u0111\u1ecf, trang tr\u00ed b\u1eb1ng chocolate tr\u1eafng v\u00e0 mousse s\u1eefa chua (t\u1ea5m tr\u00f2n m\u00e0u tr\u1eafng).<\/p>\n<p><strong>B\u1ea3o qu\u1ea3n:<\/strong>\u00a0B\u00e1nh n\u00ean \u0111\u01b0\u1ee3c d\u00f9ng trong ng\u00e0y v\u00e0 ngon h\u01a1n khi b\u1ea3o qu\u1ea3n l\u1ea1nh tr\u01b0\u1edbc khi th\u01b0\u1edfng th\u1ee9c.<\/p>\n<h2><strong>Ph\u1ee5 ki\u1ec7n t\u1eb7ng k\u00e8m:<\/strong><\/h2>\n<p>+ 1 dao c\u1eaft b\u00e1nh<\/p>\n<p>+ 1 b\u1ed9 d\u0129a v\u00e0 mu\u1ed7ng<\/p>\n<p>+ H\u1ed9p n\u1ebfn nh\u1ecf<\/p>\n<h3><strong>Ph\u00e2n lo\u1ea1i:<\/strong> B\u00e1nh Entremet Letter<\/h3>\n<p><a href=\"https:\/\/bepcovy.azdigi.shop\/wp-admin\/post.php?post=182&amp;action=edit\">MUa ngay<\/a><\/p>\n<p><a href=\"https:\/\/cailonuong.com\/menu\/entremet-letter\/\">xem them<\/a><\/p>\n","protected":false},"excerpt":{"rendered":"<div class=\"ace-line ace-line old-record-id-Wn0ddjq5Yoa1PoxjE4Wl8WskgCh\">Ng\u01b0\u1eddi ta th\u01b0\u1eddng vi\u1ebft th\u01b0 \u0111\u1ec3 gi\u00e3i b\u00e0y nh\u1eefng \u0111i\u1ec1u kh\u00f3 n\u00f3i. C\u00f2n t\u1ea1i B\u1ebfp C\u00f4 Vy, ch\u00fang m\u00ecnh g\u00f3i gh\u00e9m nh\u1eefng c\u1ea3m x\u00fac m\u00e3nh li\u1ec7t \u1ea5y v\u00e0o <strong>Entremet Letter<\/strong><\/div>\n<div class=\"ace-line ace-line old-record-id-IWbSdIsePoyR0wxrAcTlhxhKgXb\">D\u01b0\u1edbi l\u1edbp tr\u00e1ng g\u01b0\u01a1ng m\u00e0u \u0111\u1ecf r\u1ef1c r\u1ee1 nh\u01b0 m\u1ed9t chi\u1ebfc phong bao ni\u00eam phong k\u00edn \u0111\u00e1o, l\u00e0 \u201cn\u1ed9i dung\u201d \u0111\u1ea7y b\u1ea5t ng\u1edd c\u1ee7a d\u00f2ng b\u00e1nh Black Forest tr\u1ee9 danh \u0111\u01b0\u1ee3c l\u00e0m m\u1edbi l\u1ea1i. Kh\u00f4ng d\u00f9ng m\u1ef1c b\u00fat, ch\u00fang m\u00ecnh vi\u1ebft n\u00ean c\u00e2u chuy\u1ec7n\u00a0<strong>Layers of Her<\/strong>\u00a0b\u1eb1ng v\u1ecb \u0111\u1eafng tr\u1ea7m m\u1eb7c c\u1ee7a c\u1ed1t b\u00f4ng lan chocolate \u0111en, h\u00f2a quy\u1ec7n trong ch\u00fat men say n\u1ed3ng n\u00e0n c\u1ee7a nh\u00e2n cherry n\u1ea5u r\u01b0\u1ee3u.<\/div>\n<div class=\"ace-line ace-line old-record-id-L3Ztd4c8gob9ctxQrIllFa0KgAc\">\u0110\u1ec3 l\u00e0m d\u1ecbu \u0111i nh\u1eefng n\u1ed1t tr\u1ea7m m\u1ea1nh m\u1ebd \u1ea5y, l\u1edbp mousse cream t\u1eeb h\u1ea1t vanilla Madagascar th\u01b0\u1ee3ng h\u1ea1ng v\u00e0 decor mousse s\u1eefa chua tr\u1eafng mu\u1ed1t c\u00e2n b\u1eb1ng l\u1ea1i m\u1ecdi gi\u00e1c quan.<\/div>\n<div class=\"ace-line ace-line old-record-id-HRQYdrYYnoYLcQxwyDMlvKhBgQc\">M\u1ed9t b\u1ee9c th\u01b0 d\u00e0nh cho ph\u00e1i n\u1eef n\u1ed3ng n\u00e0n h\u01b0\u01a1ng r\u01b0\u1ee3u v\u00e0 chocolate. B\u1ea1n c\u00f3 mu\u1ed1n l\u00e0 ng\u01b0\u1eddi m\u1edf \u201cphong bao\u201d \u0111\u1eb7c bi\u1ec7t n\u00e0y?<\/div>\n<div class=\"ace-line ace-line old-record-id-Ia04darlCoo9S6xUvPwll19wg0c\">Entremet Letter 15cm \u0111\u00e3 s\u1eb5n s\u00e0ng \u0111\u1ec3 g\u1eedi trao. \u0110\u1eb7t b\u00e1nh ngay \u0111\u1ec3 th\u01b0\u1edfng th\u1ee9c s\u1ef1 bi\u1ebfn t\u1ea5u th\u00fa v\u1ecb n\u00e0y.<\/div>\n","protected":false},"featured_media":183,"comment_status":"open","ping_status":"closed","template":"","meta":[],"product_brand":[],"product_cat":[27],"product_tag":[],"class_list":{"0":"post-182","1":"product","2":"type-product","3":"status-publish","4":"has-post-thumbnail","6":"product_cat-banh-entremet","8":"first","9":"instock","10":"shipping-taxable","11":"purchasable","12":"product-type-simple"},"yoast_head":"<!-- This site is optimized with the Yoast SEO plugin v27.1.1 - https:\/\/yoast.com\/product\/yoast-seo-wordpress\/ -->\n<title>B\u00e1nh Entremet Cherry M\u1ec1m M\u1ecbn | Cao C\u1ea5p | B\u1ebfp C\u00f4 Vy<\/title>\n<meta name=\"description\" content=\"Entremet Letter - B\u00e1nh entremet cherry chocolate m\u1ec1m m\u1ecbn, chua ng\u1ecdt h\u00e0i h\u00f2a, ph\u1ee7 l\u1edbp mirror glaze \u0111\u1ecf sang tr\u1ecdng \u2013 l\u1ef1a ch\u1ecdn ho\u00e0n h\u1ea3o cho d\u1ecbp \u0111\u1eb7c bi\u1ec7t.\" \/>\n<meta name=\"robots\" content=\"index, follow, max-snippet:-1, max-image-preview:large, max-video-preview:-1\" \/>\n<link rel=\"canonical\" href=\"https:\/\/bepcovy.azdigi.shop\/index.php\/san-pham\/entremet-letter\/\" \/>\n<meta property=\"og:locale\" content=\"vi_VN\" \/>\n<meta property=\"og:type\" content=\"article\" \/>\n<meta property=\"og:title\" content=\"B\u00e1nh Entremet Cherry M\u1ec1m M\u1ecbn | Cao C\u1ea5p | B\u1ebfp C\u00f4 Vy\" \/>\n<meta property=\"og:description\" content=\"Entremet Letter - B\u00e1nh entremet cherry chocolate m\u1ec1m m\u1ecbn, chua ng\u1ecdt h\u00e0i h\u00f2a, ph\u1ee7 l\u1edbp mirror glaze \u0111\u1ecf sang tr\u1ecdng \u2013 l\u1ef1a ch\u1ecdn ho\u00e0n h\u1ea3o cho d\u1ecbp \u0111\u1eb7c bi\u1ec7t.\" \/>\n<meta property=\"og:url\" content=\"https:\/\/bepcovy.azdigi.shop\/index.php\/san-pham\/entremet-letter\/\" \/>\n<meta property=\"og:site_name\" content=\"B\u1ebfp C\u00f4 Vy\" \/>\n<meta property=\"article:modified_time\" content=\"2026-04-10T18:44:49+00:00\" \/>\n<meta property=\"og:image\" content=\"https:\/\/bepcovy.azdigi.shop\/wp-content\/uploads\/2026\/04\/16-800x1200-1.jpg\" \/>\n\t<meta property=\"og:image:width\" content=\"800\" \/>\n\t<meta property=\"og:image:height\" content=\"1200\" \/>\n\t<meta property=\"og:image:type\" content=\"image\/jpeg\" \/>\n<meta name=\"twitter:card\" content=\"summary_large_image\" \/>\n<meta name=\"twitter:label1\" content=\"\u01af\u1edbc t\u00ednh th\u1eddi gian \u0111\u1ecdc\" \/>\n\t<meta name=\"twitter:data1\" content=\"2 ph\u00fat\" \/>\n<script type=\"application\/ld+json\" class=\"yoast-schema-graph\">{\"@context\":\"https:\/\/schema.org\",\"@graph\":[{\"@type\":\"WebPage\",\"@id\":\"https:\/\/bepcovy.azdigi.shop\/index.php\/san-pham\/entremet-letter\/\",\"url\":\"https:\/\/bepcovy.azdigi.shop\/index.php\/san-pham\/entremet-letter\/\",\"name\":\"B\u00e1nh Entremet Cherry M\u1ec1m M\u1ecbn | Cao C\u1ea5p | B\u1ebfp C\u00f4 Vy\",\"isPartOf\":{\"@id\":\"https:\/\/bepcovy.azdigi.shop\/#website\"},\"primaryImageOfPage\":{\"@id\":\"https:\/\/bepcovy.azdigi.shop\/index.php\/san-pham\/entremet-letter\/#primaryimage\"},\"image\":{\"@id\":\"https:\/\/bepcovy.azdigi.shop\/index.php\/san-pham\/entremet-letter\/#primaryimage\"},\"thumbnailUrl\":\"https:\/\/bepcovy.azdigi.shop\/wp-content\/uploads\/2026\/04\/16-800x1200-1.jpg\",\"datePublished\":\"2026-04-04T03:55:12+00:00\",\"dateModified\":\"2026-04-10T18:44:49+00:00\",\"description\":\"Entremet Letter - B\u00e1nh entremet cherry chocolate m\u1ec1m m\u1ecbn, chua ng\u1ecdt h\u00e0i h\u00f2a, ph\u1ee7 l\u1edbp mirror glaze \u0111\u1ecf sang tr\u1ecdng \u2013 l\u1ef1a ch\u1ecdn ho\u00e0n h\u1ea3o cho d\u1ecbp \u0111\u1eb7c bi\u1ec7t.\",\"breadcrumb\":{\"@id\":\"https:\/\/bepcovy.azdigi.shop\/index.php\/san-pham\/entremet-letter\/#breadcrumb\"},\"inLanguage\":\"vi\",\"potentialAction\":[{\"@type\":\"ReadAction\",\"target\":[\"https:\/\/bepcovy.azdigi.shop\/index.php\/san-pham\/entremet-letter\/\"]}]},{\"@type\":\"ImageObject\",\"inLanguage\":\"vi\",\"@id\":\"https:\/\/bepcovy.azdigi.shop\/index.php\/san-pham\/entremet-letter\/#primaryimage\",\"url\":\"https:\/\/bepcovy.azdigi.shop\/wp-content\/uploads\/2026\/04\/16-800x1200-1.jpg\",\"contentUrl\":\"https:\/\/bepcovy.azdigi.shop\/wp-content\/uploads\/2026\/04\/16-800x1200-1.jpg\",\"width\":800,\"height\":1200},{\"@type\":\"BreadcrumbList\",\"@id\":\"https:\/\/bepcovy.azdigi.shop\/index.php\/san-pham\/entremet-letter\/#breadcrumb\",\"itemListElement\":[{\"@type\":\"ListItem\",\"position\":1,\"name\":\"Trang ch\u1ee7\",\"item\":\"https:\/\/bepcovy.azdigi.shop\/\"},{\"@type\":\"ListItem\",\"position\":2,\"name\":\"C\u1eeda h\u00e0ng\",\"item\":\"https:\/\/bepcovy.azdigi.shop\/index.php\/cua-hang\/\"},{\"@type\":\"ListItem\",\"position\":3,\"name\":\"Entremet Letter\"}]},{\"@type\":\"WebSite\",\"@id\":\"https:\/\/bepcovy.azdigi.shop\/#website\",\"url\":\"https:\/\/bepcovy.azdigi.shop\/\",\"name\":\"B\u1ebfp C\u00f4 Vy\",\"description\":\"\",\"potentialAction\":[{\"@type\":\"SearchAction\",\"target\":{\"@type\":\"EntryPoint\",\"urlTemplate\":\"https:\/\/bepcovy.azdigi.shop\/?s={search_term_string}\"},\"query-input\":{\"@type\":\"PropertyValueSpecification\",\"valueRequired\":true,\"valueName\":\"search_term_string\"}}],\"inLanguage\":\"vi\"}]}<\/script>\n<!-- \/ Yoast SEO plugin. -->","yoast_head_json":{"title":"B\u00e1nh Entremet Cherry M\u1ec1m M\u1ecbn | Cao C\u1ea5p | B\u1ebfp C\u00f4 Vy","description":"Entremet Letter - B\u00e1nh entremet cherry chocolate m\u1ec1m m\u1ecbn, chua ng\u1ecdt h\u00e0i h\u00f2a, ph\u1ee7 l\u1edbp mirror glaze \u0111\u1ecf sang tr\u1ecdng \u2013 l\u1ef1a ch\u1ecdn ho\u00e0n h\u1ea3o cho d\u1ecbp \u0111\u1eb7c bi\u1ec7t.","robots":{"index":"index","follow":"follow","max-snippet":"max-snippet:-1","max-image-preview":"max-image-preview:large","max-video-preview":"max-video-preview:-1"},"canonical":"https:\/\/bepcovy.azdigi.shop\/index.php\/san-pham\/entremet-letter\/","og_locale":"vi_VN","og_type":"article","og_title":"B\u00e1nh Entremet Cherry M\u1ec1m M\u1ecbn | Cao C\u1ea5p | B\u1ebfp C\u00f4 Vy","og_description":"Entremet Letter - B\u00e1nh entremet cherry chocolate m\u1ec1m m\u1ecbn, chua ng\u1ecdt h\u00e0i h\u00f2a, ph\u1ee7 l\u1edbp mirror glaze \u0111\u1ecf sang tr\u1ecdng \u2013 l\u1ef1a ch\u1ecdn ho\u00e0n h\u1ea3o cho d\u1ecbp \u0111\u1eb7c bi\u1ec7t.","og_url":"https:\/\/bepcovy.azdigi.shop\/index.php\/san-pham\/entremet-letter\/","og_site_name":"B\u1ebfp C\u00f4 Vy","article_modified_time":"2026-04-10T18:44:49+00:00","og_image":[{"width":800,"height":1200,"url":"https:\/\/bepcovy.azdigi.shop\/wp-content\/uploads\/2026\/04\/16-800x1200-1.jpg","type":"image\/jpeg"}],"twitter_card":"summary_large_image","twitter_misc":{"\u01af\u1edbc t\u00ednh th\u1eddi gian \u0111\u1ecdc":"2 ph\u00fat"},"schema":{"@context":"https:\/\/schema.org","@graph":[{"@type":"WebPage","@id":"https:\/\/bepcovy.azdigi.shop\/index.php\/san-pham\/entremet-letter\/","url":"https:\/\/bepcovy.azdigi.shop\/index.php\/san-pham\/entremet-letter\/","name":"B\u00e1nh Entremet Cherry M\u1ec1m M\u1ecbn | Cao C\u1ea5p | B\u1ebfp C\u00f4 Vy","isPartOf":{"@id":"https:\/\/bepcovy.azdigi.shop\/#website"},"primaryImageOfPage":{"@id":"https:\/\/bepcovy.azdigi.shop\/index.php\/san-pham\/entremet-letter\/#primaryimage"},"image":{"@id":"https:\/\/bepcovy.azdigi.shop\/index.php\/san-pham\/entremet-letter\/#primaryimage"},"thumbnailUrl":"https:\/\/bepcovy.azdigi.shop\/wp-content\/uploads\/2026\/04\/16-800x1200-1.jpg","datePublished":"2026-04-04T03:55:12+00:00","dateModified":"2026-04-10T18:44:49+00:00","description":"Entremet Letter - B\u00e1nh entremet cherry chocolate m\u1ec1m m\u1ecbn, chua ng\u1ecdt h\u00e0i h\u00f2a, ph\u1ee7 l\u1edbp mirror glaze \u0111\u1ecf sang tr\u1ecdng \u2013 l\u1ef1a ch\u1ecdn ho\u00e0n h\u1ea3o cho d\u1ecbp \u0111\u1eb7c bi\u1ec7t.","breadcrumb":{"@id":"https:\/\/bepcovy.azdigi.shop\/index.php\/san-pham\/entremet-letter\/#breadcrumb"},"inLanguage":"vi","potentialAction":[{"@type":"ReadAction","target":["https:\/\/bepcovy.azdigi.shop\/index.php\/san-pham\/entremet-letter\/"]}]},{"@type":"ImageObject","inLanguage":"vi","@id":"https:\/\/bepcovy.azdigi.shop\/index.php\/san-pham\/entremet-letter\/#primaryimage","url":"https:\/\/bepcovy.azdigi.shop\/wp-content\/uploads\/2026\/04\/16-800x1200-1.jpg","contentUrl":"https:\/\/bepcovy.azdigi.shop\/wp-content\/uploads\/2026\/04\/16-800x1200-1.jpg","width":800,"height":1200},{"@type":"BreadcrumbList","@id":"https:\/\/bepcovy.azdigi.shop\/index.php\/san-pham\/entremet-letter\/#breadcrumb","itemListElement":[{"@type":"ListItem","position":1,"name":"Trang ch\u1ee7","item":"https:\/\/bepcovy.azdigi.shop\/"},{"@type":"ListItem","position":2,"name":"C\u1eeda h\u00e0ng","item":"https:\/\/bepcovy.azdigi.shop\/index.php\/cua-hang\/"},{"@type":"ListItem","position":3,"name":"Entremet Letter"}]},{"@type":"WebSite","@id":"https:\/\/bepcovy.azdigi.shop\/#website","url":"https:\/\/bepcovy.azdigi.shop\/","name":"B\u1ebfp C\u00f4 Vy","description":"","potentialAction":[{"@type":"SearchAction","target":{"@type":"EntryPoint","urlTemplate":"https:\/\/bepcovy.azdigi.shop\/?s={search_term_string}"},"query-input":{"@type":"PropertyValueSpecification","valueRequired":true,"valueName":"search_term_string"}}],"inLanguage":"vi"}]}},"_links":{"self":[{"href":"https:\/\/bepcovy.azdigi.shop\/index.php\/wp-json\/wp\/v2\/product\/182","targetHints":{"allow":["GET"]}}],"collection":[{"href":"https:\/\/bepcovy.azdigi.shop\/index.php\/wp-json\/wp\/v2\/product"}],"about":[{"href":"https:\/\/bepcovy.azdigi.shop\/index.php\/wp-json\/wp\/v2\/types\/product"}],"replies":[{"embeddable":true,"href":"https:\/\/bepcovy.azdigi.shop\/index.php\/wp-json\/wp\/v2\/comments?post=182"}],"wp:featuredmedia":[{"embeddable":true,"href":"https:\/\/bepcovy.azdigi.shop\/index.php\/wp-json\/wp\/v2\/media\/183"}],"wp:attachment":[{"href":"https:\/\/bepcovy.azdigi.shop\/index.php\/wp-json\/wp\/v2\/media?parent=182"}],"wp:term":[{"taxonomy":"product_brand","embeddable":true,"href":"https:\/\/bepcovy.azdigi.shop\/index.php\/wp-json\/wp\/v2\/product_brand?post=182"},{"taxonomy":"product_cat","embeddable":true,"href":"https:\/\/bepcovy.azdigi.shop\/index.php\/wp-json\/wp\/v2\/product_cat?post=182"},{"taxonomy":"product_tag","embeddable":true,"href":"https:\/\/bepcovy.azdigi.shop\/index.php\/wp-json\/wp\/v2\/product_tag?post=182"}],"curies":[{"name":"wp","href":"https:\/\/api.w.org\/{rel}","templated":true}]}}