{"id":143,"date":"2026-04-03T11:26:01","date_gmt":"2026-04-03T11:26:01","guid":{"rendered":"https:\/\/bepcovy.azdigi.shop\/?post_type=product&#038;p=143"},"modified":"2026-04-10T18:46:25","modified_gmt":"2026-04-10T18:46:25","slug":"entremet-sakura","status":"publish","type":"product","link":"https:\/\/bepcovy.azdigi.shop\/index.php\/san-pham\/entremet-sakura\/","title":{"rendered":"Entremet Sakura"},"content":{"rendered":"<p>&nbsp;<\/p>\n<p><strong>Entremet Sakura <\/strong>l\u00e0 d\u00f2ng b\u00e1nh cao c\u1ea5p l\u1ea5y c\u1ea3m h\u1ee9ng t\u1eeb hoa anh \u0111\u00e0o Nh\u1eadt B\u1ea3n. V\u1edbi l\u1edbp mousse m\u1ec1m m\u1ecbn, v\u1ecb thanh nh\u1eb9 v\u00e0 m\u00e0u s\u1eafc d\u1ecbu d\u00e0ng, chi\u1ebfc b\u00e1nh mang \u0111\u1ebfn tr\u1ea3i nghi\u1ec7m v\u1eeba \u0111\u1eb9p m\u1eaft v\u1eeba ngon mi\u1ec7ng.<\/p>\n<p><strong>H\u01b0\u01a1ng v\u1ecb:<\/strong>\u00a0Chua ng\u1ecdt d\u1ecbu nh\u1eb9 \u2013 h\u01b0\u01a1ng th\u01a1m \u0111\u1eb7c tr\u01b0ng c\u1ee7a tr\u00e0 v\u00e0 hoa h\u1ed3ng \u2013 Ng\u1ecdt nh\u1eb9 c\u1ee7a socola<\/p>\n<p><strong>C\u1ea5u tr\u00fac b\u00e1nh:<\/strong><\/p>\n<p>Ph\u1ea7n th\u00e2n b\u00e1nh g\u1ed3m c\u00e1c l\u1edbp ch\u00ednh:<\/p>\n<p>+ Mousse\u00a0tiramisu \u0111\u01b0\u1ee3c \u1ee7 c\u00f9ng tr\u00e0 b\u00e1 t\u01b0\u1edbc<\/p>\n<p>+ B\u00e1nh b\u00f4ng lan hoa h\u1ed3ng v\u1edbi c\u00e1c c\u00e1nh h\u1ed3ng s\u1ea5y<\/p>\n<p>+ L\u1edbp nh\u00e2n v\u1ea3i hoa h\u1ed3ng chua ng\u1ecdt.<\/p>\n<p>Ph\u1ea7n trang tr\u00ed: \u0111\u1ed5 mirror glaze (tr\u00e1ng g\u01b0\u01a1ng) m\u00e0u h\u1ed3ng v\u00e0 trang tr\u00ed b\u1eb1ng chocolate tr\u1eafng v\u00e0 hoa b\u1eb1ng gumpaste.<\/p>\n<p><strong>B\u1ea3o qu\u1ea3n:<\/strong>\u00a0B\u00e1nh n\u00ean \u0111\u01b0\u1ee3c d\u00f9ng trong ng\u00e0y v\u00e0 ngon h\u01a1n khi b\u1ea3o qu\u1ea3n l\u1ea1nh tr\u01b0\u1edbc khi th\u01b0\u1edfng th\u1ee9c.<\/p>\n<p><strong>Ph\u1ee5 ki\u1ec7n t\u1eb7ng k\u00e8m:<\/strong><\/p>\n<p>+ 1 dao c\u1eaft b\u00e1nh<\/p>\n<p>+ 1 b\u1ed9 d\u0129a v\u00e0 mu\u1ed7ng<\/p>\n<p>+ H\u1ed9p n\u1ebfn nh\u1ecf<\/p>\n<p><strong>Ph\u00e2n lo\u1ea1i:<\/strong>\u00a0B\u00e1nh Entremet<\/p>\n","protected":false},"excerpt":{"rendered":"<div class=\"xdj266r x14z9mp xat24cr x1lziwak x1vvkbs x126k92a\">\n<div dir=\"auto\">ENTREMET SAKURA: K\u1ebeT C\u1ea4U \u0110A T\u1ea6NG C\u1ee6A H\u01af\u01a0NG HOA V\u00c0 V\u1eca TR\u00c0<\/div>\n<\/div>\n<div class=\"x14z9mp xat24cr x1lziwak x1vvkbs xtlvy1s x126k92a\">\n<div dir=\"auto\">B\u1ebfp C\u00f4 Vy ra m\u1eaft \ud835\udc04\ud835\udc27\ud835\udc2d\ud835\udc2b\ud835\udc1e\ud835\udc26\ud835\udc1e\ud835\udc2d \ud835\udc12\ud835\udc1a\ud835\udc24\ud835\udc2e\ud835\udc2b\ud835\udc1a, k\u1ec3 c\u00e2u chuy\u1ec7n v\u1ec1 Layers of Her qua t\u1eebng t\u1ea7ng h\u01b0\u01a1ng v\u1ecb.<\/div>\n<\/div>\n<div class=\"x14z9mp xat24cr x1lziwak x1vvkbs xtlvy1s x126k92a\">\n<div dir=\"auto\">V\u1ebb \u0111\u1eb9p r\u1ea1ng r\u1ee1 m\u00e0 ph\u00e1i n\u1eef lu\u00f4n mang \u0111\u1ebfn th\u1ebf gi\u1edbi n\u00e0y d\u01b0\u1eddng nh\u01b0 \u0111\u01b0\u1ee3c kh\u1eafc h\u1ecda qua l\u1edbp ph\u1ee7 tr\u00e1ng g\u01b0\u01a1ng m\u00e0u h\u1ed3ng ph\u1ea5n b\u00f3ng b\u1ea9y, \u0111i\u1ec3m xuy\u1ebft nh\u1eb9 nh\u00e0ng b\u1eb1ng nh\u1eefng b\u00f4ng hoa Sakura b\u1eb1ng gumpaste v\u00e0 chocolate tr\u1eafng tinh x\u1ea3o.<\/div>\n<\/div>\n<div class=\"x14z9mp xat24cr x1lziwak x1vvkbs xtlvy1s x126k92a\">\n<div dir=\"auto\">Th\u1ebf nh\u01b0ng, s\u1ef1 quy\u1ebfn r\u0169 th\u1ef1c s\u1ef1 l\u1ea1i n\u1eb1m \u1edf c\u1ea5u tr\u00fac \u0111a t\u1ea7ng \u1ea9n gi\u1ea5u b\u00ean trong, n\u01a1i nh\u1eefng h\u01b0\u01a1ng v\u1ecb \u0111\u1ed1i l\u1eadp c\u00f9ng h\u00f2a quy\u1ec7n \u0111\u1ec3 t\u1ea1o n\u00ean m\u1ed9t t\u1ed5ng th\u1ec3 ho\u00e0n h\u1ea3o.<\/div>\n<\/div>\n<div class=\"x14z9mp xat24cr x1lziwak x1vvkbs xtlvy1s x126k92a\">\n<ul>\n<li dir=\"auto\">Khi th\u00eca x\u1eafn nh\u1eb9 qua l\u1edbp tr\u00e1ng g\u01b0\u01a1ng, b\u1ea1n s\u1ebd ch\u1ea1m \u0111\u1ebfn l\u1edbp mousse Tiramisu Earl Grey m\u1ec1m tan, b\u00e9o ng\u1eady nh\u01b0ng l\u1ea1i th\u01a1m ng\u00e1t m\u00f9i tr\u00e0 \u1ee7 l\u1ea1nh.<\/li>\n<li dir=\"auto\">H\u00e0nh tr\u00ecnh v\u1ecb gi\u00e1c ti\u1ebfp n\u1ed1i v\u1edbi s\u1ef1 b\u00f9ng n\u1ed5 t\u01b0\u01a1i m\u1edbi c\u1ee7a t\u1ea7ng nh\u00e2n V\u1ea3i Hoa H\u1ed3ng chua ng\u1ecdt, t\u1ea5t c\u1ea3 \u0111\u01b0\u1ee3c c\u00e2n b\u1eb1ng tr\u1ecdn v\u1eb9n tr\u00ean n\u1ec1n c\u1ed1t b\u00e1nh b\u00f4ng lan l\u1eabn nh\u1eefng c\u00e1nh h\u1ed3ng s\u1ea5y th\u01a1 m\u1ed9ng.<\/li>\n<\/ul>\n<\/div>\n<div class=\"x14z9mp xat24cr x1lziwak x1vvkbs xtlvy1s x126k92a\">\n<div dir=\"auto\">M\u1ed9t s\u1ef1 k\u1ebft h\u1ee3p v\u1eeba v\u1eb7n gi\u1eefa h\u01b0\u01a1ng hoa v\u00e0 v\u1ecb tr\u00e0, thanh tao nh\u01b0 ch\u00ednh kh\u00ed ch\u1ea5t c\u1ee7a ng\u01b0\u1eddi ph\u1ee5 n\u1eef b\u1ea1n y\u00eau th\u01b0\u01a1ng. K\u00edch th\u01b0\u1edbc 18cm ho\u00e0n h\u1ea3o cho nh\u1eefng b\u1eefa ti\u1ec7c tr\u00e0 \u1ea5m c\u00fang t\u00f4n vinh ph\u00e1i \u0111\u1eb9p.<\/div>\n<\/div>\n","protected":false},"featured_media":144,"comment_status":"open","ping_status":"closed","template":"","meta":[],"product_brand":[],"product_cat":[16,27],"product_tag":[],"class_list":{"0":"post-143","1":"product","2":"type-product","3":"status-publish","4":"has-post-thumbnail","6":"product_cat-chua-phan-loai","7":"product_cat-banh-entremet","9":"first","10":"instock","11":"shipping-taxable","12":"purchasable","13":"product-type-simple"},"yoast_head":"<!-- This site is optimized with the Yoast SEO plugin v27.1.1 - https:\/\/yoast.com\/product\/yoast-seo-wordpress\/ -->\n<title>Entremet Sakura Cao C\u1ea5p | B\u1ebfp C\u00f4 VY<\/title>\n<meta name=\"description\" content=\"Entremet sakura m\u1ec1m m\u1ecbn, h\u01b0\u01a1ng hoa anh \u0111\u00e0o thanh nh\u1eb9, b\u00e1nh cao c\u1ea5p cho m\u1ecdi d\u1ecbp \u0111\u1eb7c bi\u1ec7t.\" \/>\n<meta name=\"robots\" content=\"index, follow, max-snippet:-1, max-image-preview:large, max-video-preview:-1\" \/>\n<link rel=\"canonical\" href=\"https:\/\/bepcovy.azdigi.shop\/index.php\/san-pham\/entremet-sakura\/\" \/>\n<meta property=\"og:locale\" content=\"vi_VN\" \/>\n<meta property=\"og:type\" content=\"article\" \/>\n<meta property=\"og:title\" content=\"Entremet Sakura Cao C\u1ea5p | B\u1ebfp C\u00f4 VY\" \/>\n<meta property=\"og:description\" content=\"Entremet sakura m\u1ec1m m\u1ecbn, h\u01b0\u01a1ng hoa anh \u0111\u00e0o thanh nh\u1eb9, b\u00e1nh cao c\u1ea5p cho m\u1ecdi d\u1ecbp \u0111\u1eb7c bi\u1ec7t.\" \/>\n<meta property=\"og:url\" content=\"https:\/\/bepcovy.azdigi.shop\/index.php\/san-pham\/entremet-sakura\/\" \/>\n<meta property=\"og:site_name\" content=\"B\u1ebfp C\u00f4 Vy\" \/>\n<meta property=\"article:modified_time\" content=\"2026-04-10T18:46:25+00:00\" \/>\n<meta property=\"og:image\" content=\"https:\/\/bepcovy.azdigi.shop\/wp-content\/uploads\/2026\/04\/z7688076918548_918b3178952937c8f3797ba822e929a1.jpg\" \/>\n\t<meta property=\"og:image:width\" content=\"692\" \/>\n\t<meta property=\"og:image:height\" content=\"863\" \/>\n\t<meta property=\"og:image:type\" content=\"image\/jpeg\" \/>\n<meta name=\"twitter:card\" content=\"summary_large_image\" \/>\n<meta name=\"twitter:label1\" content=\"\u01af\u1edbc t\u00ednh th\u1eddi gian \u0111\u1ecdc\" \/>\n\t<meta name=\"twitter:data1\" content=\"2 ph\u00fat\" \/>\n<script type=\"application\/ld+json\" class=\"yoast-schema-graph\">{\"@context\":\"https:\/\/schema.org\",\"@graph\":[{\"@type\":\"WebPage\",\"@id\":\"https:\/\/bepcovy.azdigi.shop\/index.php\/san-pham\/entremet-sakura\/\",\"url\":\"https:\/\/bepcovy.azdigi.shop\/index.php\/san-pham\/entremet-sakura\/\",\"name\":\"Entremet Sakura Cao C\u1ea5p | B\u1ebfp C\u00f4 VY\",\"isPartOf\":{\"@id\":\"https:\/\/bepcovy.azdigi.shop\/#website\"},\"primaryImageOfPage\":{\"@id\":\"https:\/\/bepcovy.azdigi.shop\/index.php\/san-pham\/entremet-sakura\/#primaryimage\"},\"image\":{\"@id\":\"https:\/\/bepcovy.azdigi.shop\/index.php\/san-pham\/entremet-sakura\/#primaryimage\"},\"thumbnailUrl\":\"https:\/\/bepcovy.azdigi.shop\/wp-content\/uploads\/2026\/04\/z7688076918548_918b3178952937c8f3797ba822e929a1.jpg\",\"datePublished\":\"2026-04-03T11:26:01+00:00\",\"dateModified\":\"2026-04-10T18:46:25+00:00\",\"description\":\"Entremet sakura m\u1ec1m m\u1ecbn, h\u01b0\u01a1ng hoa anh \u0111\u00e0o thanh nh\u1eb9, b\u00e1nh cao c\u1ea5p cho m\u1ecdi d\u1ecbp \u0111\u1eb7c bi\u1ec7t.\",\"breadcrumb\":{\"@id\":\"https:\/\/bepcovy.azdigi.shop\/index.php\/san-pham\/entremet-sakura\/#breadcrumb\"},\"inLanguage\":\"vi\",\"potentialAction\":[{\"@type\":\"ReadAction\",\"target\":[\"https:\/\/bepcovy.azdigi.shop\/index.php\/san-pham\/entremet-sakura\/\"]}]},{\"@type\":\"ImageObject\",\"inLanguage\":\"vi\",\"@id\":\"https:\/\/bepcovy.azdigi.shop\/index.php\/san-pham\/entremet-sakura\/#primaryimage\",\"url\":\"https:\/\/bepcovy.azdigi.shop\/wp-content\/uploads\/2026\/04\/z7688076918548_918b3178952937c8f3797ba822e929a1.jpg\",\"contentUrl\":\"https:\/\/bepcovy.azdigi.shop\/wp-content\/uploads\/2026\/04\/z7688076918548_918b3178952937c8f3797ba822e929a1.jpg\",\"width\":692,\"height\":863},{\"@type\":\"BreadcrumbList\",\"@id\":\"https:\/\/bepcovy.azdigi.shop\/index.php\/san-pham\/entremet-sakura\/#breadcrumb\",\"itemListElement\":[{\"@type\":\"ListItem\",\"position\":1,\"name\":\"Trang ch\u1ee7\",\"item\":\"https:\/\/bepcovy.azdigi.shop\/\"},{\"@type\":\"ListItem\",\"position\":2,\"name\":\"C\u1eeda h\u00e0ng\",\"item\":\"https:\/\/bepcovy.azdigi.shop\/index.php\/cua-hang\/\"},{\"@type\":\"ListItem\",\"position\":3,\"name\":\"Entremet Sakura\"}]},{\"@type\":\"WebSite\",\"@id\":\"https:\/\/bepcovy.azdigi.shop\/#website\",\"url\":\"https:\/\/bepcovy.azdigi.shop\/\",\"name\":\"B\u1ebfp C\u00f4 Vy\",\"description\":\"\",\"potentialAction\":[{\"@type\":\"SearchAction\",\"target\":{\"@type\":\"EntryPoint\",\"urlTemplate\":\"https:\/\/bepcovy.azdigi.shop\/?s={search_term_string}\"},\"query-input\":{\"@type\":\"PropertyValueSpecification\",\"valueRequired\":true,\"valueName\":\"search_term_string\"}}],\"inLanguage\":\"vi\"}]}<\/script>\n<!-- \/ Yoast SEO plugin. -->","yoast_head_json":{"title":"Entremet Sakura Cao C\u1ea5p | B\u1ebfp C\u00f4 VY","description":"Entremet sakura m\u1ec1m m\u1ecbn, h\u01b0\u01a1ng hoa anh \u0111\u00e0o thanh nh\u1eb9, b\u00e1nh cao c\u1ea5p cho m\u1ecdi d\u1ecbp \u0111\u1eb7c bi\u1ec7t.","robots":{"index":"index","follow":"follow","max-snippet":"max-snippet:-1","max-image-preview":"max-image-preview:large","max-video-preview":"max-video-preview:-1"},"canonical":"https:\/\/bepcovy.azdigi.shop\/index.php\/san-pham\/entremet-sakura\/","og_locale":"vi_VN","og_type":"article","og_title":"Entremet Sakura Cao C\u1ea5p | B\u1ebfp C\u00f4 VY","og_description":"Entremet sakura m\u1ec1m m\u1ecbn, h\u01b0\u01a1ng hoa anh \u0111\u00e0o thanh nh\u1eb9, b\u00e1nh cao c\u1ea5p cho m\u1ecdi d\u1ecbp \u0111\u1eb7c bi\u1ec7t.","og_url":"https:\/\/bepcovy.azdigi.shop\/index.php\/san-pham\/entremet-sakura\/","og_site_name":"B\u1ebfp C\u00f4 Vy","article_modified_time":"2026-04-10T18:46:25+00:00","og_image":[{"width":692,"height":863,"url":"https:\/\/bepcovy.azdigi.shop\/wp-content\/uploads\/2026\/04\/z7688076918548_918b3178952937c8f3797ba822e929a1.jpg","type":"image\/jpeg"}],"twitter_card":"summary_large_image","twitter_misc":{"\u01af\u1edbc t\u00ednh th\u1eddi gian \u0111\u1ecdc":"2 ph\u00fat"},"schema":{"@context":"https:\/\/schema.org","@graph":[{"@type":"WebPage","@id":"https:\/\/bepcovy.azdigi.shop\/index.php\/san-pham\/entremet-sakura\/","url":"https:\/\/bepcovy.azdigi.shop\/index.php\/san-pham\/entremet-sakura\/","name":"Entremet Sakura Cao C\u1ea5p | B\u1ebfp C\u00f4 VY","isPartOf":{"@id":"https:\/\/bepcovy.azdigi.shop\/#website"},"primaryImageOfPage":{"@id":"https:\/\/bepcovy.azdigi.shop\/index.php\/san-pham\/entremet-sakura\/#primaryimage"},"image":{"@id":"https:\/\/bepcovy.azdigi.shop\/index.php\/san-pham\/entremet-sakura\/#primaryimage"},"thumbnailUrl":"https:\/\/bepcovy.azdigi.shop\/wp-content\/uploads\/2026\/04\/z7688076918548_918b3178952937c8f3797ba822e929a1.jpg","datePublished":"2026-04-03T11:26:01+00:00","dateModified":"2026-04-10T18:46:25+00:00","description":"Entremet sakura m\u1ec1m m\u1ecbn, h\u01b0\u01a1ng hoa anh \u0111\u00e0o thanh nh\u1eb9, b\u00e1nh cao c\u1ea5p cho m\u1ecdi d\u1ecbp \u0111\u1eb7c bi\u1ec7t.","breadcrumb":{"@id":"https:\/\/bepcovy.azdigi.shop\/index.php\/san-pham\/entremet-sakura\/#breadcrumb"},"inLanguage":"vi","potentialAction":[{"@type":"ReadAction","target":["https:\/\/bepcovy.azdigi.shop\/index.php\/san-pham\/entremet-sakura\/"]}]},{"@type":"ImageObject","inLanguage":"vi","@id":"https:\/\/bepcovy.azdigi.shop\/index.php\/san-pham\/entremet-sakura\/#primaryimage","url":"https:\/\/bepcovy.azdigi.shop\/wp-content\/uploads\/2026\/04\/z7688076918548_918b3178952937c8f3797ba822e929a1.jpg","contentUrl":"https:\/\/bepcovy.azdigi.shop\/wp-content\/uploads\/2026\/04\/z7688076918548_918b3178952937c8f3797ba822e929a1.jpg","width":692,"height":863},{"@type":"BreadcrumbList","@id":"https:\/\/bepcovy.azdigi.shop\/index.php\/san-pham\/entremet-sakura\/#breadcrumb","itemListElement":[{"@type":"ListItem","position":1,"name":"Trang ch\u1ee7","item":"https:\/\/bepcovy.azdigi.shop\/"},{"@type":"ListItem","position":2,"name":"C\u1eeda h\u00e0ng","item":"https:\/\/bepcovy.azdigi.shop\/index.php\/cua-hang\/"},{"@type":"ListItem","position":3,"name":"Entremet Sakura"}]},{"@type":"WebSite","@id":"https:\/\/bepcovy.azdigi.shop\/#website","url":"https:\/\/bepcovy.azdigi.shop\/","name":"B\u1ebfp C\u00f4 Vy","description":"","potentialAction":[{"@type":"SearchAction","target":{"@type":"EntryPoint","urlTemplate":"https:\/\/bepcovy.azdigi.shop\/?s={search_term_string}"},"query-input":{"@type":"PropertyValueSpecification","valueRequired":true,"valueName":"search_term_string"}}],"inLanguage":"vi"}]}},"_links":{"self":[{"href":"https:\/\/bepcovy.azdigi.shop\/index.php\/wp-json\/wp\/v2\/product\/143","targetHints":{"allow":["GET"]}}],"collection":[{"href":"https:\/\/bepcovy.azdigi.shop\/index.php\/wp-json\/wp\/v2\/product"}],"about":[{"href":"https:\/\/bepcovy.azdigi.shop\/index.php\/wp-json\/wp\/v2\/types\/product"}],"replies":[{"embeddable":true,"href":"https:\/\/bepcovy.azdigi.shop\/index.php\/wp-json\/wp\/v2\/comments?post=143"}],"wp:featuredmedia":[{"embeddable":true,"href":"https:\/\/bepcovy.azdigi.shop\/index.php\/wp-json\/wp\/v2\/media\/144"}],"wp:attachment":[{"href":"https:\/\/bepcovy.azdigi.shop\/index.php\/wp-json\/wp\/v2\/media?parent=143"}],"wp:term":[{"taxonomy":"product_brand","embeddable":true,"href":"https:\/\/bepcovy.azdigi.shop\/index.php\/wp-json\/wp\/v2\/product_brand?post=143"},{"taxonomy":"product_cat","embeddable":true,"href":"https:\/\/bepcovy.azdigi.shop\/index.php\/wp-json\/wp\/v2\/product_cat?post=143"},{"taxonomy":"product_tag","embeddable":true,"href":"https:\/\/bepcovy.azdigi.shop\/index.php\/wp-json\/wp\/v2\/product_tag?post=143"}],"curies":[{"name":"wp","href":"https:\/\/api.w.org\/{rel}","templated":true}]}}